{"id":699,"date":"2021-02-01T17:10:57","date_gmt":"2021-02-01T16:10:57","guid":{"rendered":"https:\/\/wordpress.nibis.de\/dbrs\/?page_id=699"},"modified":"2021-02-01T17:53:25","modified_gmt":"2021-02-01T16:53:25","slug":"schwerpunktklassen-ab-klasse-8","status":"publish","type":"page","link":"https:\/\/wordpress.nibis.de\/dbrs\/schwerpunktklassen-ab-klasse-8\/","title":{"rendered":"iPad \/ bilingual \/ Sch\u00fclerfirma &#8211; unsere Schwerpunktklassen ab Klasse 8"},"content":{"rendered":"\n<p><strong>a) Bilinguale Klasse (\u201eBili-Klasse\u201c)<\/strong><\/p>\n<p>Sch\u00fclerinnen und Sch\u00fcler der \u201eBili-Klasse\u201c bekommen bereits ab der 5. Klasse eine Doppelstunde mehr Englischunterricht, d.h. drei statt zwei Doppelstunden pro Woche.<\/p>\n<p>Von der 6. bis zur 10. Klasse wird das Fach Erdkunde durchg\u00e4ngig zweist\u00fcndig auf Englisch unterrichtet. Alle Lehrb\u00fccher und Atlanten sind englischsprachig. Alle Themen des regul\u00e4ren Erdkundeunterrichtes werden auf Englisch behandelt.<\/p>\n<p>Zum Ende der 7. Klasse haben bei uns alle Sch\u00fclerInnen noch einmal die M\u00f6glichkeit, ihren Schwerpunkt neu zu w\u00e4hlen. So kann der bilinguale Schwerpunkt auch abgew\u00e4hlt werden.<\/p>\n<p>Ab der 8. Klasse k\u00f6nnen auch bilinguale Wahlpflichtkurse zus\u00e4tzlich gew\u00e4hlt werden.<\/p>\n<p><strong>&nbsp;<\/strong><\/p>\n<p>\u201eBili-Sch\u00fclerInnen\u201c lernen einen sicheren Umgang mit der Weltsprache Englisch, haben meist gute Englischnoten, einen gr\u00f6\u00dferen Wortschatz und schneiden bei den Abschlusspr\u00fcfungen im Fach Englisch besser ab, so dass der \u00dcbergang an eine weiterf\u00fchrende Schule in diesem Fach leichter f\u00e4llt.<\/p>\n<p>Wann ist die &#8222;Bili-Klasse&#8220; die richtige Wahl f\u00fcr Ihr Kind?<\/p>\n<ul>\n<li>Wenn Ihr Kind in der Grundschule bereits gute bis sehr gute Englischnoten hatte, sich f\u00fcr die Sprache begeistert oder fremdsprachlich begabt ist<\/li>\n<li>Wenn Ihr Kind bereit ist, regelm\u00e4\u00dfig neue Vokabeln zu lernen und gerne mit Texten arbeitet.<\/li>\n<li>Wenn Sie zuhause bereits Englisch als Erst-\/Zweitsprache sprechen.<\/li>\n<\/ul>\n<p><strong>b) iPad-Klasse<br><\/strong><\/p>\n<p>Ab der 8. Klasse bieten wir als eine Schwerpunktklasse die iPad-Klasse an.<\/p>\n<p>In der iPad-Klasse wird das Medium iPad zus\u00e4tzlich zu \u00fcblichen Lehr- und Lernmaterialien eingesetzt.<\/p>\n<p>Papier und Stift sollen durch das iPad sinnvoll erg\u00e4nzt werden.<\/p>\n<p><strong>Wie kann das iPad den Unterricht bereichern?<\/strong><\/p>\n<p>Aufgabenformate k\u00f6nnen erweitert und individualisiert werden.<\/p>\n<p>Sch\u00fclerinnen und Sch\u00fcler lernen z.B. Dokumente zu bearbeiten, Mind-Maps, Pr\u00e4sentationen und Lernvideos zu erstellen.<\/p>\n<p>Das selbst\u00e4ndige Recherchieren und das Darstellen von Lerninhalten kann dabei durch iTunes Kurse im individuellen Lerntempo durchgef\u00fchrt werden.<\/p>\n<p>Im Sprachunterricht k\u00f6nnen durch Aufnahmen mehr Sprachanl\u00e4sse geschaffen werden, welche von den Sch\u00fclern selber analysiert und korrigiert werden k\u00f6nnen.<\/p>\n<p>Durch diese vielen M\u00f6glichkeiten k\u00f6nnen die Sch\u00fcler zeitgleich auf unterschiedlichen Ebenen arbeiten, so dass wir jedem besser gerecht werden k\u00f6nnen.<\/p>\n<p>Das iPad f\u00f6rdert das selbstst\u00e4ndige Arbeiten der Sch\u00fcler, da sie lernen, sich und ihre F\u00e4higkeiten besser einzusch\u00e4tzen.<br>Am Ende der 10. Klasse k\u00f6nnen unsere Sch\u00fclerinnen und Sch\u00fcler das iPad gut und sinnvoll als Arbeitsmittel einsetzen.<\/p>\n<p><strong>Wie organisieren wir den iPad-Unterricht?<\/strong><\/p>\n<p>Wir arbeiten eng mit einer Firma zusammen.<\/p>\n<p>Unsere Sch\u00fclerinnen und Sch\u00fclern beziehen die Schul-iPads \u00fcber diese Firma.<\/p>\n<p>Sie werden dann in unser System eingebunden.<\/p>\n<p>Damit erhalten alle Sch\u00fclerinnen und Sch\u00fcler von uns festgelegte Apps zur Verf\u00fcgung gestellt.<\/p>\n<p>Die Lehrkr\u00e4fte haben die M\u00f6glichkeit w\u00e4hrend das Unterrichts den Zugang auf bestimmte Apps zu beschr\u00e4nken, um eine Ablenkung durch Spiele und Messenger zu vermeiden.<\/p>\n<p>Alle Klassenr\u00e4ume der iPad- Klassen sind mit WLan, interaktiven Tafeln und Apple-TV ausgestattet.<\/p>\n<p><strong>c) Schwerpunktklasse Sch\u00fclerfirma<\/strong><\/p>\n<p>Unsere Sch\u00fclerfirma \u201eHappy Breakfast\u201c bietet 3 Mal in der Woche ein gesundes Fr\u00fchst\u00fcck f\u00fcr ihre Mitsch\u00fcler und auch alle Lehrer an. Organisiert wird dies jeweils durch eine der drei Schwerpunktklassen \u201eSch\u00fclerfirma\u201c der Jahrg\u00e4nge 8-10. Zum Angebot geh\u00f6ren Br\u00f6tchen oder Vollkornbrote variantenreich belegt, Quarkspeisen, Obstsalat, deftige oder s\u00fc\u00dfe Muffins oder gesunde Pizzabaguettes und vieles mehr. Damit tragen wir mehr und mehr zu einer gesundheitsf\u00f6rdernden Ern\u00e4hrung unserer Sch\u00fcler bei, da sie erfahren, dass gesunde, vollwertige Ern\u00e4hrung zugleich sehr lecker sein kann. Viele Zutaten werden in Bioqualit\u00e4t und saisonal eingekauft oder sind fair gehandelte Produkte. Als Fairtrade-Schule ist uns im Sinne der Nachhaltigkeit auch dieser Aspekt besonders wichtig.<\/p>\n<p>Wir engagieren uns auch am Tag der offenen T\u00fcr, an Schulfesten oder bei der Vocatium, der gro\u00dfen Berufsmesse im CCH. Dort \u00fcbernehmen wir das Catering f\u00fcr \u00fcber 1000 Teilnehmer!<br>Auf Anfrage nimmt die Sch\u00fclerfirma auch Bestellungen f\u00fcr Lehrergeburtstage und -verabschiedungen oder sonstige Veranstaltungen entgegen.<\/p>\n<p>Durch die Arbeit der Sch\u00fclerfirma-Klassen in ihrem \u201eeigenen Unternehmen\u201c werden wichtige Schl\u00fcsselkompetenzen wie Eigeninitiative, Verantwortungsbewusstsein und Kreativit\u00e4t gef\u00f6rdert, unternehmerisches Denken und Handeln angeregt und die Pers\u00f6nlichkeitsbildung insgesamt positiv beeinflusst.<\/p>\n<p>Durch regelm\u00e4\u00dfige Evaluationen entwickeln wir unsere Angebote laufend weiter.<\/p>\n<p>&nbsp;<\/p>\n","protected":false},"excerpt":{"rendered":"<p>a) Bilinguale Klasse (\u201eBili-Klasse\u201c) Sch\u00fclerinnen und Sch\u00fcler der \u201eBili-Klasse\u201c bekommen bereits ab der 5. Klasse eine Doppelstunde mehr Englischunterricht, d.h. drei statt zwei Doppelstunden pro Woche. Von der 6. bis zur 10. Klasse wird das Fach Erdkunde durchg\u00e4ngig zweist\u00fcndig auf Englisch unterrichtet. Alle Lehrb\u00fccher und Atlanten sind englischsprachig. Alle Themen des regul\u00e4ren Erdkundeunterrichtes werden auf [&hellip;]<\/p>\n","protected":false},"author":9192896,"featured_media":0,"parent":0,"menu_order":0,"comment_status":"closed","ping_status":"closed","template":"","meta":{"footnotes":""},"class_list":["post-699","page","type-page","status-publish","hentry"],"_links":{"self":[{"href":"https:\/\/wordpress.nibis.de\/dbrs\/wp-json\/wp\/v2\/pages\/699","targetHints":{"allow":["GET"]}}],"collection":[{"href":"https:\/\/wordpress.nibis.de\/dbrs\/wp-json\/wp\/v2\/pages"}],"about":[{"href":"https:\/\/wordpress.nibis.de\/dbrs\/wp-json\/wp\/v2\/types\/page"}],"author":[{"embeddable":true,"href":"https:\/\/wordpress.nibis.de\/dbrs\/wp-json\/wp\/v2\/users\/9192896"}],"replies":[{"embeddable":true,"href":"https:\/\/wordpress.nibis.de\/dbrs\/wp-json\/wp\/v2\/comments?post=699"}],"version-history":[{"count":6,"href":"https:\/\/wordpress.nibis.de\/dbrs\/wp-json\/wp\/v2\/pages\/699\/revisions"}],"predecessor-version":[{"id":721,"href":"https:\/\/wordpress.nibis.de\/dbrs\/wp-json\/wp\/v2\/pages\/699\/revisions\/721"}],"wp:attachment":[{"href":"https:\/\/wordpress.nibis.de\/dbrs\/wp-json\/wp\/v2\/media?parent=699"}],"curies":[{"name":"wp","href":"https:\/\/api.w.org\/{rel}","templated":true}]}}