{"id":1011,"date":"2023-05-03T19:45:49","date_gmt":"2023-05-03T17:45:49","guid":{"rendered":"https:\/\/wordpress.nibis.de\/dfrsmue\/?page_id=1011"},"modified":"2026-03-05T11:51:08","modified_gmt":"2026-03-05T10:51:08","slug":"hausmeister","status":"publish","type":"page","link":"https:\/\/wordpress.nibis.de\/dfrsmue\/hausmeister\/","title":{"rendered":"Hausmeister"},"content":{"rendered":"\n<div class=\"wp-block-group alignfull\"><div class=\"wp-block-group__inner-container is-layout-flow wp-block-group-is-layout-flow\">\n<div class=\"wp-block-media-text alignwide has-media-on-the-right is-stacked-on-mobile tw-stack-md\" style=\"grid-template-columns:auto 27%\"><div class=\"wp-block-media-text__content\">\n<h2 class=\"wp-block-heading\">Armin Nu\u00dfbaum<\/h2>\n\n\n\n<p>Der heimliche Chef und die gute Seele unserer Schule. Ohne ihn \u00f6ffnet sich keine T\u00fcr, ohne ihn quietscht jede Tafel, ohne ihn ist der Schulhof im Winter vereist. Wir sind froh, dass wir ihn haben, unseren Hausmeister!<\/p>\n<\/div><figure class=\"wp-block-media-text__media\"><img decoding=\"async\" src=\"https:\/\/wordpress.nibis.de\/dfrsmue\/files\/2024\/04\/Nuss-593x675.jpg\" alt=\"\" class=\"wp-image-1549 size-full\" \/><\/figure><\/div>\n<\/div><\/div>\n\n\n\n<figure class=\"wp-block-image size-full\"><img loading=\"lazy\" decoding=\"async\" width=\"400\" height=\"600\" src=\"https:\/\/wordpress.nibis.de\/dfrsmue\/files\/2026\/03\/12004245.jpg\" alt=\"\" class=\"wp-image-2184\" srcset=\"https:\/\/wordpress.nibis.de\/dfrsmue\/files\/2026\/03\/12004245.jpg 400w, https:\/\/wordpress.nibis.de\/dfrsmue\/files\/2026\/03\/12004245-319x478.jpg 319w, https:\/\/wordpress.nibis.de\/dfrsmue\/files\/2026\/03\/12004245-100x150.jpg 100w\" sizes=\"auto, (max-width: 400px) 100vw, 400px\" \/><\/figure>\n","protected":false},"excerpt":{"rendered":"<p>Armin Nu\u00dfbaum Der heimliche Chef und die gute Seele unserer Schule. Ohne ihn \u00f6ffnet sich keine T\u00fcr, ohne ihn quietscht jede Tafel, ohne ihn ist &hellip; <\/p>\n","protected":false},"author":9194097,"featured_media":0,"parent":0,"menu_order":0,"comment_status":"closed","ping_status":"closed","template":"","meta":{"footnotes":""},"class_list":["post-1011","page","type-page","status-publish","hentry"],"_links":{"self":[{"href":"https:\/\/wordpress.nibis.de\/dfrsmue\/wp-json\/wp\/v2\/pages\/1011","targetHints":{"allow":["GET"]}}],"collection":[{"href":"https:\/\/wordpress.nibis.de\/dfrsmue\/wp-json\/wp\/v2\/pages"}],"about":[{"href":"https:\/\/wordpress.nibis.de\/dfrsmue\/wp-json\/wp\/v2\/types\/page"}],"author":[{"embeddable":true,"href":"https:\/\/wordpress.nibis.de\/dfrsmue\/wp-json\/wp\/v2\/users\/9194097"}],"replies":[{"embeddable":true,"href":"https:\/\/wordpress.nibis.de\/dfrsmue\/wp-json\/wp\/v2\/comments?post=1011"}],"version-history":[{"count":3,"href":"https:\/\/wordpress.nibis.de\/dfrsmue\/wp-json\/wp\/v2\/pages\/1011\/revisions"}],"predecessor-version":[{"id":2186,"href":"https:\/\/wordpress.nibis.de\/dfrsmue\/wp-json\/wp\/v2\/pages\/1011\/revisions\/2186"}],"wp:attachment":[{"href":"https:\/\/wordpress.nibis.de\/dfrsmue\/wp-json\/wp\/v2\/media?parent=1011"}],"curies":[{"name":"wp","href":"https:\/\/api.w.org\/{rel}","templated":true}]}}