{"id":1083,"date":"2023-05-04T11:04:21","date_gmt":"2023-05-04T09:04:21","guid":{"rendered":"https:\/\/wordpress.nibis.de\/dfrsmue\/?page_id=1083"},"modified":"2026-03-31T19:40:39","modified_gmt":"2026-03-31T17:40:39","slug":"willkommen-in-klasse-5","status":"publish","type":"page","link":"https:\/\/wordpress.nibis.de\/dfrsmue\/willkommen-in-klasse-5\/","title":{"rendered":"Willkommen in Klasse 5"},"content":{"rendered":"\n<div class=\"wp-block-group alignfull\"><div class=\"wp-block-group__inner-container is-layout-flow wp-block-group-is-layout-flow\">\n<div class=\"wp-block-media-text alignwide is-stacked-on-mobile tw-stack-md\" style=\"grid-template-columns:49% auto\"><figure class=\"wp-block-media-text__media\"><img loading=\"lazy\" decoding=\"async\" width=\"800\" height=\"600\" src=\"https:\/\/wordpress.nibis.de\/dfrsmue\/files\/2023\/05\/84BD10E0-DC0B-4117-B324-DFDD194D83BB.jpeg\" alt=\"\" class=\"wp-image-1090 size-full\" srcset=\"https:\/\/wordpress.nibis.de\/dfrsmue\/files\/2023\/05\/84BD10E0-DC0B-4117-B324-DFDD194D83BB.jpeg 800w, https:\/\/wordpress.nibis.de\/dfrsmue\/files\/2023\/05\/84BD10E0-DC0B-4117-B324-DFDD194D83BB-637x478.jpeg 637w, https:\/\/wordpress.nibis.de\/dfrsmue\/files\/2023\/05\/84BD10E0-DC0B-4117-B324-DFDD194D83BB-768x576.jpeg 768w\" sizes=\"auto, (max-width: 800px) 100vw, 800px\" \/><\/figure><div class=\"wp-block-media-text__content\">\n<h2 class=\"wp-block-heading\">Haben Sie Interesse?<\/h2>\n\n\n\n<p>Sie m\u00f6chten Ihr Kind bei uns anmelden oder sich einfach nur informieren, ob unsere Schule f\u00fcr Ihr Kind geeignet ist?<br>Hier k\u00f6nnen Sie mit uns Kontakt aufnehmen: <a href=\"https:\/\/wordpress.nibis.de\/dfrsmue\/kontakt-sekretariat\/\">Kontakt<\/a><\/p>\n<\/div><\/div>\n\n\n\n<div class=\"wp-block-media-text alignwide has-media-on-the-right is-stacked-on-mobile tw-stack-md\" style=\"grid-template-columns:auto 32%\"><div class=\"wp-block-media-text__content\">\n<h2 class=\"wp-block-heading\">Das sind wir<\/h2>\n\n\n\n<p>Um sich einen \u00dcberblick \u00fcber unsere Schule zu verschaffen, findet jedes Jahr unser Tag der Offenen T\u00fcr statt. Den Termin f\u00fcr das aktuelle Schuljahr finden Sie im Kalender auf unserer HP.<\/p>\n<\/div><figure class=\"wp-block-media-text__media\"><img loading=\"lazy\" decoding=\"async\" width=\"360\" height=\"480\" src=\"https:\/\/wordpress.nibis.de\/dfrsmue\/files\/2023\/05\/C7C22AED-C4C5-4B57-8C5D-E311C824FB32.jpeg\" alt=\"\" class=\"wp-image-1091 size-full\" srcset=\"https:\/\/wordpress.nibis.de\/dfrsmue\/files\/2023\/05\/C7C22AED-C4C5-4B57-8C5D-E311C824FB32.jpeg 360w, https:\/\/wordpress.nibis.de\/dfrsmue\/files\/2023\/05\/C7C22AED-C4C5-4B57-8C5D-E311C824FB32-359x478.jpeg 359w\" sizes=\"auto, (max-width: 360px) 100vw, 360px\" \/><\/figure><\/div>\n<\/div><\/div>\n\n\n\n<div class=\"wp-block-group alignfull\"><div class=\"wp-block-group__inner-container is-layout-flow wp-block-group-is-layout-flow\">\n<div class=\"wp-block-media-text alignwide is-stacked-on-mobile tw-stack-md\" style=\"grid-template-columns:43% auto\"><figure class=\"wp-block-media-text__media\"><img loading=\"lazy\" decoding=\"async\" width=\"533\" height=\"400\" src=\"https:\/\/wordpress.nibis.de\/dfrsmue\/files\/2022\/11\/hauptgebaeude_neu.jpg\" alt=\"\" class=\"wp-image-115 size-full\" \/><\/figure><div class=\"wp-block-media-text__content\">\n<h2 class=\"wp-block-heading\">Unsere Schule<\/h2>\n\n\n\n<p>Wenn Sie sich dar\u00fcber hinaus einen Eindruck von uns verschaffen m\u00f6chten, schauen Sie einmal hier vorbei: <a rel=\"noreferrer noopener\" href=\"https:\/\/wordpress.nibis.de\/dfrsmue\/unsere-schule\/\" target=\"_blank\">Unsere Schule<\/a><\/p>\n\n\n\n<p><\/p>\n<\/div><\/div>\n\n\n\n<div class=\"wp-block-media-text alignwide has-media-on-the-right is-stacked-on-mobile tw-stack-md\" style=\"grid-template-columns:auto 51%\"><div class=\"wp-block-media-text__content\">\n<h2 class=\"wp-block-heading\">Haben Sie sich bereits f\u00fcr uns entschieden?<\/h2>\n\n\n\n<p><\/p>\n\n\n\n<p>Dann finden sie die notwendigen Formulare unter dem folgenden Link:<\/p>\n\n\n\n<p><\/p>\n<\/div><figure class=\"wp-block-media-text__media\"><img loading=\"lazy\" decoding=\"async\" width=\"640\" height=\"480\" src=\"https:\/\/wordpress.nibis.de\/dfrsmue\/files\/2023\/05\/D37E9369-E401-450B-8F91-A29C1A331E12.jpeg\" alt=\"\" class=\"wp-image-1092 size-full\" srcset=\"https:\/\/wordpress.nibis.de\/dfrsmue\/files\/2023\/05\/D37E9369-E401-450B-8F91-A29C1A331E12.jpeg 640w, https:\/\/wordpress.nibis.de\/dfrsmue\/files\/2023\/05\/D37E9369-E401-450B-8F91-A29C1A331E12-637x478.jpeg 637w\" sizes=\"auto, (max-width: 640px) 100vw, 640px\" \/><\/figure><\/div>\n<\/div><\/div>\n\n\n\n<figure class=\"wp-block-embed is-type-wp-embed is-provider-drei-fl-sse-realschule wp-block-embed-drei-fl-sse-realschule\"><div class=\"wp-block-embed__wrapper\">\n<blockquote class=\"wp-embedded-content\" data-secret=\"vWSn42Cq0V\"><a href=\"https:\/\/wordpress.nibis.de\/dfrsmue\/elterninformationen\/\">Alle Formulare zum Download<\/a><\/blockquote><iframe loading=\"lazy\" class=\"wp-embedded-content\" sandbox=\"allow-scripts\" security=\"restricted\" style=\"position: absolute; visibility: hidden;\" title=\"&#8222;Alle Formulare zum Download&#8220; &#8211; Drei-Fl\u00fcsse-Realschule\" src=\"https:\/\/wordpress.nibis.de\/dfrsmue\/elterninformationen\/embed\/#?secret=AasTheHoD1#?secret=vWSn42Cq0V\" data-secret=\"vWSn42Cq0V\" width=\"600\" height=\"338\" frameborder=\"0\" marginwidth=\"0\" marginheight=\"0\" scrolling=\"no\"><\/iframe>\n<\/div><\/figure>\n\n\n\n<p><\/p>\n","protected":false},"excerpt":{"rendered":"<p>Haben Sie Interesse? Sie m\u00f6chten Ihr Kind bei uns anmelden oder sich einfach nur informieren, ob unsere Schule f\u00fcr Ihr Kind geeignet ist?Hier k\u00f6nnen Sie &hellip; <\/p>\n","protected":false},"author":9194097,"featured_media":0,"parent":0,"menu_order":0,"comment_status":"closed","ping_status":"closed","template":"","meta":{"footnotes":""},"class_list":["post-1083","page","type-page","status-publish","hentry"],"_links":{"self":[{"href":"https:\/\/wordpress.nibis.de\/dfrsmue\/wp-json\/wp\/v2\/pages\/1083","targetHints":{"allow":["GET"]}}],"collection":[{"href":"https:\/\/wordpress.nibis.de\/dfrsmue\/wp-json\/wp\/v2\/pages"}],"about":[{"href":"https:\/\/wordpress.nibis.de\/dfrsmue\/wp-json\/wp\/v2\/types\/page"}],"author":[{"embeddable":true,"href":"https:\/\/wordpress.nibis.de\/dfrsmue\/wp-json\/wp\/v2\/users\/9194097"}],"replies":[{"embeddable":true,"href":"https:\/\/wordpress.nibis.de\/dfrsmue\/wp-json\/wp\/v2\/comments?post=1083"}],"version-history":[{"count":26,"href":"https:\/\/wordpress.nibis.de\/dfrsmue\/wp-json\/wp\/v2\/pages\/1083\/revisions"}],"predecessor-version":[{"id":2225,"href":"https:\/\/wordpress.nibis.de\/dfrsmue\/wp-json\/wp\/v2\/pages\/1083\/revisions\/2225"}],"wp:attachment":[{"href":"https:\/\/wordpress.nibis.de\/dfrsmue\/wp-json\/wp\/v2\/media?parent=1083"}],"curies":[{"name":"wp","href":"https:\/\/api.w.org\/{rel}","templated":true}]}}