{"id":1100,"date":"2023-05-04T15:01:47","date_gmt":"2023-05-04T13:01:47","guid":{"rendered":"https:\/\/wordpress.nibis.de\/dfrsmue\/?page_id=1100"},"modified":"2025-04-04T14:00:19","modified_gmt":"2025-04-04T12:00:19","slug":"kooperationspartner","status":"publish","type":"page","link":"https:\/\/wordpress.nibis.de\/dfrsmue\/kooperationspartner\/","title":{"rendered":"Kooperationspartner"},"content":{"rendered":"\n<p>Die Drei-Fl\u00fcsse-Realschule wird von zwei starken Partnern unterst\u00fctzt. \u00dcber den Unterricht hinaus werden unsere Sch\u00fcler durch diese beiden Kooperationspartner in verschiedenen Bereichen gef\u00f6rdert, angeregt und unterst\u00fctzt.<br>Dies geschieht u.a. im Rahmen des Fachunterrichts (z.B. Wirtschaft), aber auch \u00fcber au\u00dferunterrichtliche Aktivit\u00e4ten (z.B. Bewerbertraining).<br>Daf\u00fcr bedanken wir uns recht herzlich.<\/p>\n\n\n\n<div class=\"wp-block-group alignfull\"><div class=\"wp-block-group__inner-container is-layout-flow wp-block-group-is-layout-flow\">\n<div class=\"wp-block-columns alignwide is-layout-flex wp-container-core-columns-is-layout-abceabcf wp-block-columns-is-layout-flex\">\n<div class=\"wp-block-column is-layout-flow wp-block-column-is-layout-flow\">\n<figure class=\"wp-block-image size-full\"><img loading=\"lazy\" decoding=\"async\" width=\"354\" height=\"94\" src=\"https:\/\/wordpress.nibis.de\/dfrsmue\/files\/2023\/05\/BENLOGO_4c.jpg\" alt=\"\" class=\"wp-image-1002\" \/><\/figure>\n<\/div>\n\n\n\n<div class=\"wp-block-column is-layout-flow wp-block-column-is-layout-flow\">\n<figure class=\"wp-block-image size-full is-resized\"><img loading=\"lazy\" decoding=\"async\" src=\"https:\/\/wordpress.nibis.de\/dfrsmue\/files\/2023\/05\/ADF74C07-BC74-4167-B02D-5982C2ECD89C.png\" alt=\"\" class=\"wp-image-1099\" width=\"499\" height=\"105\" srcset=\"https:\/\/wordpress.nibis.de\/dfrsmue\/files\/2023\/05\/ADF74C07-BC74-4167-B02D-5982C2ECD89C.png 908w, https:\/\/wordpress.nibis.de\/dfrsmue\/files\/2023\/05\/ADF74C07-BC74-4167-B02D-5982C2ECD89C-850x179.png 850w, https:\/\/wordpress.nibis.de\/dfrsmue\/files\/2023\/05\/ADF74C07-BC74-4167-B02D-5982C2ECD89C-768x162.png 768w\" sizes=\"auto, (max-width: 499px) 100vw, 499px\" \/><\/figure>\n<\/div>\n<\/div>\n<\/div><\/div>\n","protected":false},"excerpt":{"rendered":"<p>Die Drei-Fl\u00fcsse-Realschule wird von zwei starken Partnern unterst\u00fctzt. \u00dcber den Unterricht hinaus werden unsere Sch\u00fcler durch diese beiden Kooperationspartner in verschiedenen Bereichen gef\u00f6rdert, angeregt und &hellip; <\/p>\n","protected":false},"author":9194097,"featured_media":0,"parent":0,"menu_order":0,"comment_status":"closed","ping_status":"closed","template":"","meta":{"footnotes":""},"class_list":["post-1100","page","type-page","status-publish","hentry"],"_links":{"self":[{"href":"https:\/\/wordpress.nibis.de\/dfrsmue\/wp-json\/wp\/v2\/pages\/1100","targetHints":{"allow":["GET"]}}],"collection":[{"href":"https:\/\/wordpress.nibis.de\/dfrsmue\/wp-json\/wp\/v2\/pages"}],"about":[{"href":"https:\/\/wordpress.nibis.de\/dfrsmue\/wp-json\/wp\/v2\/types\/page"}],"author":[{"embeddable":true,"href":"https:\/\/wordpress.nibis.de\/dfrsmue\/wp-json\/wp\/v2\/users\/9194097"}],"replies":[{"embeddable":true,"href":"https:\/\/wordpress.nibis.de\/dfrsmue\/wp-json\/wp\/v2\/comments?post=1100"}],"version-history":[{"count":3,"href":"https:\/\/wordpress.nibis.de\/dfrsmue\/wp-json\/wp\/v2\/pages\/1100\/revisions"}],"predecessor-version":[{"id":1972,"href":"https:\/\/wordpress.nibis.de\/dfrsmue\/wp-json\/wp\/v2\/pages\/1100\/revisions\/1972"}],"wp:attachment":[{"href":"https:\/\/wordpress.nibis.de\/dfrsmue\/wp-json\/wp\/v2\/media?parent=1100"}],"curies":[{"name":"wp","href":"https:\/\/api.w.org\/{rel}","templated":true}]}}