{"id":1152,"date":"2023-05-17T12:58:17","date_gmt":"2023-05-17T10:58:17","guid":{"rendered":"https:\/\/wordpress.nibis.de\/dfrsmue\/?page_id=1152"},"modified":"2023-05-17T12:58:19","modified_gmt":"2023-05-17T10:58:19","slug":"schuelerbuecherei","status":"publish","type":"page","link":"https:\/\/wordpress.nibis.de\/dfrsmue\/schuelerbuecherei\/","title":{"rendered":"Sch\u00fclerb\u00fccherei"},"content":{"rendered":"\n<div class=\"wp-block-group alignfull\"><div class=\"wp-block-group__inner-container is-layout-flow wp-block-group-is-layout-flow\">\n<div class=\"wp-block-media-text alignwide is-stacked-on-mobile tw-stack-md\" style=\"grid-template-columns:49% auto\"><figure class=\"wp-block-media-text__media\"><img loading=\"lazy\" decoding=\"async\" width=\"900\" height=\"675\" src=\"https:\/\/wordpress.nibis.de\/dfrsmue\/files\/2023\/05\/20230515_143102-900x675.jpg\" alt=\"\" class=\"wp-image-1153 size-full\" srcset=\"https:\/\/wordpress.nibis.de\/dfrsmue\/files\/2023\/05\/20230515_143102-900x675.jpg 900w, https:\/\/wordpress.nibis.de\/dfrsmue\/files\/2023\/05\/20230515_143102-637x478.jpg 637w, https:\/\/wordpress.nibis.de\/dfrsmue\/files\/2023\/05\/20230515_143102-768x576.jpg 768w, https:\/\/wordpress.nibis.de\/dfrsmue\/files\/2023\/05\/20230515_143102-1536x1152.jpg 1536w, https:\/\/wordpress.nibis.de\/dfrsmue\/files\/2023\/05\/20230515_143102-2048x1536.jpg 2048w\" sizes=\"auto, (max-width: 900px) 100vw, 900px\" \/><\/figure><div class=\"wp-block-media-text__content\">\n<h2 class=\"wp-block-heading\">In unserer Bibliothek&#8230;<\/h2>\n\n\n\n<p>&#8230;k\u00fcmmert sich ein kleines Team von Sch\u00fclerInnen darum, dass f\u00fcr alle genug Lesestoff zur Verf\u00fcgung steht. Eigenverantwortlich \u00fcbernehmen die kleinen Teams die Verantwortung in den gro\u00dfen Pausen, leihen B\u00fccher aus und k\u00fcmmern sich um die Organisation. In den gem\u00fctlichen Sitzs\u00e4cken kannst man schon mal ein bisschen in die Texte hineinschm\u00f6kern. Nat\u00fcrlich kann man sich auch B\u00fccher ausleihen und mit nach Hause nehmen.<\/p>\n\n\n\n<p>Eine Auswahl von Kinder- und Jugendb\u00fcchern wartet auf interessierte Leser. Von den \u201edrei ???\u201c \u00fcber Harry Potter, vom Fu\u00dfballbuch bis zum Comic: Fantastische Welten laden euch ein!<\/p>\n<\/div><\/div>\n\n\n\n<div class=\"wp-block-media-text alignwide has-media-on-the-right is-stacked-on-mobile tw-stack-md\" style=\"grid-template-columns:auto 49%\"><figure class=\"wp-block-media-text__media\"><img loading=\"lazy\" decoding=\"async\" width=\"900\" height=\"675\" src=\"https:\/\/wordpress.nibis.de\/dfrsmue\/files\/2023\/05\/IMG_0356-900x675.jpeg\" alt=\"\" class=\"wp-image-1154 size-full\" srcset=\"https:\/\/wordpress.nibis.de\/dfrsmue\/files\/2023\/05\/IMG_0356-900x675.jpeg 900w, https:\/\/wordpress.nibis.de\/dfrsmue\/files\/2023\/05\/IMG_0356-637x478.jpeg 637w, https:\/\/wordpress.nibis.de\/dfrsmue\/files\/2023\/05\/IMG_0356-768x576.jpeg 768w, https:\/\/wordpress.nibis.de\/dfrsmue\/files\/2023\/05\/IMG_0356-1536x1152.jpeg 1536w, https:\/\/wordpress.nibis.de\/dfrsmue\/files\/2023\/05\/IMG_0356-2048x1536.jpeg 2048w\" sizes=\"auto, (max-width: 900px) 100vw, 900px\" \/><\/figure><div class=\"wp-block-media-text__content\">\n<h2 class=\"wp-block-heading\">Medialab<\/h2>\n\n\n\n<p>Auch unser <strong>Medialab<\/strong> trifft sich regelm\u00e4\u00dfig in&nbsp; unserer B\u00fccherei. An den Montagnachmittagen werden Filme gedreht, Podcasts erprobt, wird gelesen, gestaltet und diskutiert.<\/p>\n\n\n\n<p>Spenden aktueller Kinder- und Jugendb\u00fccher nehmen wir gerne entgegen!<\/p>\n<\/div><\/div>\n<\/div><\/div>\n","protected":false},"excerpt":{"rendered":"<p>In unserer Bibliothek&#8230; &#8230;k\u00fcmmert sich ein kleines Team von Sch\u00fclerInnen darum, dass f\u00fcr alle genug Lesestoff zur Verf\u00fcgung steht. Eigenverantwortlich \u00fcbernehmen die kleinen Teams die &hellip; <\/p>\n","protected":false},"author":9194097,"featured_media":0,"parent":0,"menu_order":0,"comment_status":"closed","ping_status":"closed","template":"","meta":{"footnotes":""},"class_list":["post-1152","page","type-page","status-publish","hentry"],"_links":{"self":[{"href":"https:\/\/wordpress.nibis.de\/dfrsmue\/wp-json\/wp\/v2\/pages\/1152","targetHints":{"allow":["GET"]}}],"collection":[{"href":"https:\/\/wordpress.nibis.de\/dfrsmue\/wp-json\/wp\/v2\/pages"}],"about":[{"href":"https:\/\/wordpress.nibis.de\/dfrsmue\/wp-json\/wp\/v2\/types\/page"}],"author":[{"embeddable":true,"href":"https:\/\/wordpress.nibis.de\/dfrsmue\/wp-json\/wp\/v2\/users\/9194097"}],"replies":[{"embeddable":true,"href":"https:\/\/wordpress.nibis.de\/dfrsmue\/wp-json\/wp\/v2\/comments?post=1152"}],"version-history":[{"count":1,"href":"https:\/\/wordpress.nibis.de\/dfrsmue\/wp-json\/wp\/v2\/pages\/1152\/revisions"}],"predecessor-version":[{"id":1156,"href":"https:\/\/wordpress.nibis.de\/dfrsmue\/wp-json\/wp\/v2\/pages\/1152\/revisions\/1156"}],"wp:attachment":[{"href":"https:\/\/wordpress.nibis.de\/dfrsmue\/wp-json\/wp\/v2\/media?parent=1152"}],"curies":[{"name":"wp","href":"https:\/\/api.w.org\/{rel}","templated":true}]}}