{"id":201,"date":"2023-02-05T21:45:17","date_gmt":"2023-02-05T20:45:17","guid":{"rendered":"https:\/\/wordpress.nibis.de\/dfrsmue\/?page_id=201"},"modified":"2023-04-24T20:20:10","modified_gmt":"2023-04-24T18:20:10","slug":"fuer-schuelerinnen-und-schueler","status":"publish","type":"page","link":"https:\/\/wordpress.nibis.de\/dfrsmue\/fuer-schuelerinnen-und-schueler\/","title":{"rendered":"F\u00fcr Sch\u00fclerinnen und Sch\u00fcler"},"content":{"rendered":"\n<p>Liebe Sch\u00fclerinnen und Sch\u00fcler,<\/p>\n\n\n\n<p>auf diesen Seiten findet ihr alles, was f\u00fcr euch an unserer Schule wichtig ist. Wenn ihr den entsprechenden Reiter anklickt, gelangt ihr zu dem jeweiligen Thema.<\/p>\n","protected":false},"excerpt":{"rendered":"<p>Liebe Sch\u00fclerinnen und Sch\u00fcler, auf diesen Seiten findet ihr alles, was f\u00fcr euch an unserer Schule wichtig ist. Wenn ihr den entsprechenden Reiter anklickt, gelangt &hellip; <\/p>\n","protected":false},"author":9194097,"featured_media":0,"parent":0,"menu_order":0,"comment_status":"closed","ping_status":"closed","template":"","meta":{"footnotes":""},"class_list":["post-201","page","type-page","status-publish","hentry"],"_links":{"self":[{"href":"https:\/\/wordpress.nibis.de\/dfrsmue\/wp-json\/wp\/v2\/pages\/201","targetHints":{"allow":["GET"]}}],"collection":[{"href":"https:\/\/wordpress.nibis.de\/dfrsmue\/wp-json\/wp\/v2\/pages"}],"about":[{"href":"https:\/\/wordpress.nibis.de\/dfrsmue\/wp-json\/wp\/v2\/types\/page"}],"author":[{"embeddable":true,"href":"https:\/\/wordpress.nibis.de\/dfrsmue\/wp-json\/wp\/v2\/users\/9194097"}],"replies":[{"embeddable":true,"href":"https:\/\/wordpress.nibis.de\/dfrsmue\/wp-json\/wp\/v2\/comments?post=201"}],"version-history":[{"count":2,"href":"https:\/\/wordpress.nibis.de\/dfrsmue\/wp-json\/wp\/v2\/pages\/201\/revisions"}],"predecessor-version":[{"id":859,"href":"https:\/\/wordpress.nibis.de\/dfrsmue\/wp-json\/wp\/v2\/pages\/201\/revisions\/859"}],"wp:attachment":[{"href":"https:\/\/wordpress.nibis.de\/dfrsmue\/wp-json\/wp\/v2\/media?parent=201"}],"curies":[{"name":"wp","href":"https:\/\/api.w.org\/{rel}","templated":true}]}}