{"id":317,"date":"2023-03-22T15:02:34","date_gmt":"2023-03-22T14:02:34","guid":{"rendered":"https:\/\/wordpress.nibis.de\/dfrsmue\/?page_id=317"},"modified":"2026-03-05T09:11:34","modified_gmt":"2026-03-05T08:11:34","slug":"schulvorstand","status":"publish","type":"page","link":"https:\/\/wordpress.nibis.de\/dfrsmue\/schulvorstand\/","title":{"rendered":"Schulvorstand"},"content":{"rendered":"\n<p>Der Schulvorstand tagt auch in diesem Schuljahr wieder regelm\u00e4\u00dfig, genaue Termin werden an dieser Stelle, im Terminkalender und unter &#8222;Aktuell&#8220; bekanntgegeben. &#8211; Das Gremium, das im Rahmen der Eigenverantwortlichen Schule in Niedersachsen zum August 2007 per&nbsp;Schulgesetz eingerichtet worden ist, setzt sich&nbsp;bei uns&nbsp;&#8211; die Mitgliederzahl richtet sich nach der Schulgr\u00f6\u00dfe &#8211; zusammen aus der Schulleitung,&nbsp;3 Lehrervertretern und jeweils 2 Vertretern der Eltern- und der Sch\u00fclerschaft. <\/p>\n\n\n\n<p>Die aktuellen Mitglieder des Gremiums finden Sie im <a href=\"https:\/\/wordpress.nibis.de\/dfrsmue\/files\/2025\/09\/Organigramm-DFRS_2025.pdf\">Organigramm<\/a> der Schule.<br><\/p>\n\n\n\n<p><\/p>\n","protected":false},"excerpt":{"rendered":"<p>Der Schulvorstand tagt auch in diesem Schuljahr wieder regelm\u00e4\u00dfig, genaue Termin werden an dieser Stelle, im Terminkalender und unter &#8222;Aktuell&#8220; bekanntgegeben. &#8211; Das Gremium, das &hellip; <\/p>\n","protected":false},"author":9194097,"featured_media":0,"parent":0,"menu_order":0,"comment_status":"closed","ping_status":"closed","template":"","meta":{"footnotes":""},"class_list":["post-317","page","type-page","status-publish","hentry"],"_links":{"self":[{"href":"https:\/\/wordpress.nibis.de\/dfrsmue\/wp-json\/wp\/v2\/pages\/317","targetHints":{"allow":["GET"]}}],"collection":[{"href":"https:\/\/wordpress.nibis.de\/dfrsmue\/wp-json\/wp\/v2\/pages"}],"about":[{"href":"https:\/\/wordpress.nibis.de\/dfrsmue\/wp-json\/wp\/v2\/types\/page"}],"author":[{"embeddable":true,"href":"https:\/\/wordpress.nibis.de\/dfrsmue\/wp-json\/wp\/v2\/users\/9194097"}],"replies":[{"embeddable":true,"href":"https:\/\/wordpress.nibis.de\/dfrsmue\/wp-json\/wp\/v2\/comments?post=317"}],"version-history":[{"count":6,"href":"https:\/\/wordpress.nibis.de\/dfrsmue\/wp-json\/wp\/v2\/pages\/317\/revisions"}],"predecessor-version":[{"id":2182,"href":"https:\/\/wordpress.nibis.de\/dfrsmue\/wp-json\/wp\/v2\/pages\/317\/revisions\/2182"}],"wp:attachment":[{"href":"https:\/\/wordpress.nibis.de\/dfrsmue\/wp-json\/wp\/v2\/media?parent=317"}],"curies":[{"name":"wp","href":"https:\/\/api.w.org\/{rel}","templated":true}]}}