{"id":410,"date":"2023-03-22T17:47:43","date_gmt":"2023-03-22T16:47:43","guid":{"rendered":"https:\/\/wordpress.nibis.de\/dfrsmue\/?page_id=410"},"modified":"2024-11-25T11:12:33","modified_gmt":"2024-11-25T10:12:33","slug":"foerderverein","status":"publish","type":"page","link":"https:\/\/wordpress.nibis.de\/dfrsmue\/foerderverein\/","title":{"rendered":"F\u00f6rderverein"},"content":{"rendered":"\n<p><strong>F\u00f6rderverein der Drei-Fl\u00fcsse-Realschule e.V., Hann. M\u00fcnden<\/strong><\/p>\n\n\n\n<p>1. Vorsitzender    Daniel Menz<\/p>\n\n\n\n<p>2. Vorsitzende     Sabine Pr\u00f6ve<\/p>\n\n\n\n<p>Kassenwart           Rainer B\u00fchring<\/p>\n\n\n\n<p>Schriftf\u00fchrer         Patrick Neumann<\/p>\n\n\n\n<p><strong>KONTAKT :&nbsp;<\/strong>&nbsp;&nbsp;<a href=\"&#109;&#x61;&#105;&#x6c;&#116;&#x6f;:&#x66;o&#101;&#x72;&#100;&#x65;&#114;&#x76;e&#x72;e&#105;&#x6e;&#46;&#x64;&#102;&#x72;&#45;&#x68;m&#x75;e&#64;&#x77;&#101;&#x62;&#46;&#x64;e\">&#x66;o&#x65;&#114;d&#x65;&#114;&#x76;&#101;r&#x65;&#105;&#x6e;&#46;d&#x66;&#114;&#x2d;&#x68;m&#x75;&#101;&#64;&#x77;&#101;&#x62;&#46;d&#x65;<\/a><\/p>\n\n\n\n<p><strong>Unsere Ziele:<\/strong><\/p>\n\n\n\n<p>Wir f\u00f6rdern die Zusammenarbeit zwischen Schule, Eltern und Sch\u00fclern.<\/p>\n\n\n\n<p>Dabei ist unser Augenmerk vor allem darauf gerichtet, \u201eunserer Schule\u201c Hilfe f\u00fcr eine verbesserte Ausstattung zu geben. Die Sch\u00fcler sollen sich so in einer optimierten Lernumgebung wohl f\u00fchlen.<\/p>\n\n\n\n<p>Au\u00dferdem soll bed\u00fcrftigen Sch\u00fclern im Rahmen unserer M\u00f6glich\u00adkeiten geholfen werden, damit sie nicht den Anschluss an ihre Mitsch\u00fcler verlieren.<\/p>\n\n\n\n<p>Als neue Aufgabe finanzieren wir das Nachhilfeprojekt \u201eSch\u00fcler helfen Sch\u00fclern\u201c und unterst\u00fctzen somit lernwillige Sch\u00fcler, da\u00admit sie das Klassenziel erreichen.<\/p>\n\n\n\n<p><strong>Freunde und F\u00f6rderer bleiben uns verbunden<\/strong><\/p>\n\n\n\n<p>Ehemalige Sch\u00fclerinnen und Sch\u00fcler, Lehrerinnen und Lehrer, Eltern, Betriebsinhaber und andere der Schule nahe stehenden Personen haben sich im F\u00f6rderverein zusammengeschlossen.<\/p>\n\n\n\n<p>Mit einem Jahresbeitrag von mindestens 12,- \u20ac nehmen Sie An\u00adteil an Schulleben, Feierlichkeiten und Aktionen und helfen unse\u00adrer Schule und ihren Sch\u00fclern durch Beitr\u00e4ge und tatkr\u00e4ftige Un\u00adterst\u00fctzung unb\u00fcrokratisch dort, wo Hilfe n\u00f6tig ist und wo \u00f6f\u00adfentliche Mittel nicht vorhanden sind oder aber im konkreten Fall nicht abrufbar.<\/p>\n","protected":false},"excerpt":{"rendered":"<p>F\u00f6rderverein der Drei-Fl\u00fcsse-Realschule e.V., Hann. M\u00fcnden 1. Vorsitzender Daniel Menz 2. Vorsitzende Sabine Pr\u00f6ve Kassenwart Rainer B\u00fchring Schriftf\u00fchrer Patrick Neumann KONTAKT :&nbsp;&nbsp;&nbsp;f&#111;&#101;&#x72;&#x64;&#x65;&#x72;v&#101;&#114;&#101;&#x69;&#x6e;&#x2e;df&#114;&#45;&#x68;&#x6d;&#x75;e&#64;&#119;&#101;&#x62;&#x2e;&#x64;e Unsere Ziele: Wir &hellip; <\/p>\n","protected":false},"author":9194097,"featured_media":0,"parent":0,"menu_order":0,"comment_status":"closed","ping_status":"closed","template":"","meta":{"footnotes":""},"class_list":["post-410","page","type-page","status-publish","hentry"],"_links":{"self":[{"href":"https:\/\/wordpress.nibis.de\/dfrsmue\/wp-json\/wp\/v2\/pages\/410","targetHints":{"allow":["GET"]}}],"collection":[{"href":"https:\/\/wordpress.nibis.de\/dfrsmue\/wp-json\/wp\/v2\/pages"}],"about":[{"href":"https:\/\/wordpress.nibis.de\/dfrsmue\/wp-json\/wp\/v2\/types\/page"}],"author":[{"embeddable":true,"href":"https:\/\/wordpress.nibis.de\/dfrsmue\/wp-json\/wp\/v2\/users\/9194097"}],"replies":[{"embeddable":true,"href":"https:\/\/wordpress.nibis.de\/dfrsmue\/wp-json\/wp\/v2\/comments?post=410"}],"version-history":[{"count":4,"href":"https:\/\/wordpress.nibis.de\/dfrsmue\/wp-json\/wp\/v2\/pages\/410\/revisions"}],"predecessor-version":[{"id":1816,"href":"https:\/\/wordpress.nibis.de\/dfrsmue\/wp-json\/wp\/v2\/pages\/410\/revisions\/1816"}],"wp:attachment":[{"href":"https:\/\/wordpress.nibis.de\/dfrsmue\/wp-json\/wp\/v2\/media?parent=410"}],"curies":[{"name":"wp","href":"https:\/\/api.w.org\/{rel}","templated":true}]}}