{"id":428,"date":"2023-03-22T18:03:47","date_gmt":"2023-03-22T17:03:47","guid":{"rendered":"https:\/\/wordpress.nibis.de\/dfrsmue\/?page_id=428"},"modified":"2023-04-14T07:59:21","modified_gmt":"2023-04-14T05:59:21","slug":"englisch","status":"publish","type":"page","link":"https:\/\/wordpress.nibis.de\/dfrsmue\/englisch\/","title":{"rendered":"Englisch"},"content":{"rendered":"\n<div class=\"wp-block-image\"><figure class=\"aligncenter size-full is-resized\"><img loading=\"lazy\" decoding=\"async\" src=\"https:\/\/wordpress.nibis.de\/dfrsmue\/files\/2023\/04\/060099E2-42DC-438C-B5D6-0A3CB943740E.jpeg\" alt=\"\" class=\"wp-image-606\" width=\"429\" height=\"322\" \/><\/figure><\/div>\n\n\n\n<p>Welcome to your English class! Willkommen im Englischunterricht. Hier lernst du 5 Jahre lang eine sehr wichtige Sprache , mit der du \u00fcberall auf der Welt verstanden wirst. Am Ende kannst du eine Pr\u00fcfung auf Englisch bestehen und dich in dieser Sprache mit anderen verst\u00e4ndigen. In unserem Unterricht haben wir manchmal auch Besuch von Sch\u00fclern aus L\u00e4ndern, in denen Englisch gesprochen wird und besuchen ab und zu Theaterst\u00fccke oder Kinofilme auf Englisch. Bei unserem Sch\u00fcleraustausch ist diese Sprache auch gefragt und wird mit Begeisterung au\u00dferhalb unserer Schule ausprobiert. Am Anfang in Klasse 5 ist es eine Umstellung die vielen W\u00f6rter, die sogenannten Vokabeln, zu lernen. Dabei arbeiten wir in der Schule mit digitalen Lernspielen, um dir das \u00dcben der W\u00f6rter zu erleichtern. Unsere Lehrb\u00fccher sind auch auf dem neusten Stand und im Arbeitsheft findest du viele \u00dcbungen, die du digital zu Hause l\u00f6sen kannst. F\u00fcr weitere Fragen kannst du jederzeit unserer Fachleitung Frau St\u00f6ber eine Email schreiben. Und wenn du Lust hast, kannst du dich als Sch\u00fcler im Fachbereich Englisch engagieren, in dem du dich einfach zum Konferenzvertreter w\u00e4hlen l\u00e4sst. Wir freuen uns \u00fcber deine Mitarbeit. See you at school!<\/p>\n\n\n\n<div class=\"wp-block-image\"><figure class=\"aligncenter size-full\"><img loading=\"lazy\" decoding=\"async\" width=\"778\" height=\"328\" src=\"https:\/\/wordpress.nibis.de\/dfrsmue\/files\/2023\/04\/IMG_0254.jpeg\" alt=\"\" class=\"wp-image-607\" srcset=\"https:\/\/wordpress.nibis.de\/dfrsmue\/files\/2023\/04\/IMG_0254.jpeg 778w, https:\/\/wordpress.nibis.de\/dfrsmue\/files\/2023\/04\/IMG_0254-768x324.jpeg 768w\" sizes=\"auto, (max-width: 778px) 100vw, 778px\" \/><\/figure><\/div>\n","protected":false},"excerpt":{"rendered":"<p>Welcome to your English class! Willkommen im Englischunterricht. Hier lernst du 5 Jahre lang eine sehr wichtige Sprache , mit der du \u00fcberall auf der &hellip; <\/p>\n","protected":false},"author":9194097,"featured_media":0,"parent":0,"menu_order":0,"comment_status":"closed","ping_status":"closed","template":"","meta":{"footnotes":""},"class_list":["post-428","page","type-page","status-publish","hentry"],"_links":{"self":[{"href":"https:\/\/wordpress.nibis.de\/dfrsmue\/wp-json\/wp\/v2\/pages\/428","targetHints":{"allow":["GET"]}}],"collection":[{"href":"https:\/\/wordpress.nibis.de\/dfrsmue\/wp-json\/wp\/v2\/pages"}],"about":[{"href":"https:\/\/wordpress.nibis.de\/dfrsmue\/wp-json\/wp\/v2\/types\/page"}],"author":[{"embeddable":true,"href":"https:\/\/wordpress.nibis.de\/dfrsmue\/wp-json\/wp\/v2\/users\/9194097"}],"replies":[{"embeddable":true,"href":"https:\/\/wordpress.nibis.de\/dfrsmue\/wp-json\/wp\/v2\/comments?post=428"}],"version-history":[{"count":3,"href":"https:\/\/wordpress.nibis.de\/dfrsmue\/wp-json\/wp\/v2\/pages\/428\/revisions"}],"predecessor-version":[{"id":609,"href":"https:\/\/wordpress.nibis.de\/dfrsmue\/wp-json\/wp\/v2\/pages\/428\/revisions\/609"}],"wp:attachment":[{"href":"https:\/\/wordpress.nibis.de\/dfrsmue\/wp-json\/wp\/v2\/media?parent=428"}],"curies":[{"name":"wp","href":"https:\/\/api.w.org\/{rel}","templated":true}]}}