{"id":432,"date":"2023-03-22T18:04:29","date_gmt":"2023-03-22T17:04:29","guid":{"rendered":"https:\/\/wordpress.nibis.de\/dfrsmue\/?page_id=432"},"modified":"2023-04-25T12:01:54","modified_gmt":"2023-04-25T10:01:54","slug":"mathematik","status":"publish","type":"page","link":"https:\/\/wordpress.nibis.de\/dfrsmue\/mathematik\/","title":{"rendered":"Mathematik"},"content":{"rendered":"\n<div class=\"wp-block-image is-style-tw-rounded-corners\"><figure class=\"aligncenter size-large is-resized\"><img loading=\"lazy\" decoding=\"async\" src=\"https:\/\/wordpress.nibis.de\/dfrsmue\/files\/2023\/04\/379DF4A3-E7E6-4B14-AD76-BF374A81F0CA-900x675.jpeg\" alt=\"\" class=\"wp-image-877\" width=\"641\" height=\"481\" srcset=\"https:\/\/wordpress.nibis.de\/dfrsmue\/files\/2023\/04\/379DF4A3-E7E6-4B14-AD76-BF374A81F0CA-900x675.jpeg 900w, https:\/\/wordpress.nibis.de\/dfrsmue\/files\/2023\/04\/379DF4A3-E7E6-4B14-AD76-BF374A81F0CA-637x478.jpeg 637w, https:\/\/wordpress.nibis.de\/dfrsmue\/files\/2023\/04\/379DF4A3-E7E6-4B14-AD76-BF374A81F0CA-768x576.jpeg 768w, https:\/\/wordpress.nibis.de\/dfrsmue\/files\/2023\/04\/379DF4A3-E7E6-4B14-AD76-BF374A81F0CA-1536x1152.jpeg 1536w, https:\/\/wordpress.nibis.de\/dfrsmue\/files\/2023\/04\/379DF4A3-E7E6-4B14-AD76-BF374A81F0CA-2048x1536.jpeg 2048w\" sizes=\"auto, (max-width: 641px) 100vw, 641px\" \/><\/figure><\/div>\n\n\n\n<p>Mathematik wird an der Drei-Fl\u00fcsse-Realschule in Klasse 5 f\u00fcnfst\u00fcndig und in den \u00fcbrigen Jahrg\u00e4ngen vierst\u00fcndig angeboten. Dabei werden alle Themengebiete der Mathematik behandelt.<br>Der Taschenrechner wird zum zweiten Halbjahr in Klasse 7 eingef\u00fchrt. Trotzdem muss man bis zum Abschluss sicher beim Kopfrechnen und den schriftlichen Rechenverfahren sein.<br>Ziel der Mathematik an der Realschule ist auf der einen Seite eine breite Basis f\u00fcr die berufliche Ausbildung zu legen und andererseits Sch\u00fclerinnen und Sch\u00fcler mit guten Leistungen auf die gymnasiale Oberstufe vorzubereiten.<\/p>\n","protected":false},"excerpt":{"rendered":"<p>Mathematik wird an der Drei-Fl\u00fcsse-Realschule in Klasse 5 f\u00fcnfst\u00fcndig und in den \u00fcbrigen Jahrg\u00e4ngen vierst\u00fcndig angeboten. Dabei werden alle Themengebiete der Mathematik behandelt.Der Taschenrechner wird &hellip; <\/p>\n","protected":false},"author":9194097,"featured_media":0,"parent":0,"menu_order":0,"comment_status":"closed","ping_status":"closed","template":"","meta":{"footnotes":""},"class_list":["post-432","page","type-page","status-publish","hentry"],"_links":{"self":[{"href":"https:\/\/wordpress.nibis.de\/dfrsmue\/wp-json\/wp\/v2\/pages\/432","targetHints":{"allow":["GET"]}}],"collection":[{"href":"https:\/\/wordpress.nibis.de\/dfrsmue\/wp-json\/wp\/v2\/pages"}],"about":[{"href":"https:\/\/wordpress.nibis.de\/dfrsmue\/wp-json\/wp\/v2\/types\/page"}],"author":[{"embeddable":true,"href":"https:\/\/wordpress.nibis.de\/dfrsmue\/wp-json\/wp\/v2\/users\/9194097"}],"replies":[{"embeddable":true,"href":"https:\/\/wordpress.nibis.de\/dfrsmue\/wp-json\/wp\/v2\/comments?post=432"}],"version-history":[{"count":3,"href":"https:\/\/wordpress.nibis.de\/dfrsmue\/wp-json\/wp\/v2\/pages\/432\/revisions"}],"predecessor-version":[{"id":879,"href":"https:\/\/wordpress.nibis.de\/dfrsmue\/wp-json\/wp\/v2\/pages\/432\/revisions\/879"}],"wp:attachment":[{"href":"https:\/\/wordpress.nibis.de\/dfrsmue\/wp-json\/wp\/v2\/media?parent=432"}],"curies":[{"name":"wp","href":"https:\/\/api.w.org\/{rel}","templated":true}]}}