{"id":438,"date":"2023-03-22T18:05:43","date_gmt":"2023-03-22T17:05:43","guid":{"rendered":"https:\/\/wordpress.nibis.de\/dfrsmue\/?page_id=438"},"modified":"2023-04-24T17:52:24","modified_gmt":"2023-04-24T15:52:24","slug":"gsw","status":"publish","type":"page","link":"https:\/\/wordpress.nibis.de\/dfrsmue\/gsw\/","title":{"rendered":"GSW"},"content":{"rendered":"\n<p><strong><span style=\"text-decoration: underline\" class=\"underline\">Der Lernbereich GSW (Geschichte, Erdkunde und Politik)<\/span><\/strong><\/p>\n\n\n\n<p>GSW hei\u00dft <strong>Geschichtlich soziale Weltkunde<\/strong> und umfasst die F\u00e4cher Geschichte, Erdkunde und Politik.<\/p>\n\n\n\n<p>Die F\u00e4cher werden meist einst\u00fcndig unterrichtet. Allerdings gibt es in der Klasse 5 zwei Stunden Erdkunde und eine Stunde Geschichte, in der 6. Klasse dann zwei Stunden Geschichte und eine Stunde Erdkunde. Politik wird erst ab der 7. Klasse unterrichtet.<\/p>\n\n\n\n<div class=\"wp-block-image\"><figure class=\"aligncenter size-large is-resized\"><img loading=\"lazy\" decoding=\"async\" src=\"https:\/\/wordpress.nibis.de\/dfrsmue\/files\/2023\/04\/IMG_2862-edited-1-scaled.jpeg\" alt=\"\" class=\"wp-image-758\" width=\"343\" height=\"257\" srcset=\"https:\/\/wordpress.nibis.de\/dfrsmue\/files\/2023\/04\/IMG_2862-edited-1-scaled.jpeg 2560w, https:\/\/wordpress.nibis.de\/dfrsmue\/files\/2023\/04\/IMG_2862-edited-1-637x478.jpeg 637w, https:\/\/wordpress.nibis.de\/dfrsmue\/files\/2023\/04\/IMG_2862-edited-1-900x675.jpeg 900w, https:\/\/wordpress.nibis.de\/dfrsmue\/files\/2023\/04\/IMG_2862-edited-1-768x576.jpeg 768w, https:\/\/wordpress.nibis.de\/dfrsmue\/files\/2023\/04\/IMG_2862-edited-1-1536x1152.jpeg 1536w, https:\/\/wordpress.nibis.de\/dfrsmue\/files\/2023\/04\/IMG_2862-edited-1-2048x1536.jpeg 2048w\" sizes=\"auto, (max-width: 343px) 100vw, 343px\" \/><\/figure><\/div>\n","protected":false},"excerpt":{"rendered":"<p>Der Lernbereich GSW (Geschichte, Erdkunde und Politik) GSW hei\u00dft Geschichtlich soziale Weltkunde und umfasst die F\u00e4cher Geschichte, Erdkunde und Politik. Die F\u00e4cher werden meist einst\u00fcndig &hellip; <\/p>\n","protected":false},"author":9194097,"featured_media":0,"parent":0,"menu_order":0,"comment_status":"closed","ping_status":"closed","template":"","meta":{"footnotes":""},"class_list":["post-438","page","type-page","status-publish","hentry"],"_links":{"self":[{"href":"https:\/\/wordpress.nibis.de\/dfrsmue\/wp-json\/wp\/v2\/pages\/438","targetHints":{"allow":["GET"]}}],"collection":[{"href":"https:\/\/wordpress.nibis.de\/dfrsmue\/wp-json\/wp\/v2\/pages"}],"about":[{"href":"https:\/\/wordpress.nibis.de\/dfrsmue\/wp-json\/wp\/v2\/types\/page"}],"author":[{"embeddable":true,"href":"https:\/\/wordpress.nibis.de\/dfrsmue\/wp-json\/wp\/v2\/users\/9194097"}],"replies":[{"embeddable":true,"href":"https:\/\/wordpress.nibis.de\/dfrsmue\/wp-json\/wp\/v2\/comments?post=438"}],"version-history":[{"count":6,"href":"https:\/\/wordpress.nibis.de\/dfrsmue\/wp-json\/wp\/v2\/pages\/438\/revisions"}],"predecessor-version":[{"id":759,"href":"https:\/\/wordpress.nibis.de\/dfrsmue\/wp-json\/wp\/v2\/pages\/438\/revisions\/759"}],"wp:attachment":[{"href":"https:\/\/wordpress.nibis.de\/dfrsmue\/wp-json\/wp\/v2\/media?parent=438"}],"curies":[{"name":"wp","href":"https:\/\/api.w.org\/{rel}","templated":true}]}}