{"id":444,"date":"2023-03-22T18:06:09","date_gmt":"2023-03-22T17:06:09","guid":{"rendered":"https:\/\/wordpress.nibis.de\/dfrsmue\/?page_id=444"},"modified":"2026-04-01T16:45:19","modified_gmt":"2026-04-01T14:45:19","slug":"wahlpflichtkurse","status":"publish","type":"page","link":"https:\/\/wordpress.nibis.de\/dfrsmue\/wahlpflichtkurse\/","title":{"rendered":"Wahlpflichtkurse"},"content":{"rendered":"\n<p class=\"has-medium-font-size\"><strong><span style=\"text-decoration: underline\" class=\"underline\">Die Wahlpflichtkurse (WPK)<\/span><\/strong><\/p>\n\n\n\n<p>Wenn Ihr Kind in die 6. Klasse kommt, wird es zu Beginn des Schuljahres <strong>zwei Wahlpflichtkurse (WPK<\/strong>) <strong>oder einen Kurs Franz\u00f6sisch w\u00e4hlen.<\/strong><\/p>\n\n\n\n<p>Welche WPK angeboten werden, steht erst kurzfristig fest, weil aufgrund von personellen Ver\u00e4nderungen der Stundenplan erst mit Beginn eines jeden Schuljahres endg\u00fcltig fertiggestellt werden kann. Der Franz\u00f6sisch-WPK findet aber auf jeden Fall statt.<\/p>\n\n\n\n<p>Zu Beginn des Schuljahres wird Ihr Kind vom Klassenlehrer informiert. In den darauf folgenden Tagen w\u00e4hlt Ihr Kind dann die Kurse.<\/p>\n\n\n\n<p><strong>Wichtiges zum WPK:<\/strong><\/p>\n\n\n\n<ul class=\"wp-block-list\">\n<li>Ein WPK soll es den Kindern erm\u00f6glichen,<strong> Schwerpunkte <\/strong>zu bilden. Man sollte ihn nach seinen <strong>Neigungen <\/strong>w\u00e4hlen. Allerdings ist er kein F\u00f6rderkurs, ein Kind mit Schwierigkeiten in Deutsch sollte daher keinen Deutsch-WPK w\u00e4hlen, sondern eher einen, in dem es St\u00e4rken hat.<\/li>\n\n\n\n<li>Ein WPK ist <strong>keine AG<\/strong>, die Ihr Kind freiwillig macht, sondern er sollte ernst genommen werden. Au\u00dferdem ist er <strong>versetzungsrelevant<\/strong>, d.h., dass die Note wie in jedem anderen Fach f\u00fcr die Versetzung eine Rolle spielt.<\/li>\n\n\n\n<li>Ein WPK-Kurs wird <strong>f\u00fcr ein Schuljahr gew\u00e4hlt<\/strong>. Ein Wechsel im Halbjahr ist nicht m\u00f6glich. Erst nach einem Jahr entscheiden Ihr Kind und Sie neu.<\/li>\n\n\n\n<li>Ein WPK-Kurs ist<strong> zweist\u00fcndig<\/strong>. Ihr Kind w\u00e4hlt also f\u00fcr ein Schuljahr <strong>zwei Kurse<\/strong>.<\/li>\n<\/ul>\n\n\n\n<p style=\"font-size:26px\"><span style=\"text-decoration: underline\" class=\"underline\">Franz\u00f6sisch<\/span><\/p>\n\n\n\n<p><strong>Der WPK Franz\u00f6sisch: Warum Franz\u00f6sisch lernen?<\/strong><\/p>\n\n\n\n<p>Erst einmal ist Franz\u00f6sisch eine <strong>Weltsprache<\/strong>, die in vielen L\u00e4ndern auf der ganzen Erde gesprochen wird. Auch kann die Beherrschung von Fremdsprachen im <strong>Beruf <\/strong>Vorteile bringen, beispielsweise in kaufm\u00e4nnischen Berufen oder im Hotelgewerbe.<\/p>\n\n\n\n<p>Wenn Ihr Kind nach der 10. Klasse das allgemeine Abitur auf einem (beruflichen)Gymnasium anstrebt, muss es dort keine zweite Fremdsprache mehr belegen und <strong>spart viel Zeit,<\/strong> wenn es Franz\u00f6sisch an der Realschule bis Klasse 10 gemacht hat.<\/p>\n\n\n\n<p>Fachabitur ist aber ohne zweite Fremdsprache m\u00f6glich.<\/p>\n\n\n\n<p><strong>Was ist anders beim WPK Franz\u00f6sisch?<\/strong><\/p>\n\n\n\n<p>Der WPK Franz\u00f6sisch ist <strong>vierst\u00fcndig<\/strong>, ihr Kind kann daher neben Franz\u00f6sisch keinen anderen WPK w\u00e4hlen.<\/p>\n\n\n\n<p>Im 6. Schuljahr ist ein <strong>Wechsel <\/strong>in einen anderen WPK nach dem ersten Halbjahr auf Antrag m\u00f6glich. Nach dem 7. und 8. Schuljahr kann erst zum neuen Schuljahr ge-wechselt werden.<\/p>\n\n\n\n<p>Ab Klasse 9 wird Franz\u00f6sisch zum Profilkurs und muss f\u00fcr zwei Jahre gew\u00e4hlt werden.&nbsp;&nbsp;&nbsp;&nbsp;&nbsp;&nbsp;&nbsp;&nbsp;&nbsp;&nbsp;&nbsp;&nbsp;&nbsp;&nbsp;&nbsp;&nbsp;&nbsp;&nbsp;&nbsp;&nbsp;&nbsp;&nbsp;&nbsp;&nbsp;&nbsp;&nbsp;&nbsp;&nbsp;&nbsp;&nbsp;&nbsp;&nbsp;&nbsp;&nbsp;&nbsp;&nbsp;&nbsp;&nbsp;&nbsp;&nbsp;&nbsp;&nbsp;&nbsp;&nbsp;&nbsp;&nbsp;&nbsp;&nbsp;<\/p>\n\n\n\n<p><strong>Ihre Entscheidung<\/strong> hinsichtlich der Teilnahme am Franz\u00f6sischunterricht sollte gut durchdacht sein, weil die franz\u00f6sische Sprache auch ihre Schwierigkeiten hat. Damit eine erfolgreiche Teilnahme Ihres Kindes gew\u00e4hrleistet ist, sollten Sie Folgendes beachten:<\/p>\n\n\n\n<ul class=\"wp-block-list\">\n<li>Treffen Sie die Entscheidung zusammen mit Ihrem Kind. Es sollte <strong>gerne<\/strong> Franz\u00f6sisch lernen wollen.<\/li>\n\n\n\n<li>Ihr Kind sollte <strong>Leistungsbereitschaft<\/strong> zeigen, beispielsweise freiwillig Vokabeln lernen.<\/li>\n\n\n\n<li>Ihr Kind sollte auch eine gewisse <strong>Sprachbegabung<\/strong> zeigen. Daher w\u00e4re es w\u00fcnschenswert, wenn die derzeitigen Noten in Deutsch und Englisch mindestens befriedigend sind.<\/li>\n<\/ul>\n\n\n\n<p>Seit einigen Jahren fahren wir alle zwei Jahre mit den Franz\u00f6sisch-Sch\u00fclern nach Paris. Allerdings sollte dies allein kein Grund sein, Franz\u00f6sisch zu w\u00e4hlen. Au\u00dferdem kann es sein, dass in n\u00e4chster Zeit durch die Kostensteigerung keine Parisfahrt mehr angeboten werden kann.<\/p>\n\n\n\n<figure class=\"wp-block-image size-large is-resized\"><img loading=\"lazy\" decoding=\"async\" width=\"506\" height=\"675\" src=\"https:\/\/wordpress.nibis.de\/dfrsmue\/files\/2023\/04\/IMG_2855-506x675.jpeg\" alt=\"\" class=\"wp-image-734\" style=\"width:313px;height:418px\" srcset=\"https:\/\/wordpress.nibis.de\/dfrsmue\/files\/2023\/04\/IMG_2855-506x675.jpeg 506w, https:\/\/wordpress.nibis.de\/dfrsmue\/files\/2023\/04\/IMG_2855-359x478.jpeg 359w, https:\/\/wordpress.nibis.de\/dfrsmue\/files\/2023\/04\/IMG_2855-768x1024.jpeg 768w, https:\/\/wordpress.nibis.de\/dfrsmue\/files\/2023\/04\/IMG_2855-1152x1536.jpeg 1152w, https:\/\/wordpress.nibis.de\/dfrsmue\/files\/2023\/04\/IMG_2855-1536x2048.jpeg 1536w, https:\/\/wordpress.nibis.de\/dfrsmue\/files\/2023\/04\/IMG_2855-scaled.jpeg 1920w\" sizes=\"auto, (max-width: 506px) 100vw, 506px\" \/><\/figure>\n\n\n\n<p>Hier einige Beispiele f\u00fcr weitere Wahlpflichtkurse:<\/p>\n\n\n\n<p><\/p>\n\n\n\n<h4 class=\"wp-block-heading\"><span style=\"text-decoration: underline\" class=\"underline\">Hauswirtschaft<\/span><\/h4>\n\n\n\n<p>Viele K\u00f6che verderben das Essen! Das ist bei uns in Hauswirtschaft nicht der Fall! Wir lernen in 4er Gruppen die Grundlagen des praktischen Kochens.<\/p>\n\n\n\n<p>Die Sch\u00fclerinnen und Sch\u00fcler lernen im Anf\u00e4ngerunterricht theoretisch und praktisch die Grundlagen der Lebensmittelzubereitung und Verarbeitung in diesem Fach kennen. Einfache Rezepte von der Vorspeise, \u00fcber das Hauptgericht bis zur Nachspeise werden f\u00fcr die Sch\u00fclerinnen und Sch\u00fcler dann M\u00f6glich sein zu Hause nachzukochen. Im Fortgeschrittenenkurs lernen die Sch\u00fclerinnen und Sch\u00fcler verschiedene Essformen kennen. Sie lernen aber auch, dass falsche Nahrungszubereitung krank machen kann. Auch hier steht neben den theoretischen Grundlagen der praktische Kochanteil mit auf dem Lehrplan.<\/p>\n\n\n\n<p>Das Fach Hauswirtschaft wird meistens als ein Wahlpflichtfach angeboten.<\/p>\n\n\n\n<figure class=\"wp-block-image size-full is-resized\"><img loading=\"lazy\" decoding=\"async\" width=\"533\" height=\"400\" src=\"https:\/\/wordpress.nibis.de\/dfrsmue\/files\/2023\/04\/HW.jpeg\" alt=\"\" class=\"wp-image-587\" style=\"width:479px;height:359px\" \/><\/figure>\n\n\n\n<h4 class=\"wp-block-heading\"><span style=\"text-decoration: underline\" class=\"underline\">Werken<\/span><\/h4>\n\n\n\n<p><em>&#8222;Handwerk hat goldenen Boden&#8220;<\/em><\/p>\n\n\n\n<p>In der Realschule wird das Fach Werken ab der 6. Klasse als Wahlpflichtkurs angeboten. Die Sch\u00fclerinnen und Sch\u00fcler bearbeiten Holz und Holzwerkstoffe unter Gebrauch von Werkzeugen und Maschinen sowie unter fachgerechter Anwendung von Werkverfahren. Sie setzen eigene Ideen in einer Werkaufgabe kriterienorientiert um. Dabei kommt z.B. die Laubs\u00e4ge genauso zum Einsatz wie die Feins\u00e4ge oder die elektrische Dekupiers\u00e4ge.<\/p>\n\n\n\n<p>In Klasse 7 und 8 setzen sich die Sch\u00fclerinnen und Sch\u00fcler mit dem Ph\u00e4nomen Spiel und Spielzeug auseinander. Sie gestalten Produkte, die zum Spielen und Agieren geeignet sind. Sie gewinnen Einblicke in technische Zusammenh\u00e4nge und wenden \u00e4sthetische Kenntnisse an.<\/p>\n\n\n\n<p>In den letzten beiden Schuljahren 9 und 10 gestalten die Sch\u00fclerinnen und Sch\u00fcler schlie\u00dflich Gegenst\u00e4nde f\u00fcr den allt\u00e4glichen Gebrauch. Unter \u00e4sthetischen sowie funktionalen Gesichtspunkten erarbeiten sie individuelle Werkst\u00fccke aus unterschiedlichen Werkstoffen wie Holz und Metall. <\/p>\n\n\n\n<figure class=\"wp-block-image size-full is-resized\"><img loading=\"lazy\" decoding=\"async\" width=\"640\" height=\"480\" src=\"https:\/\/wordpress.nibis.de\/dfrsmue\/files\/2023\/04\/Werken.jpg\" alt=\"\" class=\"wp-image-584\" style=\"width:486px;height:365px\" srcset=\"https:\/\/wordpress.nibis.de\/dfrsmue\/files\/2023\/04\/Werken.jpg 640w, https:\/\/wordpress.nibis.de\/dfrsmue\/files\/2023\/04\/Werken-637x478.jpg 637w\" sizes=\"auto, (max-width: 640px) 100vw, 640px\" \/><\/figure>\n\n\n\n<p><\/p>\n","protected":false},"excerpt":{"rendered":"<p>Die Wahlpflichtkurse (WPK) Wenn Ihr Kind in die 6. Klasse kommt, wird es zu Beginn des Schuljahres zwei Wahlpflichtkurse (WPK) oder einen Kurs Franz\u00f6sisch w\u00e4hlen. &hellip; <\/p>\n","protected":false},"author":9194097,"featured_media":0,"parent":0,"menu_order":0,"comment_status":"closed","ping_status":"closed","template":"","meta":{"footnotes":""},"class_list":["post-444","page","type-page","status-publish","hentry"],"_links":{"self":[{"href":"https:\/\/wordpress.nibis.de\/dfrsmue\/wp-json\/wp\/v2\/pages\/444","targetHints":{"allow":["GET"]}}],"collection":[{"href":"https:\/\/wordpress.nibis.de\/dfrsmue\/wp-json\/wp\/v2\/pages"}],"about":[{"href":"https:\/\/wordpress.nibis.de\/dfrsmue\/wp-json\/wp\/v2\/types\/page"}],"author":[{"embeddable":true,"href":"https:\/\/wordpress.nibis.de\/dfrsmue\/wp-json\/wp\/v2\/users\/9194097"}],"replies":[{"embeddable":true,"href":"https:\/\/wordpress.nibis.de\/dfrsmue\/wp-json\/wp\/v2\/comments?post=444"}],"version-history":[{"count":9,"href":"https:\/\/wordpress.nibis.de\/dfrsmue\/wp-json\/wp\/v2\/pages\/444\/revisions"}],"predecessor-version":[{"id":2229,"href":"https:\/\/wordpress.nibis.de\/dfrsmue\/wp-json\/wp\/v2\/pages\/444\/revisions\/2229"}],"wp:attachment":[{"href":"https:\/\/wordpress.nibis.de\/dfrsmue\/wp-json\/wp\/v2\/media?parent=444"}],"curies":[{"name":"wp","href":"https:\/\/api.w.org\/{rel}","templated":true}]}}