{"id":459,"date":"2023-03-22T18:07:29","date_gmt":"2023-03-22T17:07:29","guid":{"rendered":"https:\/\/wordpress.nibis.de\/dfrsmue\/?page_id=459"},"modified":"2023-05-08T09:00:16","modified_gmt":"2023-05-08T07:00:16","slug":"relgion-wun","status":"publish","type":"page","link":"https:\/\/wordpress.nibis.de\/dfrsmue\/relgion-wun\/","title":{"rendered":"Religion\/WuN"},"content":{"rendered":"\n<p><strong>Religion<\/strong><\/p>\n\n\n\n<p>\u201eGlauben Sie eigentlich an Gott?\u201c Das ist eine der interessantesten Fragen an die Religionslehrerin. Sofort sind wir mitten in der Diskussion und im Meinungsaustausch. So ist das mit diesem Fach, es bietet Zeit und Raum f\u00fcr die gro\u00dfen (und auch die kleinen) Fragen des Lebens und auch f\u00fcr die Fragen zum Ende des Lebens.<\/p>\n\n\n\n<div class=\"wp-block-media-text alignwide is-stacked-on-mobile\" style=\"grid-template-columns:57% auto\"><figure class=\"wp-block-media-text__media\"><img loading=\"lazy\" decoding=\"async\" width=\"691\" height=\"335\" src=\"https:\/\/wordpress.nibis.de\/dfrsmue\/files\/2023\/05\/Religion.jpg\" alt=\"\" class=\"wp-image-1113 size-full\" \/><\/figure><div class=\"wp-block-media-text__content\">\n<p style=\"font-size:18px\">Wir benoten nicht den Glauben der Sch\u00fclerinnen und Sch\u00fcler. Miteinander n\u00e4hern wir uns wichtigen Themen &#8211; auch mit den Geschichten der Bibel. Diese Geschichten zu kennen, gibt eine Basis und erweitert gleichzeitig den Horizont \u2013 ob wir daran glauben oder nicht. Dabei besch\u00e4ftigen wir uns auch mit anderen Religionen und Ansichten. Hierbei und in vielen Themen unterscheidet sich Religion als Fach nicht so sehr vom Fach \u201eWerte und Normen\u201c. Wir kn\u00fcpfen jedoch immer wieder an das Christentum an.<\/p>\n<\/div><\/div>\n\n\n\n<p><strong>Werte und Normen<\/strong><\/p>\n\n\n\n<p>Das Fach Werte und Normen bietet die M\u00f6glichkeit, \u00fcber all das zu sprechen und zu reden, was uns als Gesellschaft und Menschen ausmacht. Hier finden Themen wie Freundschaft, Gl\u00fcck und Liebe ebenso einen Platz wie die Themen Trauer und Konflikte.<\/p>\n","protected":false},"excerpt":{"rendered":"<p>Religion \u201eGlauben Sie eigentlich an Gott?\u201c Das ist eine der interessantesten Fragen an die Religionslehrerin. Sofort sind wir mitten in der Diskussion und im Meinungsaustausch. &hellip; <\/p>\n","protected":false},"author":9194097,"featured_media":0,"parent":0,"menu_order":0,"comment_status":"closed","ping_status":"closed","template":"","meta":{"footnotes":""},"class_list":["post-459","page","type-page","status-publish","hentry"],"_links":{"self":[{"href":"https:\/\/wordpress.nibis.de\/dfrsmue\/wp-json\/wp\/v2\/pages\/459","targetHints":{"allow":["GET"]}}],"collection":[{"href":"https:\/\/wordpress.nibis.de\/dfrsmue\/wp-json\/wp\/v2\/pages"}],"about":[{"href":"https:\/\/wordpress.nibis.de\/dfrsmue\/wp-json\/wp\/v2\/types\/page"}],"author":[{"embeddable":true,"href":"https:\/\/wordpress.nibis.de\/dfrsmue\/wp-json\/wp\/v2\/users\/9194097"}],"replies":[{"embeddable":true,"href":"https:\/\/wordpress.nibis.de\/dfrsmue\/wp-json\/wp\/v2\/comments?post=459"}],"version-history":[{"count":5,"href":"https:\/\/wordpress.nibis.de\/dfrsmue\/wp-json\/wp\/v2\/pages\/459\/revisions"}],"predecessor-version":[{"id":1115,"href":"https:\/\/wordpress.nibis.de\/dfrsmue\/wp-json\/wp\/v2\/pages\/459\/revisions\/1115"}],"wp:attachment":[{"href":"https:\/\/wordpress.nibis.de\/dfrsmue\/wp-json\/wp\/v2\/media?parent=459"}],"curies":[{"name":"wp","href":"https:\/\/api.w.org\/{rel}","templated":true}]}}