{"id":462,"date":"2023-03-22T18:07:39","date_gmt":"2023-03-22T17:07:39","guid":{"rendered":"https:\/\/wordpress.nibis.de\/dfrsmue\/?page_id=462"},"modified":"2023-04-12T17:28:09","modified_gmt":"2023-04-12T15:28:09","slug":"chemie","status":"publish","type":"page","link":"https:\/\/wordpress.nibis.de\/dfrsmue\/chemie\/","title":{"rendered":"Chemie"},"content":{"rendered":"\n<p>M\u00f6chten Sie wissen wie man den Stein der Weisen herstellt? Oder andere alchemistische Vorg\u00e4nge? Neugierig geworden?<\/p>\n\n\n\n<p>Das Fach Chemie vermittelt den Sch\u00fclerinnen und Sch\u00fclern Grundlagen \u00fcber Atome, Elemente, Reinstoffe, Stoffgemische, Metalle usw. Spannende Experimente und Prozesse, wie Chemiker in der Vergangenheit zu Erkenntnissen gekommen sind, erwarten die Sch\u00fclerinnen und Sch\u00fcler. Die Sch\u00fclerinnen und Sch\u00fcler werden leider aber auch erfahren, dass man keinen Stein der Weisen herstellen kann. Die geheime Sprache der Chemiker, die zu Beginn f\u00fcr viele ein Buch mit sieben Siegeln ist, wird f\u00fcr sie nach dem 10. Schuljahr kein Geheimnis mehr sein.<\/p>\n\n\n\n<figure class=\"wp-block-image size-full is-resized\"><img loading=\"lazy\" decoding=\"async\" src=\"https:\/\/wordpress.nibis.de\/dfrsmue\/files\/2023\/04\/Chemie.jpg\" alt=\"\" class=\"wp-image-589\" width=\"539\" height=\"247\" \/><\/figure>\n\n\n\n<p><\/p>\n","protected":false},"excerpt":{"rendered":"<p>M\u00f6chten Sie wissen wie man den Stein der Weisen herstellt? Oder andere alchemistische Vorg\u00e4nge? Neugierig geworden? Das Fach Chemie vermittelt den Sch\u00fclerinnen und Sch\u00fclern Grundlagen &hellip; <\/p>\n","protected":false},"author":9194097,"featured_media":0,"parent":0,"menu_order":0,"comment_status":"closed","ping_status":"closed","template":"","meta":{"footnotes":""},"class_list":["post-462","page","type-page","status-publish","hentry"],"_links":{"self":[{"href":"https:\/\/wordpress.nibis.de\/dfrsmue\/wp-json\/wp\/v2\/pages\/462","targetHints":{"allow":["GET"]}}],"collection":[{"href":"https:\/\/wordpress.nibis.de\/dfrsmue\/wp-json\/wp\/v2\/pages"}],"about":[{"href":"https:\/\/wordpress.nibis.de\/dfrsmue\/wp-json\/wp\/v2\/types\/page"}],"author":[{"embeddable":true,"href":"https:\/\/wordpress.nibis.de\/dfrsmue\/wp-json\/wp\/v2\/users\/9194097"}],"replies":[{"embeddable":true,"href":"https:\/\/wordpress.nibis.de\/dfrsmue\/wp-json\/wp\/v2\/comments?post=462"}],"version-history":[{"count":4,"href":"https:\/\/wordpress.nibis.de\/dfrsmue\/wp-json\/wp\/v2\/pages\/462\/revisions"}],"predecessor-version":[{"id":590,"href":"https:\/\/wordpress.nibis.de\/dfrsmue\/wp-json\/wp\/v2\/pages\/462\/revisions\/590"}],"wp:attachment":[{"href":"https:\/\/wordpress.nibis.de\/dfrsmue\/wp-json\/wp\/v2\/media?parent=462"}],"curies":[{"name":"wp","href":"https:\/\/api.w.org\/{rel}","templated":true}]}}