{"id":465,"date":"2023-03-22T18:07:52","date_gmt":"2023-03-22T17:07:52","guid":{"rendered":"https:\/\/wordpress.nibis.de\/dfrsmue\/?page_id=465"},"modified":"2023-04-25T11:03:41","modified_gmt":"2023-04-25T09:03:41","slug":"biologie","status":"publish","type":"page","link":"https:\/\/wordpress.nibis.de\/dfrsmue\/biologie\/","title":{"rendered":"Biologie"},"content":{"rendered":"\n<p><strong>Biologie ist die Wissenschaft des Lebens.<\/strong><\/p>\n\n\n\n<p>Im Biologieunterricht lernst du alles \u00fcber Pflanzen, Tiere und den menschlichen K\u00f6rper. Wir erforschen, wie sie funktionieren, wie sie sich entwickeln und wie sie sich an ihre Umwelt anpassen. Au\u00dferdem lernst du, wie man sie sch\u00fctzt und erh\u00e4lt, um die Zukunft unserer Welt zu sichern.<\/p>\n\n\n\n<p><strong>Sei dabei, wenn wir gemeinsam die Wunder der Natur entdecken!<\/strong><\/p>\n\n\n\n<p>Der Fachbereich Biologie bietet den Sch\u00fclerinnen und Sch\u00fclern dar\u00fcber hinaus verschiedene Lernerfahrungen. Im Austausch mit dem schulbiologischen Zentrum in Kassel werden in der Schule verschiedene lebende Tiere wie z.B. die Stabschrecke f\u00fcr den Einsatz zur Verf\u00fcgung gestellt. Es wird damit angestrebt, einen nachhaltigen Biologieunterricht den Lernenden zu erm\u00f6glichen. Als gemeinsames Ziel strebt die Schule ein nachhaltiges Konzept im naturwissenschaftlichen Unterricht an, um ein Bewusstsein f\u00fcr die Natur und Umwelt zu erzeugen.<\/p>\n\n\n\n<figure class=\"wp-block-image size-large is-resized\"><img loading=\"lazy\" decoding=\"async\" src=\"https:\/\/wordpress.nibis.de\/dfrsmue\/files\/2023\/04\/IMG-9827-506x675.jpg\" alt=\"\" class=\"wp-image-868\" width=\"213\" height=\"284\" srcset=\"https:\/\/wordpress.nibis.de\/dfrsmue\/files\/2023\/04\/IMG-9827-506x675.jpg 506w, https:\/\/wordpress.nibis.de\/dfrsmue\/files\/2023\/04\/IMG-9827-359x478.jpg 359w, https:\/\/wordpress.nibis.de\/dfrsmue\/files\/2023\/04\/IMG-9827-768x1024.jpg 768w, https:\/\/wordpress.nibis.de\/dfrsmue\/files\/2023\/04\/IMG-9827-1152x1536.jpg 1152w, https:\/\/wordpress.nibis.de\/dfrsmue\/files\/2023\/04\/IMG-9827-1536x2048.jpg 1536w, https:\/\/wordpress.nibis.de\/dfrsmue\/files\/2023\/04\/IMG-9827-scaled.jpg 1920w\" sizes=\"auto, (max-width: 213px) 100vw, 213px\" \/><\/figure>\n","protected":false},"excerpt":{"rendered":"<p>Biologie ist die Wissenschaft des Lebens. Im Biologieunterricht lernst du alles \u00fcber Pflanzen, Tiere und den menschlichen K\u00f6rper. Wir erforschen, wie sie funktionieren, wie sie &hellip; <\/p>\n","protected":false},"author":9194097,"featured_media":0,"parent":0,"menu_order":0,"comment_status":"closed","ping_status":"closed","template":"","meta":{"footnotes":""},"class_list":["post-465","page","type-page","status-publish","hentry"],"_links":{"self":[{"href":"https:\/\/wordpress.nibis.de\/dfrsmue\/wp-json\/wp\/v2\/pages\/465","targetHints":{"allow":["GET"]}}],"collection":[{"href":"https:\/\/wordpress.nibis.de\/dfrsmue\/wp-json\/wp\/v2\/pages"}],"about":[{"href":"https:\/\/wordpress.nibis.de\/dfrsmue\/wp-json\/wp\/v2\/types\/page"}],"author":[{"embeddable":true,"href":"https:\/\/wordpress.nibis.de\/dfrsmue\/wp-json\/wp\/v2\/users\/9194097"}],"replies":[{"embeddable":true,"href":"https:\/\/wordpress.nibis.de\/dfrsmue\/wp-json\/wp\/v2\/comments?post=465"}],"version-history":[{"count":3,"href":"https:\/\/wordpress.nibis.de\/dfrsmue\/wp-json\/wp\/v2\/pages\/465\/revisions"}],"predecessor-version":[{"id":870,"href":"https:\/\/wordpress.nibis.de\/dfrsmue\/wp-json\/wp\/v2\/pages\/465\/revisions\/870"}],"wp:attachment":[{"href":"https:\/\/wordpress.nibis.de\/dfrsmue\/wp-json\/wp\/v2\/media?parent=465"}],"curies":[{"name":"wp","href":"https:\/\/api.w.org\/{rel}","templated":true}]}}