{"id":469,"date":"2023-03-22T18:08:09","date_gmt":"2023-03-22T17:08:09","guid":{"rendered":"https:\/\/wordpress.nibis.de\/dfrsmue\/?page_id=469"},"modified":"2023-04-25T11:48:56","modified_gmt":"2023-04-25T09:48:56","slug":"physik","status":"publish","type":"page","link":"https:\/\/wordpress.nibis.de\/dfrsmue\/physik\/","title":{"rendered":"Physik"},"content":{"rendered":"\n<div class=\"wp-block-media-text alignwide is-stacked-on-mobile\" style=\"grid-template-columns:36% auto\"><figure class=\"wp-block-media-text__media\"><img loading=\"lazy\" decoding=\"async\" width=\"900\" height=\"675\" src=\"https:\/\/wordpress.nibis.de\/dfrsmue\/files\/2023\/04\/20230425_084608-900x675.jpg\" alt=\"\" class=\"wp-image-872 size-full\" srcset=\"https:\/\/wordpress.nibis.de\/dfrsmue\/files\/2023\/04\/20230425_084608-900x675.jpg 900w, https:\/\/wordpress.nibis.de\/dfrsmue\/files\/2023\/04\/20230425_084608-637x478.jpg 637w, https:\/\/wordpress.nibis.de\/dfrsmue\/files\/2023\/04\/20230425_084608-768x576.jpg 768w, https:\/\/wordpress.nibis.de\/dfrsmue\/files\/2023\/04\/20230425_084608-1536x1152.jpg 1536w, https:\/\/wordpress.nibis.de\/dfrsmue\/files\/2023\/04\/20230425_084608-2048x1536.jpg 2048w\" sizes=\"auto, (max-width: 900px) 100vw, 900px\" \/><\/figure><div class=\"wp-block-media-text__content\">\n<p><\/p>\n\n\n\n<p style=\"font-size:18px\">Ziel des Physikunterrichts an der Drei-Fl\u00fcsse-Realschule ist die Lust am Experimentieren und am Verstehen wollen von Naturph\u00e4nomenen zu wecken. Darum sind physikalische Versuche zentraler Bestandteil des Unterrichts.<br>Um Zeit f\u00fcr die Experimente zu haben, wird Physik in den Jahrg\u00e4ngen 5 und 6 zweist\u00fcndig im halbj\u00e4hrlichen Wechsel mit Chemie angeboten.<\/p>\n<\/div><\/div>\n\n\n\n<p>Themen:<br>Jahrgang 5: Magnetismus und E-Lehre 1 (1. Halbjahr)<br>Jahrgang 6: Optik (2. Halbjahr)<br>Jahrgang 7: Kraft und einfache Maschinen<br>Jahrgang 8: E-Lehre 2<br>Jahrgang 9: Elektromagnetismus und Energie<br>Jahrgang 10: Gleichf\u00f6rmige und beschleunigte Bewegungen und Kernphysik<\/p>\n","protected":false},"excerpt":{"rendered":"<p>Ziel des Physikunterrichts an der Drei-Fl\u00fcsse-Realschule ist die Lust am Experimentieren und am Verstehen wollen von Naturph\u00e4nomenen zu wecken. Darum sind physikalische Versuche zentraler Bestandteil &hellip; <\/p>\n","protected":false},"author":9194097,"featured_media":0,"parent":0,"menu_order":0,"comment_status":"closed","ping_status":"closed","template":"","meta":{"footnotes":""},"class_list":["post-469","page","type-page","status-publish","hentry"],"_links":{"self":[{"href":"https:\/\/wordpress.nibis.de\/dfrsmue\/wp-json\/wp\/v2\/pages\/469","targetHints":{"allow":["GET"]}}],"collection":[{"href":"https:\/\/wordpress.nibis.de\/dfrsmue\/wp-json\/wp\/v2\/pages"}],"about":[{"href":"https:\/\/wordpress.nibis.de\/dfrsmue\/wp-json\/wp\/v2\/types\/page"}],"author":[{"embeddable":true,"href":"https:\/\/wordpress.nibis.de\/dfrsmue\/wp-json\/wp\/v2\/users\/9194097"}],"replies":[{"embeddable":true,"href":"https:\/\/wordpress.nibis.de\/dfrsmue\/wp-json\/wp\/v2\/comments?post=469"}],"version-history":[{"count":5,"href":"https:\/\/wordpress.nibis.de\/dfrsmue\/wp-json\/wp\/v2\/pages\/469\/revisions"}],"predecessor-version":[{"id":875,"href":"https:\/\/wordpress.nibis.de\/dfrsmue\/wp-json\/wp\/v2\/pages\/469\/revisions\/875"}],"wp:attachment":[{"href":"https:\/\/wordpress.nibis.de\/dfrsmue\/wp-json\/wp\/v2\/media?parent=469"}],"curies":[{"name":"wp","href":"https:\/\/api.w.org\/{rel}","templated":true}]}}