{"id":472,"date":"2023-03-22T18:08:44","date_gmt":"2023-03-22T17:08:44","guid":{"rendered":"https:\/\/wordpress.nibis.de\/dfrsmue\/?page_id=472"},"modified":"2023-04-24T17:38:57","modified_gmt":"2023-04-24T15:38:57","slug":"franzoesisch","status":"publish","type":"page","link":"https:\/\/wordpress.nibis.de\/dfrsmue\/franzoesisch\/","title":{"rendered":"Franz\u00f6sisch"},"content":{"rendered":"\n<p><strong>Bonjour la France!<\/strong><\/p>\n\n\n\n<p>Tu t&#8217;appelles comment? Tu as quel \u00e2ge? Tu habites o\u00f9? Tu as un animal?<\/p>\n\n\n\n<p>Das klingt m\u00f6glicherweise kompliziert, wird aber innerhalb kurzer Zeit von Kindern, die Franz\u00f6sisch lernen, beherrscht. Sie k\u00f6nnen recht bald etwas \u00fcber sich, ihre Hobbys und ihre Familie erz\u00e4hlen.<\/p>\n\n\n\n<p>Im Franz\u00f6sischunterricht begleiten wir die Schulbuchkinder durch ihren Alltag und lernen dadurch kleine Dialoge des t\u00e4glichen Lebens, z.B. einen Einkaufsdialog, ein Besuch im Restaurant oder eine Wegbeschreibung.<\/p>\n\n\n\n<p>Es geht von den&nbsp; Pyren\u00e4en bis in die Provence: Es werden verschiedene Regionen Frankreichs vorgestellt und nat\u00fcrlich auch die Sehensw\u00fcrdigkeiten von Paris wie der Eiffelturm oder Notre Dame.<\/p>\n\n\n\n<p>Auch das Kulinarische kommt nicht zu kurz: Was sind franz\u00f6sische Spezialit\u00e4ten? Was essen die Franzosen? Unsere Schulk\u00fcche wird dabei gerne mal zum Cr\u00eape-Backen genutzt!<\/p>\n\n\n\n<p>Und nat\u00fcrlich ist eine Fahrt nach Paris eingeplant! Solange die steigenden Kosten es uns noch erlauben, geht es alle zwei Jahre mit den 8. und 9. Franz\u00f6sischkursen f\u00fcr vier Tage nach Paris!<\/p>\n\n\n\n<p>Falls Sie Informationen zum WPK Franz\u00f6sisch allgemein suchen, schauen Sie bitte unter <a href=\"https:\/\/wordpress.nibis.de\/dfrsmue\/wahlpflichtkurse\/\">WPK <\/a>nach!<\/p>\n","protected":false},"excerpt":{"rendered":"<p>Bonjour la France! Tu t&#8217;appelles comment? Tu as quel \u00e2ge? Tu habites o\u00f9? Tu as un animal? Das klingt m\u00f6glicherweise kompliziert, wird aber innerhalb kurzer &hellip; <\/p>\n","protected":false},"author":9194097,"featured_media":0,"parent":0,"menu_order":0,"comment_status":"closed","ping_status":"closed","template":"","meta":{"footnotes":""},"class_list":["post-472","page","type-page","status-publish","hentry"],"_links":{"self":[{"href":"https:\/\/wordpress.nibis.de\/dfrsmue\/wp-json\/wp\/v2\/pages\/472","targetHints":{"allow":["GET"]}}],"collection":[{"href":"https:\/\/wordpress.nibis.de\/dfrsmue\/wp-json\/wp\/v2\/pages"}],"about":[{"href":"https:\/\/wordpress.nibis.de\/dfrsmue\/wp-json\/wp\/v2\/types\/page"}],"author":[{"embeddable":true,"href":"https:\/\/wordpress.nibis.de\/dfrsmue\/wp-json\/wp\/v2\/users\/9194097"}],"replies":[{"embeddable":true,"href":"https:\/\/wordpress.nibis.de\/dfrsmue\/wp-json\/wp\/v2\/comments?post=472"}],"version-history":[{"count":3,"href":"https:\/\/wordpress.nibis.de\/dfrsmue\/wp-json\/wp\/v2\/pages\/472\/revisions"}],"predecessor-version":[{"id":736,"href":"https:\/\/wordpress.nibis.de\/dfrsmue\/wp-json\/wp\/v2\/pages\/472\/revisions\/736"}],"wp:attachment":[{"href":"https:\/\/wordpress.nibis.de\/dfrsmue\/wp-json\/wp\/v2\/media?parent=472"}],"curies":[{"name":"wp","href":"https:\/\/api.w.org\/{rel}","templated":true}]}}