{"id":475,"date":"2023-03-22T18:08:52","date_gmt":"2023-03-22T17:08:52","guid":{"rendered":"https:\/\/wordpress.nibis.de\/dfrsmue\/?page_id=475"},"modified":"2023-04-24T17:45:45","modified_gmt":"2023-04-24T15:45:45","slug":"geschichte","status":"publish","type":"page","link":"https:\/\/wordpress.nibis.de\/dfrsmue\/geschichte\/","title":{"rendered":"Geschichte"},"content":{"rendered":"\n<p><strong>Von der Steinzeit bis zum Mauerfall? Das kann man im Fach Geschichte erleben!<\/strong><\/p>\n\n\n\n<p>Geschichte wird ab Klasse 5 unterrichtet und befasst sich mit dem, was fr\u00fcher passiert ist. Wir fragen uns, wie die Menschen fr\u00fcher gelebt haben, was sie gedacht haben und was in fr\u00fcheren Zeiten geschehen ist. Dadurch lernen wir, wie unsere heutige Welt entstanden ist und k\u00f6nnen sie besser verstehen.<\/p>\n\n\n\n<p><strong>Was wird in den einzelnen Jahrgangsstufen gelernt?<\/strong><\/p>\n\n\n\n<div class=\"wp-block-image is-style-rounded\"><figure class=\"alignleft size-large is-resized\"><img loading=\"lazy\" decoding=\"async\" src=\"https:\/\/wordpress.nibis.de\/dfrsmue\/files\/2023\/04\/IMG_2864-506x675.jpeg\" alt=\"\" class=\"wp-image-741\" width=\"234\" height=\"312\" srcset=\"https:\/\/wordpress.nibis.de\/dfrsmue\/files\/2023\/04\/IMG_2864-506x675.jpeg 506w, https:\/\/wordpress.nibis.de\/dfrsmue\/files\/2023\/04\/IMG_2864-359x478.jpeg 359w, https:\/\/wordpress.nibis.de\/dfrsmue\/files\/2023\/04\/IMG_2864-768x1024.jpeg 768w, https:\/\/wordpress.nibis.de\/dfrsmue\/files\/2023\/04\/IMG_2864-1152x1536.jpeg 1152w, https:\/\/wordpress.nibis.de\/dfrsmue\/files\/2023\/04\/IMG_2864-1536x2048.jpeg 1536w, https:\/\/wordpress.nibis.de\/dfrsmue\/files\/2023\/04\/IMG_2864-scaled.jpeg 1920w\" sizes=\"auto, (max-width: 234px) 100vw, 234px\" \/><\/figure><\/div>\n\n\n\n<p><strong>5. Klasse: Steinzeit und Altes \u00c4gypten<\/strong><\/p>\n\n\n\n<p>Was tut man mit einem Faustkeil und wie kann man Hieroglyphen entziffern?<\/p>\n\n\n\n<p><strong>6. Klasse: Altes Rom, Mittelalter und die Entdeckungen der Seefahrer:<\/strong> Colosseum, Limes, Ritter und Kl\u00f6ster und der Entdecker des Seewegs nach Indien.<\/p>\n\n\n\n<p><strong>7. Klasse: Reformation und die Franz\u00f6sische Revolution<\/strong><\/p>\n\n\n\n<p>Was machte Luther auf der Wartburg und wie erging es dem franz\u00f6sischen K\u00f6nig?<\/p>\n\n\n\n<p><strong>8. Klasse: Deutschland im 19. Jahrhundert (Weg zur nationalen Einheit und Mitspracherechte, Industrialisierung, Kaiserreich) und Weimarer Republik<\/strong><\/p>\n\n\n\n<p>Wann wurde Deutschland ein Nationalstaat und wann gab es Menschen-und B\u00fcrgerrechte?<\/p>\n\n\n\n<p><strong>9. Klasse: zweist\u00fcndig im ersten Halbjahr: Das Dritte Reich, Judenverfolgung und der Zweite Weltkrieg: <\/strong>Warum kam Hitler an die Macht, was war ein Konzentrationslager und wie endete der Zweite Weltkrieg? Eine Fahrt in das ehemalige Konzentrationslager Buchenwald gibt eine Einblick in das unmenschliche System des Dritten Reiches.<\/p>\n\n\n\n<p><strong>10. Klasse: Nachkriegszeit und Kalter Krieg, Geschichte der Bundesrepublik und der DDR bis zur Wiedervereinigung: <\/strong>Schwarzmarkt, Care-Pakete,&nbsp; Kuba-Krise, Wirtschaftswunder, Freie Deutsche Jugend, Stasi und Mauerfall<\/p>\n","protected":false},"excerpt":{"rendered":"<p>Von der Steinzeit bis zum Mauerfall? Das kann man im Fach Geschichte erleben! Geschichte wird ab Klasse 5 unterrichtet und befasst sich mit dem, was &hellip; <\/p>\n","protected":false},"author":9194097,"featured_media":0,"parent":0,"menu_order":0,"comment_status":"closed","ping_status":"closed","template":"","meta":{"footnotes":""},"class_list":["post-475","page","type-page","status-publish","hentry"],"_links":{"self":[{"href":"https:\/\/wordpress.nibis.de\/dfrsmue\/wp-json\/wp\/v2\/pages\/475","targetHints":{"allow":["GET"]}}],"collection":[{"href":"https:\/\/wordpress.nibis.de\/dfrsmue\/wp-json\/wp\/v2\/pages"}],"about":[{"href":"https:\/\/wordpress.nibis.de\/dfrsmue\/wp-json\/wp\/v2\/types\/page"}],"author":[{"embeddable":true,"href":"https:\/\/wordpress.nibis.de\/dfrsmue\/wp-json\/wp\/v2\/users\/9194097"}],"replies":[{"embeddable":true,"href":"https:\/\/wordpress.nibis.de\/dfrsmue\/wp-json\/wp\/v2\/comments?post=475"}],"version-history":[{"count":2,"href":"https:\/\/wordpress.nibis.de\/dfrsmue\/wp-json\/wp\/v2\/pages\/475\/revisions"}],"predecessor-version":[{"id":743,"href":"https:\/\/wordpress.nibis.de\/dfrsmue\/wp-json\/wp\/v2\/pages\/475\/revisions\/743"}],"wp:attachment":[{"href":"https:\/\/wordpress.nibis.de\/dfrsmue\/wp-json\/wp\/v2\/media?parent=475"}],"curies":[{"name":"wp","href":"https:\/\/api.w.org\/{rel}","templated":true}]}}