{"id":478,"date":"2023-03-22T18:09:00","date_gmt":"2023-03-22T17:09:00","guid":{"rendered":"https:\/\/wordpress.nibis.de\/dfrsmue\/?page_id=478"},"modified":"2023-04-24T17:48:45","modified_gmt":"2023-04-24T15:48:45","slug":"politik","status":"publish","type":"page","link":"https:\/\/wordpress.nibis.de\/dfrsmue\/politik\/","title":{"rendered":"Politik"},"content":{"rendered":"\n<p><strong>Politik ist Mitbestimmung!<\/strong><\/p>\n\n\n\n<p>Politik wird erst ab der 7. Klasse unterrichtet. Das Fach befasst sich mit dem Zusammenleben der Menschen in der Gesellschaft und den Zusammenh\u00e4ngen im politischen Geschehen. Auch die Rolle und die Aufgaben des Einzelnen schauen wir uns an.<\/p>\n\n\n\n<p><strong>Welche Themen werden in den einzelnen Jahrgangsstufen unterrichtet?<\/strong><\/p>\n\n\n\n<p><strong>7. Klasse: Was ist Demokratie?, Recht und Gesetze<\/strong><\/p>\n\n\n\n<p>Wie wollen wir in unserer Gesellschaft zusammenleben? Welche Regeln sind wichtig? Was habe ich f\u00fcr Rechte? Was passiert, wenn man gegen Gesetze verst\u00f6\u00dft?<\/p>\n\n\n\n<p><strong>8. Klasse: Medien in unserer Gesellschaft, Arbeit und soziale Sicherung<\/strong><\/p>\n\n\n\n<p>Welche Medien gibt es? Was ist ihre Aufgabe? Welche Rolle spielen die sozialen Medien? Warum ist Arbeit wichtig? Was ist soziale Sicherung?<\/p>\n\n\n\n<p><strong>9. Klasse: nur einst\u00fcndig im 2. Halbjahr: Internationale Sicherheit<\/strong><\/p>\n\n\n\n<p>Was macht die UNO? Warum gib es Kriege und was kann man tun, um sie zu verhindern?<\/p>\n\n\n\n<p><strong>10. Klasse: Demokratie in Deutschland, und Europ\u00e4ische Union<\/strong><\/p>\n\n\n\n<p>Bald darf ich w\u00e4hlen! Was geh\u00f6rt zu einer Demokratie? Was ist der europ\u00e4ische Binnenmarkt?<\/p>\n","protected":false},"excerpt":{"rendered":"<p>Politik ist Mitbestimmung! Politik wird erst ab der 7. Klasse unterrichtet. Das Fach befasst sich mit dem Zusammenleben der Menschen in der Gesellschaft und den &hellip; <\/p>\n","protected":false},"author":9194097,"featured_media":0,"parent":0,"menu_order":0,"comment_status":"closed","ping_status":"closed","template":"","meta":{"footnotes":""},"class_list":["post-478","page","type-page","status-publish","hentry"],"_links":{"self":[{"href":"https:\/\/wordpress.nibis.de\/dfrsmue\/wp-json\/wp\/v2\/pages\/478","targetHints":{"allow":["GET"]}}],"collection":[{"href":"https:\/\/wordpress.nibis.de\/dfrsmue\/wp-json\/wp\/v2\/pages"}],"about":[{"href":"https:\/\/wordpress.nibis.de\/dfrsmue\/wp-json\/wp\/v2\/types\/page"}],"author":[{"embeddable":true,"href":"https:\/\/wordpress.nibis.de\/dfrsmue\/wp-json\/wp\/v2\/users\/9194097"}],"replies":[{"embeddable":true,"href":"https:\/\/wordpress.nibis.de\/dfrsmue\/wp-json\/wp\/v2\/comments?post=478"}],"version-history":[{"count":3,"href":"https:\/\/wordpress.nibis.de\/dfrsmue\/wp-json\/wp\/v2\/pages\/478\/revisions"}],"predecessor-version":[{"id":751,"href":"https:\/\/wordpress.nibis.de\/dfrsmue\/wp-json\/wp\/v2\/pages\/478\/revisions\/751"}],"wp:attachment":[{"href":"https:\/\/wordpress.nibis.de\/dfrsmue\/wp-json\/wp\/v2\/media?parent=478"}],"curies":[{"name":"wp","href":"https:\/\/api.w.org\/{rel}","templated":true}]}}