{"id":481,"date":"2023-03-22T18:09:08","date_gmt":"2023-03-22T17:09:08","guid":{"rendered":"https:\/\/wordpress.nibis.de\/dfrsmue\/?page_id=481"},"modified":"2023-04-24T17:47:43","modified_gmt":"2023-04-24T15:47:43","slug":"erdkunde","status":"publish","type":"page","link":"https:\/\/wordpress.nibis.de\/dfrsmue\/erdkunde\/","title":{"rendered":"Erdkunde"},"content":{"rendered":"\n<p><strong>Einmal um die Welt!<\/strong><\/p>\n\n\n\n<p>Das Fach Erdkunde befasst sich mit der Beschreibung der Erde und der verschiedenen L\u00e4nder. Dabei geht es nicht nur um Berge oder Fl\u00fcsse, sondern auch um unsere Erde als unsere Lebensgrundlage. Diese Lebensgrundlage ver\u00e4ndert der Mensch. Im Erdkunde-unterricht sollen diese Prozesse und Zusammenh\u00e4nge verdeutlicht werden.<\/p>\n\n\n\n<p><strong>Was wird in den einzelnen Jahrgangsstufen gelernt?<\/strong><\/p>\n\n\n\n<p><strong>5. Klasse: Unser Nahraum\/ Leben und Wirtschaften in Niedersachsen, unser Sonnensystem und die Erde<\/strong><\/p>\n\n\n\n<p>Ebbe und Flut, L\u00fcneburger Heide, Planeten und das Gradnetz der Erde! Bei der Arbeit mit dem Atlas lernen alle die Erde kennen!<\/p>\n\n\n\n<p><strong>6. Klasse: Leben und Wirtschaften in Deutschland, unser Wetter und Leben und Wirtschaften in Europa<\/strong><\/p>\n\n\n\n<p>Wie entsteht Wind? Welche Pflanzen gibt es in den Alpen? Wie lebt man in einer Gro\u00dfstadt?<\/p>\n\n\n\n<div class=\"wp-block-image is-style-tw-rounded-corners\"><figure class=\"alignleft size-large is-resized\"><img loading=\"lazy\" decoding=\"async\" src=\"https:\/\/wordpress.nibis.de\/dfrsmue\/files\/2023\/04\/IMG_2848-506x675.jpeg\" alt=\"\" class=\"wp-image-738\" width=\"371\" height=\"495\" srcset=\"https:\/\/wordpress.nibis.de\/dfrsmue\/files\/2023\/04\/IMG_2848-506x675.jpeg 506w, https:\/\/wordpress.nibis.de\/dfrsmue\/files\/2023\/04\/IMG_2848-359x478.jpeg 359w, https:\/\/wordpress.nibis.de\/dfrsmue\/files\/2023\/04\/IMG_2848-768x1024.jpeg 768w, https:\/\/wordpress.nibis.de\/dfrsmue\/files\/2023\/04\/IMG_2848-1152x1536.jpeg 1152w, https:\/\/wordpress.nibis.de\/dfrsmue\/files\/2023\/04\/IMG_2848-1536x2048.jpeg 1536w, https:\/\/wordpress.nibis.de\/dfrsmue\/files\/2023\/04\/IMG_2848-scaled.jpeg 1920w\" sizes=\"auto, (max-width: 371px) 100vw, 371px\" \/><figcaption>Vulkanmodell<\/figcaption><\/figure><\/div>\n\n\n\n<p><strong>7. Klasse: Naturkatastrophen und der tropische Regenwald<\/strong><\/p>\n\n\n\n<p>Warum bricht ein Vulkan aus? Warum ist der tropische Regenwald wichtig f\u00fcr uns?<\/p>\n\n\n\n<p><strong>8. Klasse: Tourismus und Mobilit\u00e4t<\/strong><\/p>\n\n\n\n<p>Urlaub auf Mallorca oder in den Alpen? Gut f\u00fcr die Umwelt? Warum gibt es \u00fcberhaupt so viel Verkehr?<\/p>\n\n\n\n<p><strong>9. Klasse: Globalisierung und nachhaltige Ressourcennutzung<\/strong><\/p>\n\n\n\n<p>Deine Jeans war schon auf Weltreise! Woher kommen eigentlich unsere Rohstoffe?<\/p>\n\n\n\n<p><strong>10. Klasse: Entwicklung der Weltbev\u00f6lkerung und Klimawandel<\/strong><\/p>\n\n\n\n<p>Warum gibt es so viele Menschen auf der Erde? Was k\u00f6nnen wir gegen den&nbsp; Klimawandel tun?<\/p>\n","protected":false},"excerpt":{"rendered":"<p>Einmal um die Welt! Das Fach Erdkunde befasst sich mit der Beschreibung der Erde und der verschiedenen L\u00e4nder. Dabei geht es nicht nur um Berge &hellip; <\/p>\n","protected":false},"author":9194097,"featured_media":0,"parent":0,"menu_order":0,"comment_status":"closed","ping_status":"closed","template":"","meta":{"footnotes":""},"class_list":["post-481","page","type-page","status-publish","hentry"],"_links":{"self":[{"href":"https:\/\/wordpress.nibis.de\/dfrsmue\/wp-json\/wp\/v2\/pages\/481","targetHints":{"allow":["GET"]}}],"collection":[{"href":"https:\/\/wordpress.nibis.de\/dfrsmue\/wp-json\/wp\/v2\/pages"}],"about":[{"href":"https:\/\/wordpress.nibis.de\/dfrsmue\/wp-json\/wp\/v2\/types\/page"}],"author":[{"embeddable":true,"href":"https:\/\/wordpress.nibis.de\/dfrsmue\/wp-json\/wp\/v2\/users\/9194097"}],"replies":[{"embeddable":true,"href":"https:\/\/wordpress.nibis.de\/dfrsmue\/wp-json\/wp\/v2\/comments?post=481"}],"version-history":[{"count":4,"href":"https:\/\/wordpress.nibis.de\/dfrsmue\/wp-json\/wp\/v2\/pages\/481\/revisions"}],"predecessor-version":[{"id":748,"href":"https:\/\/wordpress.nibis.de\/dfrsmue\/wp-json\/wp\/v2\/pages\/481\/revisions\/748"}],"wp:attachment":[{"href":"https:\/\/wordpress.nibis.de\/dfrsmue\/wp-json\/wp\/v2\/media?parent=481"}],"curies":[{"name":"wp","href":"https:\/\/api.w.org\/{rel}","templated":true}]}}