{"id":488,"date":"2023-03-22T18:11:58","date_gmt":"2023-03-22T17:11:58","guid":{"rendered":"https:\/\/wordpress.nibis.de\/dfrsmue\/?page_id=488"},"modified":"2023-04-12T16:59:27","modified_gmt":"2023-04-12T14:59:27","slug":"deutsch","status":"publish","type":"page","link":"https:\/\/wordpress.nibis.de\/dfrsmue\/deutsch\/","title":{"rendered":"Deutsch"},"content":{"rendered":"\n<p><strong>Das Fach Deutsch ist mehr als Rechtschreibung und Grammatik!<\/strong><\/p>\n\n\n\n<p>\u201eErschreck deine Eltern \u2013 Lies ein Buch!\u201c Unter diesem Motto besuchen die 5. Klassen allj\u00e4hrlich die Stadtbibliothek, lernen die Einteilung in einer Rallye kennen und k\u00f6nnen sofort die Spiele ausprobieren und einen Ausweis machen lassen.<\/p>\n\n\n\n<figure class=\"wp-block-image size-large is-resized\"><img loading=\"lazy\" decoding=\"async\" src=\"https:\/\/wordpress.nibis.de\/dfrsmue\/files\/2023\/04\/Bild1-1200x675.jpg\" alt=\"\" class=\"wp-image-571\" width=\"570\" height=\"321\" srcset=\"https:\/\/wordpress.nibis.de\/dfrsmue\/files\/2023\/04\/Bild1-1200x675.jpg 1200w, https:\/\/wordpress.nibis.de\/dfrsmue\/files\/2023\/04\/Bild1-850x478.jpg 850w, https:\/\/wordpress.nibis.de\/dfrsmue\/files\/2023\/04\/Bild1-250x141.jpg 250w, https:\/\/wordpress.nibis.de\/dfrsmue\/files\/2023\/04\/Bild1-768x432.jpg 768w, https:\/\/wordpress.nibis.de\/dfrsmue\/files\/2023\/04\/Bild1.jpg 1418w\" sizes=\"auto, (max-width: 570px) 100vw, 570px\" \/><\/figure>\n\n\n\n<p>Deutsch kreativ: Ein ganzes Buch in einer Kiste! In Klasse 6 gestalten die Sch\u00fclerinnen und Sch\u00fcler f\u00e4cher\u00fcbergreifend in Kunst und Deutsch einen Schuhkarton zu einem Buch und stellen mit Hilfe der Gegenst\u00e4nde \u201eihr\u201c Buch vor.<\/p>\n\n\n\n<figure class=\"wp-block-image size-large is-resized\"><img loading=\"lazy\" decoding=\"async\" src=\"https:\/\/wordpress.nibis.de\/dfrsmue\/files\/2023\/04\/20180213_093447-900x675.jpg\" alt=\"\" class=\"wp-image-572\" width=\"571\" height=\"428\" srcset=\"https:\/\/wordpress.nibis.de\/dfrsmue\/files\/2023\/04\/20180213_093447-900x675.jpg 900w, https:\/\/wordpress.nibis.de\/dfrsmue\/files\/2023\/04\/20180213_093447-637x478.jpg 637w, https:\/\/wordpress.nibis.de\/dfrsmue\/files\/2023\/04\/20180213_093447-768x576.jpg 768w, https:\/\/wordpress.nibis.de\/dfrsmue\/files\/2023\/04\/20180213_093447-1536x1152.jpg 1536w, https:\/\/wordpress.nibis.de\/dfrsmue\/files\/2023\/04\/20180213_093447-2048x1536.jpg 2048w\" sizes=\"auto, (max-width: 571px) 100vw, 571px\" \/><\/figure>\n\n\n\n<p>Einen echten Autoren kennenlernen! Fabian Lenk (\u201eZeitdetektive\u201c) liest vor 7. Klassen aus seinem Buch \u201eDarklands\u201c. Danach k\u00f6nnen die Sch\u00fclerinnen und Sch\u00fcler endlich Fragen an einen Schriftsteller loswerden: \u201eWieviel verdienen Sie?\u201c \u201eWoher haben Sie die Ideen?\u201c aber auch \u201eSind Sie Fan eines bestimmten Fu\u00dfballvereins?<\/p>\n\n\n\n<figure class=\"wp-block-image size-full is-resized\"><img loading=\"lazy\" decoding=\"async\" src=\"https:\/\/wordpress.nibis.de\/dfrsmue\/files\/2023\/04\/Bild2.jpg\" alt=\"\" class=\"wp-image-573\" width=\"580\" height=\"282\" srcset=\"https:\/\/wordpress.nibis.de\/dfrsmue\/files\/2023\/04\/Bild2.jpg 984w, https:\/\/wordpress.nibis.de\/dfrsmue\/files\/2023\/04\/Bild2-850x413.jpg 850w, https:\/\/wordpress.nibis.de\/dfrsmue\/files\/2023\/04\/Bild2-768x373.jpg 768w\" sizes=\"auto, (max-width: 580px) 100vw, 580px\" \/><\/figure>\n","protected":false},"excerpt":{"rendered":"<p>Das Fach Deutsch ist mehr als Rechtschreibung und Grammatik! \u201eErschreck deine Eltern \u2013 Lies ein Buch!\u201c Unter diesem Motto besuchen die 5. Klassen allj\u00e4hrlich die &hellip; <\/p>\n","protected":false},"author":9194097,"featured_media":0,"parent":0,"menu_order":0,"comment_status":"closed","ping_status":"closed","template":"","meta":{"footnotes":""},"class_list":["post-488","page","type-page","status-publish","hentry"],"_links":{"self":[{"href":"https:\/\/wordpress.nibis.de\/dfrsmue\/wp-json\/wp\/v2\/pages\/488","targetHints":{"allow":["GET"]}}],"collection":[{"href":"https:\/\/wordpress.nibis.de\/dfrsmue\/wp-json\/wp\/v2\/pages"}],"about":[{"href":"https:\/\/wordpress.nibis.de\/dfrsmue\/wp-json\/wp\/v2\/types\/page"}],"author":[{"embeddable":true,"href":"https:\/\/wordpress.nibis.de\/dfrsmue\/wp-json\/wp\/v2\/users\/9194097"}],"replies":[{"embeddable":true,"href":"https:\/\/wordpress.nibis.de\/dfrsmue\/wp-json\/wp\/v2\/comments?post=488"}],"version-history":[{"count":2,"href":"https:\/\/wordpress.nibis.de\/dfrsmue\/wp-json\/wp\/v2\/pages\/488\/revisions"}],"predecessor-version":[{"id":574,"href":"https:\/\/wordpress.nibis.de\/dfrsmue\/wp-json\/wp\/v2\/pages\/488\/revisions\/574"}],"wp:attachment":[{"href":"https:\/\/wordpress.nibis.de\/dfrsmue\/wp-json\/wp\/v2\/media?parent=488"}],"curies":[{"name":"wp","href":"https:\/\/api.w.org\/{rel}","templated":true}]}}