{"id":53,"date":"2022-11-23T14:22:24","date_gmt":"2022-11-23T13:22:24","guid":{"rendered":"https:\/\/wordpress.nibis.de\/dfrsmue\/?page_id=53"},"modified":"2025-02-19T11:32:28","modified_gmt":"2025-02-19T10:32:28","slug":"unsere-schule","status":"publish","type":"page","link":"https:\/\/wordpress.nibis.de\/dfrsmue\/unsere-schule\/","title":{"rendered":"Unsere Schule"},"content":{"rendered":"\n<h2 class=\"wp-block-heading\">Die Drei Fl\u00fcsse Realschule stellt sich vor<\/h2>\n\n\n\n<p>Rundgang durch unsere Schule:&nbsp;&nbsp;&nbsp;&nbsp;&nbsp;&nbsp;Herzlich willkommen!&nbsp;&nbsp; <\/p>\n\n\n\n<figure class=\"wp-block-image\"><img decoding=\"async\" src=\"http:\/\/www.drei-fluesse-realschule.de\/images\/stories\/rundgang_raeume\/haupteingangseite.JPG\" alt=\"haupteingangseite\" \/><\/figure>\n\n\n\n<p>&nbsp;&nbsp;die Seitenansicht auf den Haupteingang<\/p>\n\n\n\n<figure class=\"wp-block-image\"><img decoding=\"async\" src=\"http:\/\/www.drei-fluesse-realschule.de\/images\/stories\/rundgang_raeume\/DSCI0009%20(Klein).JPG\" alt=\"DSCI0009 (Klein)\" \/><\/figure>\n\n\n\n<p>&nbsp;der Haupteingang<\/p>\n\n\n\n<figure class=\"wp-block-image\"><img decoding=\"async\" src=\"http:\/\/www.drei-fluesse-realschule.de\/images\/stories\/rundgang_raeume\/DSCI0005%20(Klein).JPG\" alt=\"DSCI0005 (Klein)\" \/><\/figure>\n\n\n\n<p>bitte eintreten und oben anmelden&#8230;<\/p>\n\n\n\n<figure class=\"wp-block-image\"><img decoding=\"async\" src=\"http:\/\/www.drei-fluesse-realschule.de\/images\/stories\/rundgang_raeume\/DSCI0004.JPG\" alt=\"DSCI0004\" \/><\/figure>\n\n\n\n<p>&#8230;&#8230;&#8230;&#8230;&#8230;..<\/p>\n\n\n\n<figure class=\"wp-block-image\"><img decoding=\"async\" src=\"http:\/\/www.drei-fluesse-realschule.de\/images\/stories\/rundgang_raeume\/hausmeisterraum.jpg\" alt=\"hausmeisterraum\" \/><\/figure>\n\n\n\n<p>das Hausmeister-B\u00fcro<\/p>\n\n\n\n<figure class=\"wp-block-image\"><img decoding=\"async\" src=\"http:\/\/www.drei-fluesse-realschule.de\/images\/stories\/rundgang_raeume\/DSCI0019%20(Klein).JPG\" alt=\"DSCI0019 (Klein)\" \/><\/figure>\n\n\n\n<p>&#8230;&#8230;&#8230;&#8230;&#8230;&#8230;&#8230;.<\/p>\n\n\n\n<p>&#8230;&#8230;&#8230;<\/p>\n\n\n\n<figure class=\"wp-block-image\"><img decoding=\"async\" src=\"http:\/\/www.drei-fluesse-realschule.de\/images\/stories\/sanis\/DSCI0128.JPG\" alt=\"DSCI0128\" \/><\/figure>\n\n\n\n<p>&nbsp;In der Halle geht es zum Sanit\u00e4ter-Raum&#8230;<\/p>\n\n\n\n<figure class=\"wp-block-image\"><img decoding=\"async\" src=\"http:\/\/www.drei-fluesse-realschule.de\/images\/stories\/grundschuelertag\/DSCI0182.JPG\" alt=\"DSCI0182\" \/><\/figure>\n\n\n\n<p>PC-Raum mit Smartboard<\/p>\n\n\n\n<figure class=\"wp-block-image is-resized\"><img loading=\"lazy\" decoding=\"async\" src=\"http:\/\/www.drei-fluesse-realschule.de\/images\/stories\/grundschuelertag\/DSCI0017.JPG\" alt=\"DSCI0017\" width=\"533\" height=\"400\" \/><\/figure>\n\n\n\n<p>&#8230;&#8230;..<\/p>\n\n\n\n<figure class=\"wp-block-image\"><img decoding=\"async\" src=\"http:\/\/www.drei-fluesse-realschule.de\/images\/stories\/grundschuelertag\/DSCI0095.JPG\" alt=\"DSCI0095\" \/><\/figure>\n\n\n\n<p>Schlie\u00dff\u00e4cher im langen Flur<\/p>\n\n\n\n<figure class=\"wp-block-image\"><img decoding=\"async\" src=\"http:\/\/www.drei-fluesse-realschule.de\/images\/stories\/grundschuelertag\/DSCI0041.JPG\" alt=\"DSCI0041\" \/><\/figure>\n\n\n\n<p>der Werkraum<\/p>\n\n\n\n<figure class=\"wp-block-image\"><img decoding=\"async\" src=\"http:\/\/www.drei-fluesse-realschule.de\/images\/stories\/grundschuelertag\/DSCI0091.JPG\" alt=\"DSCI0091\" \/><\/figure>\n\n\n\n<p>Physik-\/Bioraum<\/p>\n\n\n\n<figure class=\"wp-block-image\"><img decoding=\"async\" src=\"http:\/\/www.drei-fluesse-realschule.de\/images\/stories\/grundschuelertag\/DSCI0007.JPG\" alt=\"DSCI0007\" \/><\/figure>\n\n\n\n<p>im Kunstsaal im oberen Stockwerk<\/p>\n\n\n\n<figure class=\"wp-block-image\"><img decoding=\"async\" src=\"http:\/\/www.drei-fluesse-realschule.de\/images\/stories\/rundgang_raeume\/DSCI0027%20(Klein).JPG\" alt=\"DSCI0027 (Klein)\" \/><\/figure>\n\n\n\n<figure class=\"wp-block-image\"><img decoding=\"async\" src=\"http:\/\/www.drei-fluesse-realschule.de\/images\/stories\/Fruehstueck\/image1(1).jpeg\" alt=\"image1(1)\" \/><\/figure>\n\n\n\n<p>&#8230;und in unsere K\u00fcche f\u00fcr 4 Kochgruppen und Essecke, nebenan Wirtschaftsraum und Kr\u00e4uterbeet vor der T\u00fcr&#8230;<\/p>\n\n\n\n<figure class=\"wp-block-image\"><img decoding=\"async\" src=\"http:\/\/www.drei-fluesse-realschule.de\/images\/stories\/grundschuelertag\/DSCI0254.JPG\" alt=\"DSCI0254\" \/><\/figure>\n\n\n\n<p>haupts\u00e4chlich gedacht f\u00fcr die WPKs Hauswirtschaft und Profil Gesundheit &amp; Soziales<\/p>\n\n\n\n<figure class=\"wp-block-image\"><img decoding=\"async\" src=\"http:\/\/www.drei-fluesse-realschule.de\/images\/stories\/rundgang_raeume\/DSCI0003.JPG\" alt=\"DSCI0003\" \/><\/figure>\n\n\n\n<p>der &#8222;gro\u00dfe&#8220; Bewegungs-Hof mit Ballspiel-Platz und Tischtennisplatte&#8230;<\/p>\n\n\n\n<figure class=\"wp-block-image\"><img decoding=\"async\" src=\"http:\/\/www.drei-fluesse-realschule.de\/images\/stories\/klettergeruest%201112\/klettergeruest%201112\/DSCI0078.JPG\" alt=\"DSCI0078\" \/><\/figure>\n\n\n\n<p>&#8230; und vielgeliebtem Kletterger\u00fcst!<\/p>\n\n\n\n<figure class=\"wp-block-image\"><img decoding=\"async\" src=\"http:\/\/www.drei-fluesse-realschule.de\/images\/stories\/rundgang_raeume\/kleinerhof1.JPG\" alt=\"kleinerhof1\" \/><\/figure>\n\n\n\n<p>Und hier der &#8222;kleine&#8220; Hof mit Ruhezonen&#8230;<\/p>\n\n\n\n<figure class=\"wp-block-image\"><img decoding=\"async\" src=\"http:\/\/www.drei-fluesse-realschule.de\/images\/stories\/rundgang_raeume\/kleinerhof2.JPG\" alt=\"kleinerhof2\" \/><\/figure>\n\n\n\n<p>&#8230; zum Ausruhen im Schatten&#8230;<\/p>\n\n\n\n<figure class=\"wp-block-image\"><img decoding=\"async\" src=\"http:\/\/www.drei-fluesse-realschule.de\/images\/stories\/rundgang_raeume\/kleinerhof3.JPG\" alt=\"kleinerhof3\" \/><\/figure>\n\n\n\n<p>&#8230; oder in der Sonne&#8230;<\/p>\n\n\n\n<figure class=\"wp-block-image\"><img decoding=\"async\" src=\"http:\/\/www.drei-fluesse-realschule.de\/images\/stories\/rundgang_raeume\/kleinerhof4.JPG\" alt=\"kleinerhof4\" \/><\/figure>\n\n\n\n<p>&#8230; mit Tischtennism\u00f6glichkeiten&#8230;<\/p>\n\n\n\n<figure class=\"wp-block-image\"><img decoding=\"async\" src=\"http:\/\/www.drei-fluesse-realschule.de\/images\/stories\/rundgang_raeume\/kleinerhof5.JPG\" alt=\"kleinerhof5\" \/><\/figure>\n\n\n\n<p>&#8230; Arbeitsm\u00f6glichkeiten f\u00fcr kleinere Gruppen, einem tollen Schach-Feld und \u00fcberdachter Sitzecke&#8230;<\/p>\n\n\n\n<figure class=\"wp-block-image\"><img decoding=\"async\" src=\"http:\/\/www.drei-fluesse-realschule.de\/images\/stories\/rundgang_raeume\/kleinerhof6.JPG\" alt=\"kleinerhof6\" \/><\/figure>\n\n\n\n<p>&#8230;..und sch\u00f6nen Holz-Skulpturen aus der letzten Projektwoche!<\/p>\n\n\n\n<figure class=\"wp-block-image\"><img decoding=\"async\" src=\"http:\/\/www.drei-fluesse-realschule.de\/images\/stories\/musik\/DSCI0084%20Klein.JPG\" alt=\"DSCI0084 Klein\" \/><\/figure>\n\n\n\n<p>Er wird auch genutzt f\u00fcr Schulfeste, Snacks im Freien bei Veranstaltungen, und er f\u00fchrt&#8230;<\/p>\n\n\n\n<figure class=\"wp-block-image\"><img decoding=\"async\" src=\"http:\/\/www.drei-fluesse-realschule.de\/images\/stories\/musik\/IMG_3468%20Klein.JPG\" alt=\"IMG 3468 Klein\" \/><\/figure>\n\n\n\n<p>in die Sporthalle, die auch f\u00fcr Feiern und Auff\u00fchrungen genutzt wird (hier: Hip-Hop-Gruppe mit Theater-AG)<\/p>\n\n\n\n<figure class=\"wp-block-image\"><img decoding=\"async\" src=\"http:\/\/www.drei-fluesse-realschule.de\/images\/stories\/musik\/IMG_3539%20Klein.JPG\" alt=\"IMG 3539 Klein\" \/><\/figure>\n\n\n\n<p>und \u00fcber eine tolle B\u00fchne mit Vorhang und selbstgebauten Kulissen verf\u00fcgt<\/p>\n\n\n\n<figure class=\"wp-block-image\"><img decoding=\"async\" src=\"http:\/\/www.drei-fluesse-realschule.de\/images\/stories\/rundgang_raeume\/DSCI0007%20Klein.JPG\" alt=\"DSCI0007 Klein\" \/><\/figure>\n\n\n\n<p>Der Durchgang vom &#8222;kleinen&#8220; Schulhof &#8230;<\/p>\n\n\n\n<figure class=\"wp-block-image\"><img decoding=\"async\" src=\"http:\/\/www.drei-fluesse-realschule.de\/images\/stories\/rundgang_raeume\/kuechenbeet2.JPG\" alt=\"kuechenbeet2\" \/><\/figure>\n\n\n\n<p>&#8230;zur Sitzecke vor unserer K\u00fcche&#8230;<\/p>\n\n\n\n<figure class=\"wp-block-image\"><img decoding=\"async\" src=\"http:\/\/www.drei-fluesse-realschule.de\/images\/stories\/rundgang_raeume\/kuechenbeet.JPG\" alt=\"kuechenbeet\" \/><\/figure>\n\n\n\n<p>&#8230; direkt am angelegten Kr\u00e4uterbeet&#8230;<\/p>\n\n\n\n<figure class=\"wp-block-image\"><img decoding=\"async\" src=\"http:\/\/www.drei-fluesse-realschule.de\/images\/stories\/rundgang_raeume\/DSCI0027.JPG\" alt=\"DSCI0027\" \/><\/figure>\n\n\n\n<p>&#8230;&#8230;&#8230;&#8230;&#8230;&#8230;.<\/p>\n\n\n\n<figure class=\"wp-block-image\"><img decoding=\"async\" src=\"http:\/\/www.drei-fluesse-realschule.de\/images\/stories\/rundgang_raeume\/DSCI0023%20(Klein).JPG\" alt=\"DSCI0023 (Klein)\" \/><\/figure>\n\n\n\n<p>Von dort geht es in unseren Schulgarten hinter dem NW-Trakt: Alles selbst angelegt!!!<\/p>\n\n\n\n<figure class=\"wp-block-image\"><img decoding=\"async\" src=\"http:\/\/www.drei-fluesse-realschule.de\/images\/stories\/rundgang_raeume\/gartenhaus1.JPG\" alt=\"gartenhaus1\" \/><\/figure>\n\n\n\n<p>&#8230; die H\u00fctte haben wir selbst gestrichen, die Beete selbst bepflanzt mit&#8230;<\/p>\n\n\n\n<figure class=\"wp-block-image\"><img decoding=\"async\" src=\"http:\/\/www.drei-fluesse-realschule.de\/images\/stories\/rundgang_raeume\/DSCI0024.JPG\" alt=\"DSCI0024\" \/><\/figure>\n\n\n\n<p>&#8230; alten Obstb\u00e4umen&#8230;<\/p>\n\n\n\n<figure class=\"wp-block-image\"><img decoding=\"async\" src=\"http:\/\/www.drei-fluesse-realschule.de\/images\/stories\/rundgang_raeume\/gartenhaus4.jpg\" alt=\"gartenhaus4\" \/><\/figure>\n\n\n\n<p>&nbsp; und Sitzgruppen, auch f\u00fcr Unterricht drau\u00dfen (hier: der Kunstkurs)<\/p>\n","protected":false},"excerpt":{"rendered":"<p>Die Drei Fl\u00fcsse Realschule stellt sich vor Rundgang durch unsere Schule:&nbsp;&nbsp;&nbsp;&nbsp;&nbsp;&nbsp;Herzlich willkommen!&nbsp;&nbsp; &nbsp;&nbsp;die Seitenansicht auf den Haupteingang &nbsp;der Haupteingang bitte eintreten und oben anmelden&#8230; &#8230;&#8230;&#8230;&#8230;&#8230;.. &hellip; <\/p>\n","protected":false},"author":9194097,"featured_media":0,"parent":0,"menu_order":0,"comment_status":"closed","ping_status":"closed","template":"","meta":{"footnotes":""},"class_list":["post-53","page","type-page","status-publish","hentry"],"_links":{"self":[{"href":"https:\/\/wordpress.nibis.de\/dfrsmue\/wp-json\/wp\/v2\/pages\/53","targetHints":{"allow":["GET"]}}],"collection":[{"href":"https:\/\/wordpress.nibis.de\/dfrsmue\/wp-json\/wp\/v2\/pages"}],"about":[{"href":"https:\/\/wordpress.nibis.de\/dfrsmue\/wp-json\/wp\/v2\/types\/page"}],"author":[{"embeddable":true,"href":"https:\/\/wordpress.nibis.de\/dfrsmue\/wp-json\/wp\/v2\/users\/9194097"}],"replies":[{"embeddable":true,"href":"https:\/\/wordpress.nibis.de\/dfrsmue\/wp-json\/wp\/v2\/comments?post=53"}],"version-history":[{"count":14,"href":"https:\/\/wordpress.nibis.de\/dfrsmue\/wp-json\/wp\/v2\/pages\/53\/revisions"}],"predecessor-version":[{"id":1925,"href":"https:\/\/wordpress.nibis.de\/dfrsmue\/wp-json\/wp\/v2\/pages\/53\/revisions\/1925"}],"wp:attachment":[{"href":"https:\/\/wordpress.nibis.de\/dfrsmue\/wp-json\/wp\/v2\/media?parent=53"}],"curies":[{"name":"wp","href":"https:\/\/api.w.org\/{rel}","templated":true}]}}