{"id":538,"date":"2023-03-29T08:39:10","date_gmt":"2023-03-29T06:39:10","guid":{"rendered":"https:\/\/wordpress.nibis.de\/dfrsmue\/?page_id=538"},"modified":"2023-04-24T20:22:02","modified_gmt":"2023-04-24T18:22:02","slug":"eltern","status":"publish","type":"page","link":"https:\/\/wordpress.nibis.de\/dfrsmue\/eltern\/","title":{"rendered":"Eltern"},"content":{"rendered":"\n<p>Liebe Eltern,<\/p>\n\n\n\n<p>Sie finden hier alle notwendigen Downloads, Informationen zum F\u00f6rderverein sowie eine \u00dcbersicht &#8222;Ihrer&#8220; Elternvertreter.<\/p>\n\n\n\n<p>Ebenfalls gelangen Sie \u00fcber einen Link zu unserem Schlie\u00dffachvermieter.<\/p>\n","protected":false},"excerpt":{"rendered":"<p>Liebe Eltern, Sie finden hier alle notwendigen Downloads, Informationen zum F\u00f6rderverein sowie eine \u00dcbersicht &#8222;Ihrer&#8220; Elternvertreter. Ebenfalls gelangen Sie \u00fcber einen Link zu unserem Schlie\u00dffachvermieter.<\/p>\n","protected":false},"author":9194097,"featured_media":0,"parent":0,"menu_order":0,"comment_status":"closed","ping_status":"closed","template":"","meta":{"footnotes":""},"class_list":["post-538","page","type-page","status-publish","hentry"],"_links":{"self":[{"href":"https:\/\/wordpress.nibis.de\/dfrsmue\/wp-json\/wp\/v2\/pages\/538","targetHints":{"allow":["GET"]}}],"collection":[{"href":"https:\/\/wordpress.nibis.de\/dfrsmue\/wp-json\/wp\/v2\/pages"}],"about":[{"href":"https:\/\/wordpress.nibis.de\/dfrsmue\/wp-json\/wp\/v2\/types\/page"}],"author":[{"embeddable":true,"href":"https:\/\/wordpress.nibis.de\/dfrsmue\/wp-json\/wp\/v2\/users\/9194097"}],"replies":[{"embeddable":true,"href":"https:\/\/wordpress.nibis.de\/dfrsmue\/wp-json\/wp\/v2\/comments?post=538"}],"version-history":[{"count":2,"href":"https:\/\/wordpress.nibis.de\/dfrsmue\/wp-json\/wp\/v2\/pages\/538\/revisions"}],"predecessor-version":[{"id":861,"href":"https:\/\/wordpress.nibis.de\/dfrsmue\/wp-json\/wp\/v2\/pages\/538\/revisions\/861"}],"wp:attachment":[{"href":"https:\/\/wordpress.nibis.de\/dfrsmue\/wp-json\/wp\/v2\/media?parent=538"}],"curies":[{"name":"wp","href":"https:\/\/api.w.org\/{rel}","templated":true}]}}