{"id":564,"date":"2023-04-09T10:01:40","date_gmt":"2023-04-09T08:01:40","guid":{"rendered":"https:\/\/wordpress.nibis.de\/dfrsmue\/?page_id=564"},"modified":"2023-04-09T10:01:41","modified_gmt":"2023-04-09T08:01:41","slug":"schueler-helfen-schuelern","status":"publish","type":"page","link":"https:\/\/wordpress.nibis.de\/dfrsmue\/schueler-helfen-schuelern\/","title":{"rendered":"Sch\u00fcler helfen Sch\u00fclern"},"content":{"rendered":"\n<p>Ihr braucht Nachhilfe f\u00fcr die F\u00e4cher Mathe, Deutsch, Englisch, Franz\u00f6sisch? Kein Problem! Sch\u00fclerinnen und Sch\u00fcler der Jahrg\u00e4nge 8 &#8211; 10 geben dir Nachhilfe bei uns in der Schule. Ihr findet Tutoren bei einer Art B\u00f6rse, die am Anfang des Schuljahres in einer gro\u00dfen Pause organisiert wird. Ihr und euer gefundener Tutor unterschreibt eine Vereinbarung und du bringst eine Einverst\u00e4ndniserkl\u00e4rung deiner Eltern, die eine Teilnahme an dem Nachhilfeprojekt best\u00e4tigt, mit. Die Voraussetzung f\u00fcr dich ist die Mitgliedschaft deiner Eltern im F\u00f6rderverein der Drei \u2013Fl\u00fcsse &#8211; Realschule.<\/p>\n\n\n\n<p>Die Kosten f\u00fcr die Stunden betragen 7,50\u20ac. <\/p>\n\n\n\n<p>F\u00fcr jede geleistete Stunde bezahlst du 2,50\u20ac. <\/p>\n\n\n\n<p>Den Rest \u00fcbernimmt der F\u00f6rderverein.<\/p>\n\n\n\n<p><strong>Die Voraussetzungen f\u00fcr die Tutoren sind: <\/strong><\/p>\n\n\n\n<ul class=\"wp-block-list\"><li>Mindestens eine 2 in dem Fach<\/li><li>Mindestens \u201eentspricht den Erwartungen\u201c im Sozialverhalten<\/li><li>Best\u00e4tigung des Fachlehrers, dass sich der Sch\u00fcler als Tutor eignet<\/li><\/ul>\n","protected":false},"excerpt":{"rendered":"<p>Ihr braucht Nachhilfe f\u00fcr die F\u00e4cher Mathe, Deutsch, Englisch, Franz\u00f6sisch? Kein Problem! Sch\u00fclerinnen und Sch\u00fcler der Jahrg\u00e4nge 8 &#8211; 10 geben dir Nachhilfe bei uns &hellip; <\/p>\n","protected":false},"author":9194097,"featured_media":0,"parent":0,"menu_order":0,"comment_status":"closed","ping_status":"closed","template":"","meta":{"footnotes":""},"class_list":["post-564","page","type-page","status-publish","hentry"],"_links":{"self":[{"href":"https:\/\/wordpress.nibis.de\/dfrsmue\/wp-json\/wp\/v2\/pages\/564","targetHints":{"allow":["GET"]}}],"collection":[{"href":"https:\/\/wordpress.nibis.de\/dfrsmue\/wp-json\/wp\/v2\/pages"}],"about":[{"href":"https:\/\/wordpress.nibis.de\/dfrsmue\/wp-json\/wp\/v2\/types\/page"}],"author":[{"embeddable":true,"href":"https:\/\/wordpress.nibis.de\/dfrsmue\/wp-json\/wp\/v2\/users\/9194097"}],"replies":[{"embeddable":true,"href":"https:\/\/wordpress.nibis.de\/dfrsmue\/wp-json\/wp\/v2\/comments?post=564"}],"version-history":[{"count":1,"href":"https:\/\/wordpress.nibis.de\/dfrsmue\/wp-json\/wp\/v2\/pages\/564\/revisions"}],"predecessor-version":[{"id":566,"href":"https:\/\/wordpress.nibis.de\/dfrsmue\/wp-json\/wp\/v2\/pages\/564\/revisions\/566"}],"wp:attachment":[{"href":"https:\/\/wordpress.nibis.de\/dfrsmue\/wp-json\/wp\/v2\/media?parent=564"}],"curies":[{"name":"wp","href":"https:\/\/api.w.org\/{rel}","templated":true}]}}