{"id":57,"date":"2022-11-23T14:24:26","date_gmt":"2022-11-23T13:24:26","guid":{"rendered":"https:\/\/wordpress.nibis.de\/dfrsmue\/?page_id=57"},"modified":"2025-01-08T12:36:16","modified_gmt":"2025-01-08T11:36:16","slug":"impressum-dsvgo","status":"publish","type":"page","link":"https:\/\/wordpress.nibis.de\/dfrsmue\/impressum-dsvgo\/","title":{"rendered":"Impressum"},"content":{"rendered":"\n<p>Drei-Fl\u00fcsse-Realschule Hann. M\u00fcnden<br>Realschulrektorin: Johanna Jesionowski<br>Realschulkonrektor: Andreas de la Chaux<\/p>\n\n\n\n<p>G\u00f6ttinger Stra\u00dfe 28<br>34346 Hann.M\u00fcnden<\/p>\n\n\n\n<p>Tel. 05541\/6752<br><\/p>\n\n\n\n<p>Sekretariat: Frau Richmann<\/p>\n\n\n\n<p>Beitr\u00e4ge\/Betreuung der Homepage: Dirk Schreiber und Johanna Jesionowski<\/p>\n\n\n\n<p>Email:  <strong> &#x69;&#x6e;&#102;o&#x40;&#x64;&#114;ei&#x2d;&#x66;&#108;u&#x65;&#x73;&#115;&#101;-&#x72;&#x65;&#97;l&#x73;&#x63;&#104;&#117;l&#x65;&#x2e;&#100;e<\/strong><\/p>\n\n\n\n<p>Datenschutzerkl\u00e4rung<\/p>\n\n\n\n<p>Diese Hompage unterliegt mit allen Seiten dem Copyright der Drei-Fl\u00fcsse-Realschule. Aller Texte und Bilder d\u00fcrfen in keiner Weise ohne die ausdr\u00fcckliche Genehmigung der Schule kopiert, ver\u00f6ffentlicht oder verlinkt werden.<\/p>\n\n\n\n<p>Hiermit distanzieren wir uns ausdr\u00fccklich von s\u00e4mtlichen Inhalten aller von uns per Link angebotenen Seiten und erkl\u00e4ren hiermit, dass die dort angebotenen Inhalte u. U. nicht unsere Meinung widerspiegeln.<\/p>\n","protected":false},"excerpt":{"rendered":"<p>Drei-Fl\u00fcsse-Realschule Hann. M\u00fcndenRealschulrektorin: Johanna JesionowskiRealschulkonrektor: Andreas de la Chaux G\u00f6ttinger Stra\u00dfe 2834346 Hann.M\u00fcnden Tel. 05541\/6752 Sekretariat: Frau Richmann Beitr\u00e4ge\/Betreuung der Homepage: Dirk Schreiber und Johanna &hellip; <\/p>\n","protected":false},"author":9194097,"featured_media":0,"parent":0,"menu_order":0,"comment_status":"closed","ping_status":"closed","template":"","meta":{"footnotes":""},"class_list":["post-57","page","type-page","status-publish","hentry"],"_links":{"self":[{"href":"https:\/\/wordpress.nibis.de\/dfrsmue\/wp-json\/wp\/v2\/pages\/57","targetHints":{"allow":["GET"]}}],"collection":[{"href":"https:\/\/wordpress.nibis.de\/dfrsmue\/wp-json\/wp\/v2\/pages"}],"about":[{"href":"https:\/\/wordpress.nibis.de\/dfrsmue\/wp-json\/wp\/v2\/types\/page"}],"author":[{"embeddable":true,"href":"https:\/\/wordpress.nibis.de\/dfrsmue\/wp-json\/wp\/v2\/users\/9194097"}],"replies":[{"embeddable":true,"href":"https:\/\/wordpress.nibis.de\/dfrsmue\/wp-json\/wp\/v2\/comments?post=57"}],"version-history":[{"count":6,"href":"https:\/\/wordpress.nibis.de\/dfrsmue\/wp-json\/wp\/v2\/pages\/57\/revisions"}],"predecessor-version":[{"id":1856,"href":"https:\/\/wordpress.nibis.de\/dfrsmue\/wp-json\/wp\/v2\/pages\/57\/revisions\/1856"}],"wp:attachment":[{"href":"https:\/\/wordpress.nibis.de\/dfrsmue\/wp-json\/wp\/v2\/media?parent=57"}],"curies":[{"name":"wp","href":"https:\/\/api.w.org\/{rel}","templated":true}]}}