{"id":591,"date":"2023-04-13T07:57:40","date_gmt":"2023-04-13T05:57:40","guid":{"rendered":"https:\/\/wordpress.nibis.de\/dfrsmue\/?page_id=591"},"modified":"2023-04-13T08:00:36","modified_gmt":"2023-04-13T06:00:36","slug":"informatik","status":"publish","type":"page","link":"https:\/\/wordpress.nibis.de\/dfrsmue\/informatik\/","title":{"rendered":"Informatik"},"content":{"rendered":"\n<p>Informatik wird in Niedersachsen ab dem Schuljahr 2023\/24 als Pflichtfach f\u00fcr den 9. und 10. Jahrgang eingef\u00fchrt. An der Drei-Fl\u00fcsse-Realschule unterrichten wir es schon seit 2022. Im Unterricht lernen die Sch\u00fclerinnen und Sch\u00fcler unter anderem die Funktionsweise von Computer- und Netzwerksystemen, das Ansteuern und Auslesen von Sensoren und erstellen selber einfache Programme oder Spiele.<\/p>\n\n\n\n<p>Dar\u00fcber hinaus wird Informatik auch als IServ-Einf\u00fchrung in Klasse 5 (unbenotet!) sowie als Wahlpflichtkurs in Klasse 8 mit dem Schwerpunkt Textverarbeitung und Pr\u00e4sentation unterrichtet.<\/p>\n\n\n\n<div class=\"wp-block-image\"><figure class=\"aligncenter size-large is-resized\"><img loading=\"lazy\" decoding=\"async\" src=\"https:\/\/wordpress.nibis.de\/dfrsmue\/files\/2023\/04\/InformatikSchlerergebnis-886x675.png\" alt=\"\" class=\"wp-image-594\" width=\"514\" height=\"390\" \/><figcaption>Ein von einem Sch\u00fcler erstelltes Ticketverkaufprogramm.<\/figcaption><\/figure><\/div>\n","protected":false},"excerpt":{"rendered":"<p>Informatik wird in Niedersachsen ab dem Schuljahr 2023\/24 als Pflichtfach f\u00fcr den 9. und 10. Jahrgang eingef\u00fchrt. An der Drei-Fl\u00fcsse-Realschule unterrichten wir es schon seit &hellip; <\/p>\n","protected":false},"author":9194097,"featured_media":0,"parent":0,"menu_order":0,"comment_status":"closed","ping_status":"closed","template":"","meta":{"footnotes":""},"class_list":["post-591","page","type-page","status-publish","hentry"],"_links":{"self":[{"href":"https:\/\/wordpress.nibis.de\/dfrsmue\/wp-json\/wp\/v2\/pages\/591","targetHints":{"allow":["GET"]}}],"collection":[{"href":"https:\/\/wordpress.nibis.de\/dfrsmue\/wp-json\/wp\/v2\/pages"}],"about":[{"href":"https:\/\/wordpress.nibis.de\/dfrsmue\/wp-json\/wp\/v2\/types\/page"}],"author":[{"embeddable":true,"href":"https:\/\/wordpress.nibis.de\/dfrsmue\/wp-json\/wp\/v2\/users\/9194097"}],"replies":[{"embeddable":true,"href":"https:\/\/wordpress.nibis.de\/dfrsmue\/wp-json\/wp\/v2\/comments?post=591"}],"version-history":[{"count":3,"href":"https:\/\/wordpress.nibis.de\/dfrsmue\/wp-json\/wp\/v2\/pages\/591\/revisions"}],"predecessor-version":[{"id":596,"href":"https:\/\/wordpress.nibis.de\/dfrsmue\/wp-json\/wp\/v2\/pages\/591\/revisions\/596"}],"wp:attachment":[{"href":"https:\/\/wordpress.nibis.de\/dfrsmue\/wp-json\/wp\/v2\/media?parent=591"}],"curies":[{"name":"wp","href":"https:\/\/api.w.org\/{rel}","templated":true}]}}