{"id":766,"date":"2023-04-24T18:08:18","date_gmt":"2023-04-24T16:08:18","guid":{"rendered":"https:\/\/wordpress.nibis.de\/dfrsmue\/?page_id=766"},"modified":"2023-05-05T12:52:03","modified_gmt":"2023-05-05T10:52:03","slug":"schulsanitaeter","status":"publish","type":"page","link":"https:\/\/wordpress.nibis.de\/dfrsmue\/schulsanitaeter\/","title":{"rendered":"Schulsanit\u00e4ter"},"content":{"rendered":"\n<div class=\"wp-block-media-text alignwide is-stacked-on-mobile\"><figure class=\"wp-block-media-text__media\"><img loading=\"lazy\" decoding=\"async\" width=\"480\" height=\"640\" src=\"https:\/\/wordpress.nibis.de\/dfrsmue\/files\/2023\/05\/Sanis.jpg\" alt=\"\" class=\"wp-image-1000 size-full\" srcset=\"https:\/\/wordpress.nibis.de\/dfrsmue\/files\/2023\/05\/Sanis.jpg 480w, https:\/\/wordpress.nibis.de\/dfrsmue\/files\/2023\/05\/Sanis-359x478.jpg 359w\" sizes=\"auto, (max-width: 480px) 100vw, 480px\" \/><\/figure><div class=\"wp-block-media-text__content\">\n<p class=\"has-large-font-size\">Wir vom Schulsanit\u00e4tsdienst&#8230;<\/p>\n\n\n\n<p class=\"has-medium-font-size\">&#8230;helfen unseren Mitsch\u00fclern bei Verletzungen aller Art und versorgen kleine Wunden sogar selbst.<br>Alle Schulsanit\u00e4ter haben einen Erste-Hilfe-Kurs absolviert, um mit den besten Voraussetzungen Erste Hilfe leisten zu k\u00f6nnen.<br><\/p>\n<\/div><\/div>\n\n\n\n<p><\/p>\n\n\n\n<div class=\"wp-block-media-text alignwide has-media-on-the-right is-stacked-on-mobile\" style=\"grid-template-columns:auto 37%\"><figure class=\"wp-block-media-text__media\"><img loading=\"lazy\" decoding=\"async\" width=\"480\" height=\"584\" src=\"https:\/\/wordpress.nibis.de\/dfrsmue\/files\/2023\/04\/20230414_153644-Klein.jpg\" alt=\"\" class=\"wp-image-772 size-full\" srcset=\"https:\/\/wordpress.nibis.de\/dfrsmue\/files\/2023\/04\/20230414_153644-Klein.jpg 480w, https:\/\/wordpress.nibis.de\/dfrsmue\/files\/2023\/04\/20230414_153644-Klein-393x478.jpg 393w\" sizes=\"auto, (max-width: 480px) 100vw, 480px\" \/><\/figure><div class=\"wp-block-media-text__content\">\n<p class=\"has-medium-font-size\">Wenn ihr Interesse habt, bei uns mitzumachen, dann sprecht uns einfach an.<br>Ab der 8. Klasse k\u00f6nnt ihr im Schulsanit\u00e4tsdienst unter Leitung von Herrn Rohde mitwirken.<\/p>\n<\/div><\/div>\n\n\n\n<div class=\"wp-block-media-text alignwide is-stacked-on-mobile is-vertically-aligned-top\" style=\"grid-template-columns:38% auto\"><figure class=\"wp-block-media-text__media\"><img loading=\"lazy\" decoding=\"async\" width=\"515\" height=\"480\" src=\"https:\/\/wordpress.nibis.de\/dfrsmue\/files\/2023\/04\/20230414_153720-Klein.jpg\" alt=\"\" class=\"wp-image-770 size-full\" srcset=\"https:\/\/wordpress.nibis.de\/dfrsmue\/files\/2023\/04\/20230414_153720-Klein.jpg 515w, https:\/\/wordpress.nibis.de\/dfrsmue\/files\/2023\/04\/20230414_153720-Klein-513x478.jpg 513w\" sizes=\"auto, (max-width: 515px) 100vw, 515px\" \/><\/figure><div class=\"wp-block-media-text__content\">\n<p class=\"has-medium-font-size\"><br><br><br><br>Wir brauchen immer tatkr\u00e4ftige Unterst\u00fctzung, um auch die kleinsten Prellungen, Sch\u00fcrfwunden, Bauchschmerzen und und angemessen zu behandeln.<\/p>\n\n\n\n<p>Euer Schulsanit\u00e4tsdienst<\/p>\n<\/div><\/div>\n","protected":false},"excerpt":{"rendered":"<p>Wir vom Schulsanit\u00e4tsdienst&#8230; &#8230;helfen unseren Mitsch\u00fclern bei Verletzungen aller Art und versorgen kleine Wunden sogar selbst.Alle Schulsanit\u00e4ter haben einen Erste-Hilfe-Kurs absolviert, um mit den besten &hellip; <\/p>\n","protected":false},"author":9194097,"featured_media":0,"parent":0,"menu_order":0,"comment_status":"closed","ping_status":"closed","template":"","meta":{"footnotes":""},"class_list":["post-766","page","type-page","status-publish","hentry"],"_links":{"self":[{"href":"https:\/\/wordpress.nibis.de\/dfrsmue\/wp-json\/wp\/v2\/pages\/766","targetHints":{"allow":["GET"]}}],"collection":[{"href":"https:\/\/wordpress.nibis.de\/dfrsmue\/wp-json\/wp\/v2\/pages"}],"about":[{"href":"https:\/\/wordpress.nibis.de\/dfrsmue\/wp-json\/wp\/v2\/types\/page"}],"author":[{"embeddable":true,"href":"https:\/\/wordpress.nibis.de\/dfrsmue\/wp-json\/wp\/v2\/users\/9194097"}],"replies":[{"embeddable":true,"href":"https:\/\/wordpress.nibis.de\/dfrsmue\/wp-json\/wp\/v2\/comments?post=766"}],"version-history":[{"count":4,"href":"https:\/\/wordpress.nibis.de\/dfrsmue\/wp-json\/wp\/v2\/pages\/766\/revisions"}],"predecessor-version":[{"id":1111,"href":"https:\/\/wordpress.nibis.de\/dfrsmue\/wp-json\/wp\/v2\/pages\/766\/revisions\/1111"}],"wp:attachment":[{"href":"https:\/\/wordpress.nibis.de\/dfrsmue\/wp-json\/wp\/v2\/media?parent=766"}],"curies":[{"name":"wp","href":"https:\/\/api.w.org\/{rel}","templated":true}]}}