{"id":107,"date":"2019-09-25T16:29:15","date_gmt":"2019-09-25T14:29:15","guid":{"rendered":"https:\/\/wordpress.nibis.de\/dich\/?page_id=107"},"modified":"2019-10-01T21:09:33","modified_gmt":"2019-10-01T19:09:33","slug":"teilnahme","status":"publish","type":"page","link":"https:\/\/wordpress.nibis.de\/dich\/teilnahme\/","title":{"rendered":"Teilnahme"},"content":{"rendered":"\n<p>Der Wettbewerb richtet sich an Sch\u00fclerinnen und Sch\u00fcler der Sekundarstufe I. Angesprochen sind alle Schulformen. Es handelt sich um einen Experimentalwettbewerb f\u00fcr den Ihr Zuhause experimentieren sollt.<\/p>\n<p>Je nach Jahrgangsstufe m\u00fcssen neben den Experimenten Zusatzaufgaben bew\u00e4ltigt werden.<\/p>\n<p>Die Einsendungen zu den Aufgaben m\u00fcssen selbstst\u00e4ndig bearbeitet und gestaltet sein &#8211; alleine, zu zweit oder h\u00f6chstens von einem Dreierteam.<\/p>\n<p>Viel Spa\u00df beim Experimentieren!<\/p>\n","protected":false},"excerpt":{"rendered":"<p>Der Wettbewerb richtet sich an Sch\u00fclerinnen und Sch\u00fcler der Sekundarstufe I. Angesprochen sind alle Schulformen. Es handelt sich um einen Experimentalwettbewerb f\u00fcr den Ihr Zuhause experimentieren sollt. Je nach Jahrgangsstufe m\u00fcssen neben den Experimenten Zusatzaufgaben bew\u00e4ltigt werden. Die Einsendungen zu den Aufgaben m\u00fcssen selbstst\u00e4ndig bearbeitet und gestaltet sein &#8211; alleine, zu zweit oder h\u00f6chstens von [&hellip;]<\/p>\n","protected":false},"author":9193089,"featured_media":0,"parent":0,"menu_order":0,"comment_status":"closed","ping_status":"closed","template":"","meta":{"footnotes":""},"class_list":["post-107","page","type-page","status-publish","hentry"],"_links":{"self":[{"href":"https:\/\/wordpress.nibis.de\/dich\/wp-json\/wp\/v2\/pages\/107","targetHints":{"allow":["GET"]}}],"collection":[{"href":"https:\/\/wordpress.nibis.de\/dich\/wp-json\/wp\/v2\/pages"}],"about":[{"href":"https:\/\/wordpress.nibis.de\/dich\/wp-json\/wp\/v2\/types\/page"}],"author":[{"embeddable":true,"href":"https:\/\/wordpress.nibis.de\/dich\/wp-json\/wp\/v2\/users\/9193089"}],"replies":[{"embeddable":true,"href":"https:\/\/wordpress.nibis.de\/dich\/wp-json\/wp\/v2\/comments?post=107"}],"version-history":[{"count":2,"href":"https:\/\/wordpress.nibis.de\/dich\/wp-json\/wp\/v2\/pages\/107\/revisions"}],"predecessor-version":[{"id":150,"href":"https:\/\/wordpress.nibis.de\/dich\/wp-json\/wp\/v2\/pages\/107\/revisions\/150"}],"wp:attachment":[{"href":"https:\/\/wordpress.nibis.de\/dich\/wp-json\/wp\/v2\/media?parent=107"}],"curies":[{"name":"wp","href":"https:\/\/api.w.org\/{rel}","templated":true}]}}