{"id":112,"date":"2019-09-25T16:29:15","date_gmt":"2019-09-25T14:29:15","guid":{"rendered":"https:\/\/wordpress.nibis.de\/dich\/?page_id=112"},"modified":"2019-10-01T21:34:50","modified_gmt":"2019-10-01T19:34:50","slug":"datenschutz","status":"publish","type":"page","link":"https:\/\/wordpress.nibis.de\/dich\/datenschutz\/","title":{"rendered":"Datenschutz"},"content":{"rendered":"\n<p>Datenschutzerkl\u00e4rung<\/p>\n<ol>\n<li>Datenschutz auf einen Blick<\/li>\n<\/ol>\n<p><em>Allgemeine Hinweise<\/em><\/p>\n<p>Die folgenden Hinweise geben einen einfachen \u00dcberblick dar\u00fcber, was mit Ihren personenbezogenen Daten passiert, wenn Sie unsere Website besuchen. Personenbezogene Daten sind alle Daten, mit denen Sie pers\u00f6nlich identifiziert werden k\u00f6nnen. Ausf\u00fchrliche Informationen zum Thema Datenschutz entnehmen Sie unserer unter diesem Text aufgef\u00fchrten Datenschutzerkl\u00e4rung.<\/p>\n<p><em>Datenerfassung auf unserer Website<\/em><\/p>\n<p>Wer ist verantwortlich f\u00fcr die Datenerfassung auf dieser Website?<\/p>\n<p>Die Datenverarbeitung auf dieser Website erfolgt durch den Websitebetreiber. Dessen Kontaktdaten k\u00f6nnen Sie Punkt Kontakt dieser Website entnehmen.<\/p>\n<p><em>Wie erfassen wir Ihre Daten?<\/em><\/p>\n<p>Ihre Daten werden zum einen dadurch erhoben, dass Sie uns diese mitteilen. Hierbei kann es sich z.B. um Daten handeln, die Sie in ein Kontaktformular oder Meldeformular zum Wettbewerb eingeben.<\/p>\n<p>Andere Daten werden automatisch beim Besuch der Website durch unsere IT-Systeme erfasst. Das sind vor allem technische Daten (z.B. Internetbrowser, Betriebssystem oder Uhrzeit des Seitenaufrufs). Die Erfassung dieser Daten erfolgt automatisch, sobald Sie unsere Website betreten.<\/p>\n<p><em>Wof\u00fcr nutzen wir Ihre Daten?<\/em><\/p>\n<p>Ein Teil der Daten wird erhoben, um eine fehlerfreie Bereitstellung der Website zu gew\u00e4hrleisten. Andere Daten k\u00f6nnen zur Analyse Ihres Nutzerverhaltens verwendet werden.<\/p>\n<p>\u00a0<\/p>\n<p><em>Welche Rechte haben Sie bez\u00fcglich Ihrer Daten?<\/em><\/p>\n<p>Sie haben jederzeit das Recht unentgeltlich Auskunft \u00fcber Herkunft, Empf\u00e4nger und Zweck Ihrer gespeicherten personenbezogenen Daten zu erhalten. Sie haben au\u00dferdem ein Recht, die Berichtigung, Sperrung oder L\u00f6schung dieser Daten zu verlangen. Hierzu sowie zu weiteren Fragen zum Thema Datenschutz k\u00f6nnen Sie sich jederzeit unter der im Impressum angegebenen Adresse an uns wenden. Des Weiteren steht Ihnen ein Beschwerderecht bei der zust\u00e4ndigen Aufsichtsbeh\u00f6rde zu.<\/p>\n<p>\u00a0<\/p>\n<ol start=\"2\">\n<li>Allgemeine Hinweise und Pflichtinformationen<\/li>\n<\/ol>\n<p><em>Datenschutz<\/em><\/p>\n<p>Die Betreiber dieser Seiten nehmen den Schutz Ihrer pers\u00f6nlichen Daten sehr ernst. Wir behandeln Ihre personenbezogenen Daten vertraulich und entsprechend der gesetzlichen Datenschutzvorschriften sowie dieser Datenschutzerkl\u00e4rung.<\/p>\n<p>Wenn Sie diese Website benutzen, werden verschiedene personenbezogene Daten erhoben. Personenbezogene Daten sind Daten, mit denen Sie pers\u00f6nlich identifiziert werden k\u00f6nnen. Die vorliegende Datenschutzerkl\u00e4rung erl\u00e4utert, welche Daten wir erheben und wof\u00fcr wir sie nutzen. Sie erl\u00e4utert auch, wie und zu welchem Zweck das geschieht.<\/p>\n<p>Wir weisen darauf hin, dass die Daten\u00fcbertragung im Internet (z.B. bei der Kommunikation per E-Mail) Sicherheitsl\u00fccken aufweisen kann. Ein l\u00fcckenloser Schutz der Daten vor dem Zugriff durch Dritte ist nicht m\u00f6glich.<\/p>\n<p>Hinweis zur verantwortlichen Stelle<\/p>\n<p>Die verantwortlichen Stellen f\u00fcr die Datenverarbeitung auf den Websites des Landeswettbewerbes \u201eDas ist Chemie\u201c sind:<\/p>\n<p>Bereitstellung der Inhalte und der technischen Infrastruktur:<\/p>\n<p>Nieders\u00e4chsisches Landesinstitut f\u00fcr schulische Qualit\u00e4tsentwicklung (NLQ)<\/p>\n<p>Ke\u00dflerstra\u00dfe 52<\/p>\n<p>31134 Hildesheim<\/p>\n<p>E-Mail: &#100;&#x61;&#116;&#x65;n&#115;&#x63;&#104;&#x75;t&#x7a;&#64;&#110;&#x6c;&#113;&#x2e;n&#x69;&#x62;&#105;&#x73;&#46;&#x64;e<\/p>\n<p>\u00a0<\/p>\n<p>Weiterverarbeitung der Teilnehmerdaten:<\/p>\n<p>Dr. Matthias Lemmler<\/p>\n<p>Altes Gymnasium Oldenburg<\/p>\n<p>Theaterwall 11<\/p>\n<p>26122 Oldenburg<\/p>\n<p>E-Mail: &#x64;&#x69;&#99;h&#x40;&#x6e;&#x69;&#98;i&#x73;&#x2e;&#x64;&#101;<\/p>\n<p>Verantwortliche Stelle ist die nat\u00fcrliche oder juristische Person, die allein oder gemeinsam mit anderen \u00fcber die Zwecke und Mittel der Verarbeitung von personenbezogenen Daten (z.B. Namen, E-Mail-Adressen o. \u00c4.) entscheidet.<\/p>\n<p><em>Widerruf Ihrer Einwilligung zur Datenverarbeitung<\/em><\/p>\n<p>Vele Datenverarbeitungsvorg\u00e4nge sind nur mit Ihrer ausdr\u00fccklichen Einwilligung m\u00f6glich. Sie k\u00f6nnen eine bereits erteilte Einwilligung jederzeit widerrufen. Dazu reicht eine formlose Mitteilung per E-Mail an uns. Die Rechtm\u00e4\u00dfigkeit der bis zum Widerruf erfolgten Datenverarbeitung bleibt vom Widerruf unber\u00fchrt.<\/p>\n<p><em>Beschwerderecht bei der zust\u00e4ndigen Aufsichtsbeh\u00f6rde<\/em><\/p>\n<p>Im Falle datenschutzrechtlicher Verst\u00f6\u00dfe steht dem Betroffenen ein Beschwerderecht bei der zust\u00e4ndigen Aufsichtsbeh\u00f6rde zu. Zust\u00e4ndige Aufsichtsbeh\u00f6rde in datenschutzrechtlichen Fragen ist der Landesdatenschutzbeauftragte des Bundeslandes, in dem unser Unternehmen seinen Sitz hat. Eine Liste der Datenschutzbeauftragten sowie deren Kontaktdaten k\u00f6nnen folgendem Link entnommen werden: https:\/\/www.bfdi.bund.de\/DE\/Infothek\/Anschriften_Links\/anschriften_links-node.html.<\/p>\n<p><em>Recht auf Daten\u00fcbertragbarkeit<\/em><\/p>\n<p>Sie haben das Recht, Daten, die wir auf Grundlage Ihrer Einwilligung oder in Erf\u00fcllung eines Vertrags automatisiert verarbeiten, an sich oder an einen Dritten in einem g\u00e4ngigen, maschinenlesbaren Format aush\u00e4ndigen zu lassen. Sofern Sie die direkte \u00dcbertragung der Daten an einen anderen Verantwortlichen verlangen, erfolgt dies nur, soweit es technisch machbar ist.<\/p>\n<p><em>SSL- bzw. TLS-Verschl\u00fcsselung<\/em><\/p>\n<p>Diese Seite nutzt aus Sicherheitsgr\u00fcnden und zum Schutz der \u00dcbertragung vertraulicher Inhalte, wie zum Beispiel Meldedaten oder Anfragen, die Sie an uns als Seitenbetreiber senden, teilweise eine SSL-bzw. TLS-Verschl\u00fcsselung. Eine verschl\u00fcsselte Verbindung erkennen Sie daran, dass die Adresszeile des Browsers von \u201chttp:\/\/\u201d auf \u201chttps:\/\/\u201d wechselt und an dem Schloss-Symbol in Ihrer Browserzeile.<\/p>\n<p>Wenn die SSL- bzw. TLS-Verschl\u00fcsselung aktiviert ist, k\u00f6nnen die Daten, die Sie an uns \u00fcbermitteln, nicht von Dritten mitgelesen werden.<\/p>\n<p><em>Auskunft, Sperrung, L\u00f6schung<\/em><\/p>\n<p>Sie haben im Rahmen der geltenden gesetzlichen Bestimmungen jederzeit das Recht auf unentgeltliche Auskunft \u00fcber Ihre gespeicherten personenbezogenen Daten, deren Herkunft und Empf\u00e4nger und den Zweck der Datenverarbeitung und ggf. ein Recht auf Berichtigung, Sperrung oder L\u00f6schung dieser Daten. Hierzu sowie zu weiteren Fragen zum Thema personenbezogene Daten k\u00f6nnen Sie sich jederzeit unter der im Impressum angegebenen Adresse an uns wenden.<\/p>\n<p><em>Widerspruch gegen Werbe-Mails<\/em><\/p>\n<p>Der Nutzung von im Rahmen der Impressumspflicht ver\u00f6ffentlichten Kontaktdaten zur \u00dcbersendung von nicht ausdr\u00fccklich angeforderter Werbung und Informationsmaterialien wird hiermit widersprochen. Die Betreiber der Seiten behalten sich ausdr\u00fccklich rechtliche Schritte im Falle der unverlangten Zusendung von Werbeinformationen, etwa durch Spam-E-Mails, vor.<\/p>\n<ol start=\"3\">\n<li>Datenerfassung auf unserer Website<\/li>\n<\/ol>\n<p><em>Cookies<\/em><\/p>\n<p>Die Internetseiten verwenden teilweise so genannte Cookies. Cookies richten auf Ihrem Rechner keinen Schaden an und enthalten keine Viren. Cookies dienen dazu, unser Angebot nutzerfreundlicher, effektiver und sicherer zu machen. Cookies sind kleine Textdateien, die auf Ihrem Rechner abgelegt werden und die Ihr Browser speichert.<\/p>\n<p>Die meisten der von uns verwendeten Cookies sind so genannte \u201cSession-Cookies\u201d. Sie werden nach Ende Ihres Besuchs automatisch gel\u00f6scht. Andere Cookies bleiben auf Ihrem Endger\u00e4t gespeichert bis Sie diese l\u00f6schen. Diese Cookies erm\u00f6glichen es uns, Ihren Browser beim n\u00e4chsten Besuch wieder zuerkennen.<\/p>\n<p>Sie k\u00f6nnen Ihren Browser so einstellen, dass Sie \u00fcber das Setzen von Cookies informiert werden und Cookies nur im Einzelfall erlauben, die Annahme von Cookies f\u00fcr bestimmte F\u00e4lle oder generell ausschlie\u00dfen sowie das automatische L\u00f6schen der Cookies beim Schlie\u00dfen des Browsers aktivieren. Bei der Deaktivierung von Cookies kann die Funktionalit\u00e4t dieser Website eingeschr\u00e4nkt sein.<\/p>\n<p>Cookies, die zur Durchf\u00fchrung des elektronischen Kommunikationsvorgangs oder zur Bereitstellung bestimmter, von Ihnen erw\u00fcnschter Funktionen erforderlich sind, werden auf Grundlage von Art. 6 Abs. 1 lit. f DSGVO gespeichert. Der Websitebetreiber hat ein berechtigtes Interesse an der Speicherung von Cookies zur technisch fehlerfreien und optimierten Bereitstellung seiner Dienste. Soweit andere Cookies (z.B. Cookies zur Analyse Ihres Surfverhaltens) gespeichert werden, werden diese in dieser Datenschutzerkl\u00e4rung gesondert behandelt.<\/p>\n<p><em>Server-Log-Dateien<\/em><\/p>\n<p>Der Provider der Seiten erhebt und speichert automatisch Informationen in so genannten Server-Log-Dateien, die Ihr Browser automatisch an uns \u00fcbermittelt. Dies sind:<\/p>\n<ul>\n<li>Browsertyp und Browserversion<\/li>\n<li>verwendetes Betriebssystem<\/li>\n<li>Referrer URL<\/li>\n<li>Hostname des zugreifenden Rechners<\/li>\n<li>Uhrzeit der Serveranfrage<\/li>\n<li>IP-Adresse<\/li>\n<\/ul>\n<p>Eine Zusammenf\u00fchrung dieser Daten mit anderen Datenquellen wird nicht vorgenommen.<\/p>\n<p>Die Erfassung dieser Daten erfolgt auf Grundlage von Art. 6 Abs. 1 lit. f DSGVO. Der Webseitenbetreiber hat ein berechtigtes Interesse an der technisch fehlerfreien Darstellung und der Optimierung seiner Webseite \u2013 hierzu m\u00fcssen die Server-Log-Files erfasst werden.<\/p>\n<p>Wir speichern alle Daten, die auf unserer Webseite eingegeben werden. Das sind die Namen, das Geschlecht und die Klasse von Teilnehmern, au\u00dferdem die Schule sowie den Namen und die E-Mail-Adresse des angegebenen Fach- oder Klassenlehrers. Um die Gruppenmitglieder f\u00fcr den Fall eines Sieges kontaktieren zu k\u00f6nnen, speichern wir au\u00dferdem deren E-Mail-Adressen sofern diese angegeben wurden.<\/p>\n<p>Von Gruppenmitgliedern, die eine besonders gute Leistung erbracht haben, speichern wir die Daten zur Erstellung einer Urkunde oder zum Versand von Sonderpreisen.<\/p>\n<p>Diese Daten werden auf Grundlage des Artikel 6 Absatz 1 Buchstabe e DSGVO verarbeitet. Dieses Gesetz erlaubt, Daten zu verarbeiten, wenn diese Datenverarbeitungen erforderlich sind, um eine Aufgabe zu erf\u00fcllen, die im \u00f6ffentlichen Interesse liegt oder in Aus\u00fcbung \u00f6ffentlicher Gewalt erfolgt, die uns \u00fcbertragen wurde.<\/p>\n<ol start=\"4\">\n<li>Fristen der Speicherung<\/li>\n<\/ol>\n<p>Wir speichern Daten f\u00fcr das reine Aufrufen der Webseite nur 24 Stunden lang. Danach werden sie entweder anonymisiert oder gel\u00f6scht.<\/p>\n<p>Pers\u00f6nliche Daten speichern wir zur Durchf\u00fchrung des Wettbewerbs f\u00fcr zwei Jahre nachdem der Wettbewerb beendet ist. Falls du einen Sonderpreis bzw. die Einladung zur Feierstunde gewonnen hast, speichern wir deine Daten zur Durchf\u00fchrung des Wettbewerbs sieben Jahre.<\/p>\n<ol start=\"5\">\n<li>Weitergabe von Daten<\/li>\n<\/ol>\n<p>Um Daten technisch speichern zu k\u00f6nnen, schicken wir die Daten an andere Unternehmen (sogenannte \u201eAuftragsverarbeiter\u201c). Diese speichern und verarbeiten Daten f\u00fcr uns, machen aber sonst nichts damit.<\/p>\n<p>Dar\u00fcber hinaus senden wir die Ergebnisse \u00fcber die angegebenen Lehrer zur\u00fcck. Insoweit kann er die Ergebnisse ansehen.<\/p>\n<ol start=\"6\">\n<li>Nicht bereitstellen von Daten<\/li>\n<\/ol>\n<p>Niemand ist verpflichtet, uns Daten zu senden. Das geschieht freiwillig. Ohne diese Daten kann die Webseite nicht fehlerfrei angezeigt werden und nicht alle Funktionen der Webseite sind zug\u00e4nglich. Auch ist die Teilnahme am Wettbewerb nicht ohne Angabe von Daten m\u00f6glich.<\/p>\n","protected":false},"excerpt":{"rendered":"<p>Datenschutzerkl\u00e4rung Datenschutz auf einen Blick Allgemeine Hinweise Die folgenden Hinweise geben einen einfachen \u00dcberblick dar\u00fcber, was mit Ihren personenbezogenen Daten passiert, wenn Sie unsere Website besuchen. Personenbezogene Daten sind alle Daten, mit denen Sie pers\u00f6nlich identifiziert werden k\u00f6nnen. Ausf\u00fchrliche Informationen zum Thema Datenschutz entnehmen Sie unserer unter diesem Text aufgef\u00fchrten Datenschutzerkl\u00e4rung. Datenerfassung auf unserer Website [&hellip;]<\/p>\n","protected":false},"author":9193089,"featured_media":0,"parent":0,"menu_order":0,"comment_status":"closed","ping_status":"closed","template":"","meta":{"footnotes":""},"class_list":["post-112","page","type-page","status-publish","hentry"],"_links":{"self":[{"href":"https:\/\/wordpress.nibis.de\/dich\/wp-json\/wp\/v2\/pages\/112","targetHints":{"allow":["GET"]}}],"collection":[{"href":"https:\/\/wordpress.nibis.de\/dich\/wp-json\/wp\/v2\/pages"}],"about":[{"href":"https:\/\/wordpress.nibis.de\/dich\/wp-json\/wp\/v2\/types\/page"}],"author":[{"embeddable":true,"href":"https:\/\/wordpress.nibis.de\/dich\/wp-json\/wp\/v2\/users\/9193089"}],"replies":[{"embeddable":true,"href":"https:\/\/wordpress.nibis.de\/dich\/wp-json\/wp\/v2\/comments?post=112"}],"version-history":[{"count":2,"href":"https:\/\/wordpress.nibis.de\/dich\/wp-json\/wp\/v2\/pages\/112\/revisions"}],"predecessor-version":[{"id":164,"href":"https:\/\/wordpress.nibis.de\/dich\/wp-json\/wp\/v2\/pages\/112\/revisions\/164"}],"wp:attachment":[{"href":"https:\/\/wordpress.nibis.de\/dich\/wp-json\/wp\/v2\/media?parent=112"}],"curies":[{"name":"wp","href":"https:\/\/api.w.org\/{rel}","templated":true}]}}