{"id":2,"date":"2019-03-27T15:46:56","date_gmt":"2019-03-27T14:46:56","guid":{"rendered":"https:\/\/wordpress.nibis.de\/dich\/?page_id=2"},"modified":"2026-02-10T13:01:13","modified_gmt":"2026-02-10T12:01:13","slug":"beispiel-seite","status":"publish","type":"page","link":"https:\/\/wordpress.nibis.de\/dich\/","title":{"rendered":"Die Online-Anmeldung der Beitr\u00e4ge ist jetzt m\u00f6glich."},"content":{"rendered":"\n<p>Die Aufgaben und weiteren Informationen der <strong>14. Runde<\/strong> rund um Papier lassen sich unter dem Men\u00fcpunkt <a href=\"https:\/\/wordpress.nibis.de\/dich\/aufgaben\/\">Aufgaben<\/a> abrufen.<br \/>Die Bearbeitungszeit wird um eine Woche verl\u00e4ngert.<br \/>Einsendeschluss ist der <strong>14. M\u00e4rz 2026<\/strong>.\u00a0<\/p>\n<p>Die<strong> <a href=\"https:\/\/wordpress.nibis.de\/dich\/onlineanmeldung-2\/\">obligatorische Online-Anmeldung der Beitr\u00e4ge<\/a><\/strong>\u00a0ist\u00a0frei geschaltet.<\/p>\n<p>Die 13. Wettbewerbsrunde nach dem Neustart des Wettbewerbes war zum Schuljahresende ausgewertet und die sehr erfolgreichen Arbeiten wurden im Rahmen einer Feierstunde an der Universit\u00e4t Hannover mit Preisen ausgezeichnet.<\/p>\n<p>Ich hoffe, dass wir im Jahr 2026 auch wieder eine sch\u00f6ne Feierstunde mit den erfolgreichsten Sch\u00fclerinnen und Sch\u00fclern begehen k\u00f6nnen.<\/p>\n<p>Bis bald<\/p>\n<p>Matthias Lemmler<\/p>\n\n\n\n<p><\/p>\n","protected":false},"excerpt":{"rendered":"<p>Die Aufgaben und weiteren Informationen der 14. Runde rund um Papier lassen sich unter dem Men\u00fcpunkt Aufgaben abrufen.Die Bearbeitungszeit wird um eine Woche verl\u00e4ngert.Einsendeschluss ist der 14. M\u00e4rz 2026.\u00a0 Die obligatorische Online-Anmeldung der Beitr\u00e4ge\u00a0ist\u00a0frei geschaltet. Die 13. Wettbewerbsrunde nach dem Neustart des Wettbewerbes war zum Schuljahresende ausgewertet und die sehr erfolgreichen Arbeiten wurden im Rahmen [&hellip;]<\/p>\n","protected":false},"author":9193089,"featured_media":0,"parent":0,"menu_order":0,"comment_status":"closed","ping_status":"open","template":"","meta":{"footnotes":""},"class_list":["post-2","page","type-page","status-publish","hentry"],"_links":{"self":[{"href":"https:\/\/wordpress.nibis.de\/dich\/wp-json\/wp\/v2\/pages\/2","targetHints":{"allow":["GET"]}}],"collection":[{"href":"https:\/\/wordpress.nibis.de\/dich\/wp-json\/wp\/v2\/pages"}],"about":[{"href":"https:\/\/wordpress.nibis.de\/dich\/wp-json\/wp\/v2\/types\/page"}],"author":[{"embeddable":true,"href":"https:\/\/wordpress.nibis.de\/dich\/wp-json\/wp\/v2\/users\/9193089"}],"replies":[{"embeddable":true,"href":"https:\/\/wordpress.nibis.de\/dich\/wp-json\/wp\/v2\/comments?post=2"}],"version-history":[{"count":58,"href":"https:\/\/wordpress.nibis.de\/dich\/wp-json\/wp\/v2\/pages\/2\/revisions"}],"predecessor-version":[{"id":486,"href":"https:\/\/wordpress.nibis.de\/dich\/wp-json\/wp\/v2\/pages\/2\/revisions\/486"}],"wp:attachment":[{"href":"https:\/\/wordpress.nibis.de\/dich\/wp-json\/wp\/v2\/media?parent=2"}],"curies":[{"name":"wp","href":"https:\/\/api.w.org\/{rel}","templated":true}]}}