{"id":412,"date":"2025-02-05T11:15:32","date_gmt":"2025-02-05T10:15:32","guid":{"rendered":"https:\/\/wordpress.nibis.de\/dich\/?page_id=412"},"modified":"2026-02-10T12:52:37","modified_gmt":"2026-02-10T11:52:37","slug":"onlineanmeldung-2","status":"publish","type":"page","link":"https:\/\/wordpress.nibis.de\/dich\/onlineanmeldung-2\/","title":{"rendered":"Onlineanmeldung"},"content":{"rendered":"\n<div class=\"wp-block-contact-form-7-contact-form-selector\">\n<div class=\"wpcf7 no-js\" id=\"wpcf7-f481-o1\" lang=\"de-DE\" dir=\"ltr\" data-wpcf7-id=\"481\">\n<div class=\"screen-reader-response\"><p role=\"status\" aria-live=\"polite\" aria-atomic=\"true\"><\/p> <ul><\/ul><\/div>\n<form action=\"\/dich\/wp-json\/wp\/v2\/pages\/412#wpcf7-f481-o1\" method=\"post\" class=\"wpcf7-form init\" aria-label=\"Kontaktformular\" novalidate=\"novalidate\" data-status=\"init\">\n<fieldset class=\"hidden-fields-container\"><input type=\"hidden\" name=\"_wpcf7\" value=\"481\" \/><input type=\"hidden\" name=\"_wpcf7_version\" value=\"6.1.5\" \/><input type=\"hidden\" name=\"_wpcf7_locale\" value=\"de_DE\" \/><input type=\"hidden\" name=\"_wpcf7_unit_tag\" value=\"wpcf7-f481-o1\" \/><input type=\"hidden\" name=\"_wpcf7_container_post\" value=\"0\" \/><input type=\"hidden\" name=\"_wpcf7_posted_data_hash\" value=\"\" \/>\n<\/fieldset>\n<p><b> Anmeldung eines Beitrages zum Wettbewerb 2025-2026 <\/b>\n<\/p>\n<p> Bitte f\u00fclle das Anmeldeformular sorgf\u00e4ltig aus. Achte darauf, dass alle Eintr\u00e4ge richtig geschrieben sind, denn mit diesen Eintragungen werden sp\u00e4ter auch die Urkunden erstellt. <strong> Bitte keine Emojis verwenden <\/strong>. Emojis sorgen f\u00fcr Probleme bei der Verarbeitung deiner Anmeldungen.\n<\/p>\n<p><label> Schulform <span class=\"wpcf7-form-control-wrap\" data-name=\"menu-Schulform\"><select class=\"wpcf7-form-control wpcf7-select wpcf7-validates-as-required\" aria-required=\"true\" aria-invalid=\"false\" name=\"menu-Schulform\"><option value=\"F\u00f6rderschule\">F\u00f6rderschule<\/option><option value=\"Gymnasium\">Gymnasium<\/option><option value=\"Hauptschule\">Hauptschule<\/option><option value=\"Integrierte Gesamtschule\">Integrierte Gesamtschule<\/option><option value=\"Kooperative Gesamtschule\">Kooperative Gesamtschule<\/option><option value=\"Oberschule\">Oberschule<\/option><option value=\"Realschule\">Realschule<\/option><option value=\"Waldorfschule\">Waldorfschule<\/option><\/select><\/span> <\/label>\n<\/p>\n<p><label> Name der Schule (Pflichtfeld)<br \/>\n<span class=\"wpcf7-form-control-wrap\" data-name=\"Schulname\"><input size=\"40\" maxlength=\"400\" class=\"wpcf7-form-control wpcf7-text wpcf7-validates-as-required\" aria-required=\"true\" aria-invalid=\"false\" value=\"\" type=\"text\" name=\"Schulname\" \/><\/span> <\/label>\n<\/p>\n<p><label> Stra&szlig;e der Schule (Pflichtfeld)<br \/>\n<span class=\"wpcf7-form-control-wrap\" data-name=\"Strasse\"><input size=\"40\" maxlength=\"400\" class=\"wpcf7-form-control wpcf7-text wpcf7-validates-as-required\" aria-required=\"true\" aria-invalid=\"false\" value=\"\" type=\"text\" name=\"Strasse\" \/><\/span> <\/label>\n<\/p>\n<p><label> Hausnummer der Schule (Pflichtfeld)<br \/>\n<span class=\"wpcf7-form-control-wrap\" data-name=\"Hausnummer\"><input size=\"40\" maxlength=\"400\" class=\"wpcf7-form-control wpcf7-text wpcf7-validates-as-required\" aria-required=\"true\" aria-invalid=\"false\" value=\"\" type=\"text\" name=\"Hausnummer\" \/><\/span> <\/label>\n<\/p>\n<p><label> Postleitzahl der Schule (Pflichtfeld)<br \/>\n<span class=\"wpcf7-form-control-wrap\" data-name=\"Postleitzahl\"><input class=\"wpcf7-form-control wpcf7-number wpcf7-validates-as-required wpcf7-validates-as-number\" min=\"19000\" max=\"49999\" aria-required=\"true\" aria-invalid=\"false\" value=\"\" type=\"number\" name=\"Postleitzahl\" \/><\/span> <\/label>\n<\/p>\n<p><label> Ort der Schule (Pflichtfeld)<br \/>\n<span class=\"wpcf7-form-control-wrap\" data-name=\"Ort\"><input size=\"40\" maxlength=\"400\" class=\"wpcf7-form-control wpcf7-text wpcf7-validates-as-required\" aria-required=\"true\" aria-invalid=\"false\" value=\"\" type=\"text\" name=\"Ort\" \/><\/span> <\/label>\n<\/p>\n<p><label> Anrede der betreuenden Lehrkraft (Pflichtfeld)<br \/>\n<span class=\"wpcf7-form-control-wrap\" data-name=\"AnredeLK\"><select class=\"wpcf7-form-control wpcf7-select wpcf7-validates-as-required\" aria-required=\"true\" aria-invalid=\"false\" name=\"AnredeLK\"><option value=\"Frau\">Frau<\/option><option value=\"Herr\">Herr<\/option><option value=\"Frau Dr.\">Frau Dr.<\/option><option value=\"Herr Dr.\">Herr Dr.<\/option><\/select><\/span> <\/label>\n<\/p>\n<p><label> Vorname der betreuenden Lehrkraft (Pflichtfeld)<br \/>\n<span class=\"wpcf7-form-control-wrap\" data-name=\"VornameLK\"><input size=\"40\" maxlength=\"400\" class=\"wpcf7-form-control wpcf7-text wpcf7-validates-as-required\" aria-required=\"true\" aria-invalid=\"false\" value=\"\" type=\"text\" name=\"VornameLK\" \/><\/span> <\/label>\n<\/p>\n<p><label> Name der betreuenden Lehrkraft (Pflichtfeld)<br \/>\n<span class=\"wpcf7-form-control-wrap\" data-name=\"NameLK\"><input size=\"40\" maxlength=\"400\" class=\"wpcf7-form-control wpcf7-text wpcf7-validates-as-required\" aria-required=\"true\" aria-invalid=\"false\" value=\"\" type=\"text\" name=\"NameLK\" \/><\/span> <\/label>\n<\/p>\n<p><label> E-Mail-Adresse der betreuenden Lehrkraft, erh\u00e4lt eine Meldebest\u00e4tigung als Email (Pflichtfeld)<br \/>\n<span class=\"wpcf7-form-control-wrap\" data-name=\"your-email\"><input size=\"40\" maxlength=\"400\" class=\"wpcf7-form-control wpcf7-email wpcf7-validates-as-required wpcf7-text wpcf7-validates-as-email\" aria-required=\"true\" aria-invalid=\"false\" value=\"\" type=\"email\" name=\"your-email\" \/><\/span> <\/label>\n<\/p>\n<p><label> Name der Gruppe (Pflichtfeld)<br \/>\n<span class=\"wpcf7-form-control-wrap\" data-name=\"Gruppenname\"><input size=\"40\" maxlength=\"400\" class=\"wpcf7-form-control wpcf7-text wpcf7-validates-as-required\" aria-required=\"true\" aria-invalid=\"false\" value=\"\" type=\"text\" name=\"Gruppenname\" \/><\/span> <\/label>\n<\/p>\n<p><label> Teilnehmerzahl<br \/>\n<span class=\"wpcf7-form-control-wrap\" data-name=\"AnzahlTN\"><input class=\"wpcf7-form-control wpcf7-number wpcf7-validates-as-required wpcf7-validates-as-number\" min=\"1\" max=\"3\" aria-required=\"true\" aria-invalid=\"false\" value=\"\" type=\"number\" name=\"AnzahlTN\" \/><\/span> <\/label><br \/>\n<label> Vorname Teilnehmer 1 (Pflichtfeld)<br \/>\n<span class=\"wpcf7-form-control-wrap\" data-name=\"VornameTN1\"><input size=\"40\" maxlength=\"400\" class=\"wpcf7-form-control wpcf7-text wpcf7-validates-as-required\" aria-required=\"true\" aria-invalid=\"false\" value=\"\" type=\"text\" name=\"VornameTN1\" \/><\/span> <\/label><br \/>\n<label> Name Teilnehmer 1 (Pflichtfeld)<br \/>\n<span class=\"wpcf7-form-control-wrap\" data-name=\"NameTN1\"><input size=\"40\" maxlength=\"400\" class=\"wpcf7-form-control wpcf7-text wpcf7-validates-as-required\" aria-required=\"true\" aria-invalid=\"false\" value=\"\" type=\"text\" name=\"NameTN1\" \/><\/span> <\/label><br \/>\n<label> Geschlecht Teilnehmer 1 (Pflichtfeld)<br \/>\n<span class=\"wpcf7-form-control-wrap\" data-name=\"GeschTN1\"><select class=\"wpcf7-form-control wpcf7-select wpcf7-validates-as-required\" aria-required=\"true\" aria-invalid=\"false\" name=\"GeschTN1\"><option value=\"weiblich\">weiblich<\/option><option value=\"m\u00e4nnlich\">m\u00e4nnlich<\/option><option value=\"divers\">divers<\/option><\/select><\/span> <\/label><br \/>\n<label> Alter Teilnehmer 1 (Pflichtfeld)<br \/>\n<span class=\"wpcf7-form-control-wrap\" data-name=\"AlterTN1\"><input class=\"wpcf7-form-control wpcf7-number wpcf7-validates-as-required wpcf7-validates-as-number\" min=\"9\" max=\"18\" aria-required=\"true\" aria-invalid=\"false\" value=\"\" type=\"number\" name=\"AlterTN1\" \/><\/span> <\/label><br \/>\n<label> Klasse Teilnehmer 1 (Pflichtfeld)<br \/>\n<span class=\"wpcf7-form-control-wrap\" data-name=\"KlasseTN1\"><input class=\"wpcf7-form-control wpcf7-number wpcf7-validates-as-required wpcf7-validates-as-number\" min=\"5\" max=\"10\" aria-required=\"true\" aria-invalid=\"false\" value=\"\" type=\"number\" name=\"KlasseTN1\" \/><\/span> <\/label><br \/>\n<label> Kennung Klasse Teilnehmer 1, zB b bei Klasse 7b (Pflichtfeld)<br \/>\n<span class=\"wpcf7-form-control-wrap\" data-name=\"KennungKlasseTN1\"><input size=\"40\" maxlength=\"400\" class=\"wpcf7-form-control wpcf7-text wpcf7-validates-as-required\" aria-required=\"true\" aria-invalid=\"false\" value=\"\" type=\"text\" name=\"KennungKlasseTN1\" \/><\/span> <\/label>\n<\/p>\n<p><label> Vorname Teilnehmer 2<br \/>\n<span class=\"wpcf7-form-control-wrap\" data-name=\"VornameTN2\"><input size=\"40\" maxlength=\"400\" class=\"wpcf7-form-control wpcf7-text\" aria-invalid=\"false\" value=\"\" type=\"text\" name=\"VornameTN2\" \/><\/span> <\/label><br \/>\n<label> Name Teilnehmer 2<br \/>\n<span class=\"wpcf7-form-control-wrap\" data-name=\"NameTN2\"><input size=\"40\" maxlength=\"400\" class=\"wpcf7-form-control wpcf7-text\" aria-invalid=\"false\" value=\"\" type=\"text\" name=\"NameTN2\" \/><\/span> <\/label><br \/>\n<label> Geschlecht Teilnehmer 2<br \/>\n<span class=\"wpcf7-form-control-wrap\" data-name=\"GeschTN2\"><select class=\"wpcf7-form-control wpcf7-select\" aria-invalid=\"false\" name=\"GeschTN2\"><option value=\"weiblich\">weiblich<\/option><option value=\"m\u00e4nnlich\">m\u00e4nnlich<\/option><option value=\"divers\">divers<\/option><\/select><\/span> <\/label><br \/>\n<label> Alter Teilnehmer 2<br \/>\n<span class=\"wpcf7-form-control-wrap\" data-name=\"AlterTN2\"><input class=\"wpcf7-form-control wpcf7-number wpcf7-validates-as-number\" min=\"9\" max=\"18\" aria-invalid=\"false\" value=\"\" type=\"number\" name=\"AlterTN2\" \/><\/span> <\/label><br \/>\n<label> Klasse Teilnehmer 2<br \/>\n<span class=\"wpcf7-form-control-wrap\" data-name=\"KlasseTN2\"><input class=\"wpcf7-form-control wpcf7-number wpcf7-validates-as-number\" min=\"5\" max=\"10\" aria-invalid=\"false\" value=\"\" type=\"number\" name=\"KlasseTN2\" \/><\/span> <\/label><br \/>\n<label> Kennung Klasse Teilnehmer 2, zB b bei Klasse 7b<br \/>\n<span class=\"wpcf7-form-control-wrap\" data-name=\"KennungKlasseTN2\"><input size=\"40\" maxlength=\"400\" class=\"wpcf7-form-control wpcf7-text\" aria-invalid=\"false\" value=\"\" type=\"text\" name=\"KennungKlasseTN2\" \/><\/span> <\/label>\n<\/p>\n<p><label> Vorname Teilnehmer 3<br \/>\n<span class=\"wpcf7-form-control-wrap\" data-name=\"VornameTN3\"><input size=\"40\" maxlength=\"400\" class=\"wpcf7-form-control wpcf7-text\" aria-invalid=\"false\" value=\"\" type=\"text\" name=\"VornameTN3\" \/><\/span> <\/label><br \/>\n<label> Name Teilnehmer 3<br \/>\n<span class=\"wpcf7-form-control-wrap\" data-name=\"NameTN3\"><input size=\"40\" maxlength=\"400\" class=\"wpcf7-form-control wpcf7-text\" aria-invalid=\"false\" value=\"\" type=\"text\" name=\"NameTN3\" \/><\/span> <\/label><br \/>\n<label> Geschlecht Teilnehmer 3<br \/>\n<span class=\"wpcf7-form-control-wrap\" data-name=\"GeschTN3\"><select class=\"wpcf7-form-control wpcf7-select\" aria-invalid=\"false\" name=\"GeschTN3\"><option value=\"weiblich\">weiblich<\/option><option value=\"m\u00e4nnlich\">m\u00e4nnlich<\/option><option value=\"divers\">divers<\/option><\/select><\/span> <\/label><br \/>\n<label> Alter Teilnehmer 3<br \/>\n<span class=\"wpcf7-form-control-wrap\" data-name=\"AlterTN3\"><input class=\"wpcf7-form-control wpcf7-number wpcf7-validates-as-number\" min=\"9\" max=\"18\" aria-invalid=\"false\" value=\"\" type=\"number\" name=\"AlterTN3\" \/><\/span> <\/label><br \/>\n<label> Klasse Teilnehmer 3<br \/>\n<span class=\"wpcf7-form-control-wrap\" data-name=\"KlasseTN3\"><input class=\"wpcf7-form-control wpcf7-number wpcf7-validates-as-number\" min=\"5\" max=\"10\" aria-invalid=\"false\" value=\"\" type=\"number\" name=\"KlasseTN3\" \/><\/span> <\/label><br \/>\n<label> Kennung Klasse Teilnehmer 3, zB b bei Klasse 7b<br \/>\n<span class=\"wpcf7-form-control-wrap\" data-name=\"KennungKlasseTN3\"><input size=\"40\" maxlength=\"400\" class=\"wpcf7-form-control wpcf7-text\" aria-invalid=\"false\" value=\"\" type=\"text\" name=\"KennungKlasseTN3\" \/><\/span> <\/label>\n<\/p>\n<p><label> Anmerkungen<br \/>\n<span class=\"wpcf7-form-control-wrap\" data-name=\"Anmerkung\"><textarea cols=\"40\" rows=\"10\" maxlength=\"2000\" class=\"wpcf7-form-control wpcf7-textarea\" aria-invalid=\"false\" name=\"Anmerkung\"><\/textarea><\/span><\/label>\n<\/p>\n<div class=\"wpcf7-turnstile cf-turnstile\" data-sitekey=\"0x4AAAAAACaGkoCWGx38KyBv\" data-response-field-name=\"_wpcf7_turnstile_response\"><\/div>\n<p><input class=\"wpcf7-form-control wpcf7-submit has-spinner\" type=\"submit\" value=\"Senden\" \/>\n<\/p><div class=\"wpcf7-response-output\" aria-hidden=\"true\"><\/div>\n<\/form>\n<\/div>\n<\/div>\n\n\n\n<p><\/p>\n","protected":false},"excerpt":{"rendered":"","protected":false},"author":9193089,"featured_media":0,"parent":0,"menu_order":0,"comment_status":"closed","ping_status":"closed","template":"","meta":{"footnotes":""},"class_list":["post-412","page","type-page","status-publish","hentry"],"_links":{"self":[{"href":"https:\/\/wordpress.nibis.de\/dich\/wp-json\/wp\/v2\/pages\/412","targetHints":{"allow":["GET"]}}],"collection":[{"href":"https:\/\/wordpress.nibis.de\/dich\/wp-json\/wp\/v2\/pages"}],"about":[{"href":"https:\/\/wordpress.nibis.de\/dich\/wp-json\/wp\/v2\/types\/page"}],"author":[{"embeddable":true,"href":"https:\/\/wordpress.nibis.de\/dich\/wp-json\/wp\/v2\/users\/9193089"}],"replies":[{"embeddable":true,"href":"https:\/\/wordpress.nibis.de\/dich\/wp-json\/wp\/v2\/comments?post=412"}],"version-history":[{"count":3,"href":"https:\/\/wordpress.nibis.de\/dich\/wp-json\/wp\/v2\/pages\/412\/revisions"}],"predecessor-version":[{"id":483,"href":"https:\/\/wordpress.nibis.de\/dich\/wp-json\/wp\/v2\/pages\/412\/revisions\/483"}],"wp:attachment":[{"href":"https:\/\/wordpress.nibis.de\/dich\/wp-json\/wp\/v2\/media?parent=412"}],"curies":[{"name":"wp","href":"https:\/\/api.w.org\/{rel}","templated":true}]}}