{"id":141,"date":"2018-11-27T22:56:16","date_gmt":"2018-11-27T21:56:16","guid":{"rendered":"http:\/\/wordpress.nibis.de\/dps-hi\/?page_id=141"},"modified":"2024-09-11T22:05:27","modified_gmt":"2024-09-11T20:05:27","slug":"fuer-kinder","status":"publish","type":"page","link":"https:\/\/wordpress.nibis.de\/dps-hi\/?page_id=141","title":{"rendered":"Kinder &#8211; Lernen"},"content":{"rendered":"\n<figure class=\"wp-block-image size-large is-style-tw-rounded-corners\"><a href=\"https:\/\/alfons.westermann.de\/alfons\/#\/information\" target=\"_blank\" rel=\"https:\/\/alfons.westermann.de\/alfons\/#\/information noopener\"><img loading=\"lazy\" decoding=\"async\" width=\"1200\" height=\"624\" src=\"https:\/\/wordpress.nibis.de\/dps-hi\/files\/2023\/02\/Alfons-Lernwelt_Information2-1200x624.jpg\" alt=\"\" class=\"wp-image-3004\" \/><\/a><figcaption>ALFONS Lernwelt <br>(Zugangsdaten bekommst du von deinem Klassenlehrer)<\/figcaption><\/figure>\n\n\n\n<p><a href=\"https:\/\/alfons.westermann.de\/alfons\/#\/information\">https:\/\/alfons.westermann.de\/<\/a><\/p>\n\n\n\n<p>.<\/p>\n\n\n\n<figure class=\"wp-block-image size-full is-style-tw-rounded-corners\"><a href=\"https:\/\/antolin.westermann.de\/\"><img loading=\"lazy\" decoding=\"async\" width=\"1501\" height=\"699\" src=\"https:\/\/wordpress.nibis.de\/dps-hi\/files\/2023\/02\/Antolin_Westermann_.png\" alt=\"\" class=\"wp-image-3008\" srcset=\"https:\/\/wordpress.nibis.de\/dps-hi\/files\/2023\/02\/Antolin_Westermann_.png 1501w, https:\/\/wordpress.nibis.de\/dps-hi\/files\/2023\/02\/Antolin_Westermann_-768x358.png 768w, https:\/\/wordpress.nibis.de\/dps-hi\/files\/2023\/02\/Antolin_Westermann_-816x380.png 816w\" sizes=\"auto, (max-width: 1501px) 100vw, 1501px\" \/><\/a><figcaption>ANTOLIN Lesef\u00f6rderung <br>(Zugangsdaten bekommst du von deinem Klassenlehrer)<\/figcaption><\/figure>\n\n\n\n<p><a href=\"https:\/\/antolin.westermann.de\/\" target=\"_blank\" rel=\"noreferrer noopener\">https:\/\/antolin.westermann.de\/<\/a><\/p>\n\n\n\n<p>.<br>**************************************************<\/p>\n\n\n\n<h2 class=\"wp-block-heading\">Lern-Archiv (Homeschooling)<\/h2>\n\n\n\n<p>Lern-Hilfen: Ukraine<\/p>\n\n\n\n<p><a href=\"https:\/\/padlet.com\/FrauGraziano\/l2z2ffpm7cul1mk2\">https:\/\/padlet.com\/FrauGraziano\/l2z2ffpm7cul1mk2<\/a><\/p>\n\n\n\n<p>.<\/p>\n\n\n\n<h4 class=\"wp-block-heading\"><strong>Padlet zum Lernen 3c (Archiv):<\/strong><\/h4>\n\n\n\n<p><a href=\"https:\/\/padlet.com\/kklemperer\/x5d4uwewxzi8423z\">https:\/\/padlet.com\/kklemperer\/x5d4uwewxzi8423z<\/a><\/p>\n\n\n\n<p>.<\/p>\n\n\n\n<h4 class=\"wp-block-heading\"><strong>Padlet zum Lernen 4a &amp; 4b (Archiv):<\/strong><\/h4>\n\n\n\n<p>Mathe:<\/p>\n\n\n\n<p><a href=\"https:\/\/padlet.com\/schulzannalena1\/hk8mankqrk827vnn\">https:\/\/padlet.com\/schulzannalena1\/hk8mankqrk827vnn<\/a><\/p>\n\n\n\n<p>Sachunterricht, Deutsch, Kunst:<\/p>\n\n\n\n<p><a href=\"https:\/\/padlet.com\/DidrikPiningSchule\/2z0fjbnqwjus76xh\"><strong>https:\/\/padlet.com\/DidrikPiningSchule\/2z0fjbnqwjus76xh<\/strong><\/a><\/p>\n\n\n\n<p>.<\/p>\n\n\n\n<h4 class=\"wp-block-heading\"><strong>Padlet zum Lernen Englischunterricht (Archiv)<\/strong>:<\/h4>\n\n\n\n<p><a href=\"https:\/\/padlet.com\/FrauGraziano\/1g3q4vq66pqgi8jg\">https:\/\/padlet.com\/FrauGraziano\/1g3q4vq66pqgi8jg<\/a><\/p>\n\n\n\n<p>.<\/p>\n\n\n\n<h4 class=\"wp-block-heading\"><strong>Padlet zum Lernen 4d (Archiv)<\/strong>:<\/h4>\n\n\n\n<p><a href=\"https:\/\/padlet.com\/oliverkoenig\/pccvef8xobtw42rg\">https:\/\/padlet.com\/oliverkoenig\/pccvef8xobtw42rg<\/a><\/p>\n\n\n\n<p>.<\/p>\n\n\n\n<h4 class=\"wp-block-heading\"><strong>Padlet zum Lernen 4g (Archiv)<\/strong>:<\/h4>\n\n\n\n<p><a href=\"https:\/\/padlet.com\/susannewesche\/Klasse4g\">https:\/\/padlet.com\/susannewesche\/Klasse4g<\/a><\/p>\n\n\n\n<p>.<\/p>\n\n\n\n<h4 class=\"wp-block-heading\"><strong>Padlet Deutschunterricht 4b (Archiv):<\/strong><\/h4>\n\n\n\n<p><a href=\"https:\/\/padlet.com\/DidrikPiningSchule\/9lnq3x1hk57596wi\">https:\/\/padlet.com\/DidrikPiningSchule\/9lnq3x1hk57596wi<\/a><\/p>\n\n\n\n<p><br>********************************************************<\/p>\n\n\n\n<h4 class=\"wp-block-heading\"><strong>H\u00f6rb\u00fccher f\u00fcr Kinder:<\/strong><\/h4>\n\n\n\n<p>(OHRKA \u2013 Netzwerk H\u00f6rmedien f\u00fcr Kinder e.V.)<br><\/p>\n\n\n\n<p><a href=\"https:\/\/www.ohrka.de\">https:\/\/www.ohrka.de<\/a><\/p>\n\n\n\n<p><\/p>\n\n\n\n<p>.<\/p>\n\n\n\n<h4 class=\"wp-block-heading\"><strong>Amira Leseprogramm in 9 Sprachen:<\/strong><\/h4>\n\n\n\n<p><a href=\"http:\/\/www.amira-lesen.de\/#page=listen\">http:\/\/www.amira-lesen.de\/#page=listen<\/a><\/p>\n\n\n\n<p>.<\/p>\n\n\n\n<h4 class=\"wp-block-heading\"><strong>Schreib dich schlau &#8211; Motorik \u00dcbung<\/strong>:<\/h4>\n\n\n\n<p>.<\/p>\n\n\n\n<p><a href=\"https:\/\/www.schreibmotorik-institut.com\/index.php\/de\/aktuelles\/zuhause-ueben-und-gesund-bleiben\">https:\/\/www.schreibmotorik-institut.com\/index.php\/de\/aktuelles\/zuhause-ueben-und-gesund-bleiben<\/a><\/p>\n\n\n\n<p>.<\/p>\n\n\n<p>Kinder-Website der Didrik-Pining-Schule:\u00a0<a href=\"https:\/\/dpskids.jimdo.com\/\">https:\/\/dpskids.jimdo.com\/<\/a><\/p>\n<p>.<\/p>\n<p>Klasse 1B Website der Klasse 1B (2018):\u00a0<a href=\"https:\/\/dpsinfo.jimdofree.com\/klasse-1b\/\">https:\/\/dpsinfo.jimdofree.com\/klasse-1b\/<\/a><\/p>\n<p>.<\/p>\n<p>Bericht aus der 4. Klasse:\u00a0<a href=\"http:\/\/wordpress.nibis.de\/dps-hi\/files\/2018\/12\/Unterschied-zwischen-F\u00f6rderklassen-und-Grundschulklassen.pdf\">Unterschied zwischen F\u00f6rderklassen und Grundschulklassen<\/a><\/p>\n\n\n<hr class=\"wp-block-separator\" \/>\n\n\n\n<p>Stop-Motion Geschichte <\/p>\n\n\n\n<figure class=\"wp-block-embed is-type-video is-provider-youtube wp-block-embed-youtube wp-embed-aspect-16-9 wp-has-aspect-ratio\"><div class=\"wp-block-embed__wrapper\">\n<div  id=\"_ytid_28894\" class=\"__youtube_prefs__  __youtube_prefs_gdpr__  epyt-is-override \" allowfullscreen data-no-lazy=\"1\" data-skipgform_ajax_framebjll=\"\"><p><strong>Please accept YouTube cookies to play this video.<\/strong> By accepting you will be accessing content from YouTube, a service provided by an external third party.<\/p>\n<p><a href=\"https:\/\/policies.google.com\/privacy\" target=\"_blank\" rel=\"noopener\">YouTube privacy policy<\/a><\/p>\n<p>If you accept this notice, your choice will be saved and the page will refresh.<\/p>\n<button type=\"button\" class=\"__youtube_prefs_gdpr__\">Accept YouTube Content<img decoding=\"async\" src=\"https:\/\/wordpress.nibis.de\/dps-hi\/wp-content\/plugins\/youtube-embed-plus\/images\/icon-check.png\" alt=\"accept\" data-no-lazy=\"1\" data-skipgform_ajax_framebjll=\"\" \/><\/button><\/div>\n<\/div><\/figure>\n","protected":false},"excerpt":{"rendered":"<p>https:\/\/alfons.westermann.de\/ . https:\/\/antolin.westermann.de\/ .************************************************** Lern-Archiv (Homeschooling) Lern-Hilfen: Ukraine https:\/\/padlet.com\/FrauGraziano\/l2z2ffpm7cul1mk2 . Padlet zum Lernen 3c (Archiv): https:\/\/padlet.com\/kklemperer\/x5d4uwewxzi8423z . Padlet zum Lernen 4a &amp; 4b (Archiv): Mathe: https:\/\/padlet.com\/schulzannalena1\/hk8mankqrk827vnn Sachunterricht, Deutsch, Kunst: https:\/\/padlet.com\/DidrikPiningSchule\/2z0fjbnqwjus76xh . Padlet zum Lernen Englischunterricht (Archiv): https:\/\/padlet.com\/FrauGraziano\/1g3q4vq66pqgi8jg . Padlet zum Lernen 4d (Archiv): https:\/\/padlet.com\/oliverkoenig\/pccvef8xobtw42rg . Padlet zum Lernen 4g (Archiv): https:\/\/padlet.com\/susannewesche\/Klasse4g . Padlet Deutschunterricht 4b &hellip; <a href=\"https:\/\/wordpress.nibis.de\/dps-hi\/?page_id=141\" class=\"more-link\">Weiterlesen <span class=\"screen-reader-text\">Kinder &#8211; Lernen<\/span><\/a><\/p>\n","protected":false},"author":9192772,"featured_media":0,"parent":0,"menu_order":9,"comment_status":"closed","ping_status":"closed","template":"","meta":{"footnotes":""},"class_list":["post-141","page","type-page","status-publish","hentry","without-featured-image"],"_links":{"self":[{"href":"https:\/\/wordpress.nibis.de\/dps-hi\/index.php?rest_route=\/wp\/v2\/pages\/141","targetHints":{"allow":["GET"]}}],"collection":[{"href":"https:\/\/wordpress.nibis.de\/dps-hi\/index.php?rest_route=\/wp\/v2\/pages"}],"about":[{"href":"https:\/\/wordpress.nibis.de\/dps-hi\/index.php?rest_route=\/wp\/v2\/types\/page"}],"author":[{"embeddable":true,"href":"https:\/\/wordpress.nibis.de\/dps-hi\/index.php?rest_route=\/wp\/v2\/users\/9192772"}],"replies":[{"embeddable":true,"href":"https:\/\/wordpress.nibis.de\/dps-hi\/index.php?rest_route=%2Fwp%2Fv2%2Fcomments&post=141"}],"version-history":[{"count":64,"href":"https:\/\/wordpress.nibis.de\/dps-hi\/index.php?rest_route=\/wp\/v2\/pages\/141\/revisions"}],"predecessor-version":[{"id":3357,"href":"https:\/\/wordpress.nibis.de\/dps-hi\/index.php?rest_route=\/wp\/v2\/pages\/141\/revisions\/3357"}],"wp:attachment":[{"href":"https:\/\/wordpress.nibis.de\/dps-hi\/index.php?rest_route=%2Fwp%2Fv2%2Fmedia&parent=141"}],"curies":[{"name":"wp","href":"https:\/\/api.w.org\/{rel}","templated":true}]}}