{"id":1473,"date":"2020-04-15T15:49:18","date_gmt":"2020-04-15T13:49:18","guid":{"rendered":"https:\/\/wordpress.nibis.de\/dps-hi\/?page_id=1473"},"modified":"2020-04-19T16:23:50","modified_gmt":"2020-04-19T14:23:50","slug":"ganztag","status":"publish","type":"page","link":"https:\/\/wordpress.nibis.de\/dps-hi\/?page_id=1473","title":{"rendered":"Ganztag"},"content":{"rendered":"\n<p>Die Grundschule Achtum bietet von Montags bis Donnerstags ein Ganztagsangebot an. Der Ganztag beginnt im Anschluss an die 5. Stunde und geht bis 15:00Uhr.<\/p>\n\n\n\n<p>In dieser Zeit k\u00f6nnen die Kinder kostenpflichtig Mittag essen, Gelegenheit und Unterst\u00fctzung zur Anfertigung der Hausaufgaben bekommen und an einem frei gew\u00e4hlten zus\u00e4tzlichen Angebot teilnehmen. Den Ganztag begleiten p\u00e4dagogische Mitarbeiter und eine Lehrkraft.<\/p>\n\n\n\n<p><\/p>\n\n\n\n<p>Der Ablauf des Ganztags:<\/p>\n\n\n\n<ul class=\"wp-block-list\"><li>13:15 Uhr gemeinsames Mittagessen im Pfarrhaus (geliefert von K.bert)<\/li><li>13:45 Uhr Pause<\/li><li>14:00 Uhr frei w\u00e4hlbares Angebot<\/li><li>15:00 Uhr Ende<\/li><\/ul>\n\n\n\n<p>wechselndes Ganztagsangebot:<\/p>\n\n\n\n<ul class=\"wp-block-list\"><li>Lern- und \u00dcbungszeit (Hausaufgabenbetreuung)<\/li><li>Fu\u00dfball<\/li><li>Leichtathletik<\/li><li>Ballspiele<\/li><li>Erste-Hilfe<\/li><li>Tanz und Akrobatik<\/li><li>Basteln<\/li><\/ul>\n","protected":false},"excerpt":{"rendered":"<p>Die Grundschule Achtum bietet von Montags bis Donnerstags ein Ganztagsangebot an. Der Ganztag beginnt im Anschluss an die 5. Stunde und geht bis 15:00Uhr. In dieser Zeit k\u00f6nnen die Kinder kostenpflichtig Mittag essen, Gelegenheit und Unterst\u00fctzung zur Anfertigung der Hausaufgaben bekommen und an einem frei gew\u00e4hlten zus\u00e4tzlichen Angebot teilnehmen. Den Ganztag begleiten p\u00e4dagogische Mitarbeiter und &hellip; <a href=\"https:\/\/wordpress.nibis.de\/dps-hi\/?page_id=1473\" class=\"more-link\">Weiterlesen <span class=\"screen-reader-text\">Ganztag<\/span><\/a><\/p>\n","protected":false},"author":9192772,"featured_media":0,"parent":525,"menu_order":4,"comment_status":"closed","ping_status":"closed","template":"","meta":{"footnotes":""},"class_list":["post-1473","page","type-page","status-publish","hentry","without-featured-image"],"_links":{"self":[{"href":"https:\/\/wordpress.nibis.de\/dps-hi\/index.php?rest_route=\/wp\/v2\/pages\/1473","targetHints":{"allow":["GET"]}}],"collection":[{"href":"https:\/\/wordpress.nibis.de\/dps-hi\/index.php?rest_route=\/wp\/v2\/pages"}],"about":[{"href":"https:\/\/wordpress.nibis.de\/dps-hi\/index.php?rest_route=\/wp\/v2\/types\/page"}],"author":[{"embeddable":true,"href":"https:\/\/wordpress.nibis.de\/dps-hi\/index.php?rest_route=\/wp\/v2\/users\/9192772"}],"replies":[{"embeddable":true,"href":"https:\/\/wordpress.nibis.de\/dps-hi\/index.php?rest_route=%2Fwp%2Fv2%2Fcomments&post=1473"}],"version-history":[{"count":1,"href":"https:\/\/wordpress.nibis.de\/dps-hi\/index.php?rest_route=\/wp\/v2\/pages\/1473\/revisions"}],"predecessor-version":[{"id":1474,"href":"https:\/\/wordpress.nibis.de\/dps-hi\/index.php?rest_route=\/wp\/v2\/pages\/1473\/revisions\/1474"}],"up":[{"embeddable":true,"href":"https:\/\/wordpress.nibis.de\/dps-hi\/index.php?rest_route=\/wp\/v2\/pages\/525"}],"wp:attachment":[{"href":"https:\/\/wordpress.nibis.de\/dps-hi\/index.php?rest_route=%2Fwp%2Fv2%2Fmedia&parent=1473"}],"curies":[{"name":"wp","href":"https:\/\/api.w.org\/{rel}","templated":true}]}}