{"id":1537,"date":"2020-04-19T16:30:34","date_gmt":"2020-04-19T14:30:34","guid":{"rendered":"https:\/\/wordpress.nibis.de\/dps-hi\/?page_id=1537"},"modified":"2020-11-16T15:48:25","modified_gmt":"2020-11-16T14:48:25","slug":"was-bedeutet-aussenstelle","status":"publish","type":"page","link":"https:\/\/wordpress.nibis.de\/dps-hi\/?page_id=1537","title":{"rendered":"Was bedeutet Au\u00dfenstelle?"},"content":{"rendered":"\n<p>Die Grundschule Achtum ist eine Au\u00dfenstelle der Didrik-Pining-Schule (Hauptstandort) und hat einen eigenen Schulbezirk. Kinder aus Achtum, Einum, Uppen \u00a0oder im Galgenbergsfeld werden der GS Achtum zugeordnet.<\/p>\n\n\n\n<p><\/p>\n\n\n\n<div class=\"wp-block-image\"><figure class=\"aligncenter is-resized\"><img loading=\"lazy\" decoding=\"async\" src=\"https:\/\/wordpress.nibis.de\/dps-hi\/files\/2020\/04\/GS-Achtum.jpg\" alt=\"\" class=\"wp-image-1538\" width=\"502\" height=\"282\" srcset=\"https:\/\/wordpress.nibis.de\/dps-hi\/files\/2020\/04\/GS-Achtum.jpg 1200w, https:\/\/wordpress.nibis.de\/dps-hi\/files\/2020\/04\/GS-Achtum-250x141.jpg 250w, https:\/\/wordpress.nibis.de\/dps-hi\/files\/2020\/04\/GS-Achtum-850x478.jpg 850w, https:\/\/wordpress.nibis.de\/dps-hi\/files\/2020\/04\/GS-Achtum-768x432.jpg 768w\" sizes=\"auto, (max-width: 502px) 100vw, 502px\" \/><\/figure><\/div>\n\n\n\n<p>Die Schulleitung ist f\u00fcr beide Standorte gleicherma\u00dfen\nverantwortlich. Sie arbeitet \u00fcberwiegend vom Hauptstandort aus, ist aber\nregelm\u00e4\u00dfig und bei besonderem Bedarf innerhalb weniger Minuten vor Ort.\nGespr\u00e4che mit der Schulleitung finden vor Ort in Achtum statt.<\/p>\n\n\n\n<p>Das Sekretariat ist ebenfalls am besten \u00fcber den\nHautstandort erreichbar. Auf Wunsch k\u00f6nnen aber Termine vor Ort vereinbart\nwerden. <\/p>\n\n\n\n<p>Vor Ort arbeitet ein festes Team an Lehrkr\u00e4ften. Ein\nEinsatzwechsel zwischen den Standorten findet nur in wenigen Ausnahmen statt.\nDa es sich um zwei Standorte mit sehr unterschiedlichen Gegebenheiten handelt,\narbeitet die GS Achtum weitestgehend eigenst\u00e4ndig. Die Unterrichtszeiten\nweichen etwas voneinander ab. Auch der Ganztag wird unterschiedlich\norganisiert. <\/p>\n\n\n\n<p>Die GS Achtum hat einen eigenen, sehr engagierten\nSchulelternrat und F\u00f6rderverein. Standortspezifische p\u00e4dagogische\nFragestellungen werden in der Gesamtkonferenz der GS Achtum besprochen. <\/p>\n\n\n\n<p>Eine enge Zusammenarbeit erfolgt beim fachlichen Austausch.\nDie Lehrkr\u00e4fte beider Standorte arbeiten in den einzelnen Fachbereichen eng\nzusammen. Hierdurch k\u00f6nnen die Achtumer Kollegen auf einen gr\u00f6\u00dferen\nMaterialpool zugreifen und sich mit Fachkollegen austauschen.&nbsp; An der Schulentwicklung und an der\nWeiterentwicklung der Unterrichtsqualit\u00e4t arbeiten beide Standorte gemeinsam,\nz.B. in Form von gemeinsamen Fortbildungsveranstaltungen. Viele Aktionen des\nSchullebens wie Einschulungs- und Abschiedsfeiern, Gottesdienste, Schulfeste,\nAusfl\u00fcge und Projekte finden an jedem der beiden Standorte separat statt. F\u00fcr\neinzelne Veranstaltungen wie dem ADAC-Fahrradparcours oder der Vorstellung der\nPr\u00e4ventionspuppenb\u00fchne der Polizei besuchen die Klassen aus Achtum den\nHauptstandort.<\/p>\n\n\n\n<p class=\"has-text-color has-very-dark-gray-color\"><em>Unser Ziel lautet: Beide Standorte arbeiten so eigenst\u00e4ndig wie es die unterschiedlichen Gegebenheiten erfordern, arbeiten aber an einem Zusammenwachsen in besonderen Bereichen.<\/em><\/p>\n","protected":false},"excerpt":{"rendered":"<p>Die Grundschule Achtum ist eine Au\u00dfenstelle der Didrik-Pining-Schule (Hauptstandort) und hat einen eigenen Schulbezirk. Kinder aus Achtum, Einum, Uppen \u00a0oder im Galgenbergsfeld werden der GS Achtum zugeordnet. Die Schulleitung ist f\u00fcr beide Standorte gleicherma\u00dfen verantwortlich. Sie arbeitet \u00fcberwiegend vom Hauptstandort aus, ist aber regelm\u00e4\u00dfig und bei besonderem Bedarf innerhalb weniger Minuten vor Ort. Gespr\u00e4che mit &hellip; <a href=\"https:\/\/wordpress.nibis.de\/dps-hi\/?page_id=1537\" class=\"more-link\">Weiterlesen <span class=\"screen-reader-text\">Was bedeutet Au\u00dfenstelle?<\/span><\/a><\/p>\n","protected":false},"author":9192772,"featured_media":0,"parent":525,"menu_order":2,"comment_status":"closed","ping_status":"closed","template":"","meta":{"footnotes":""},"class_list":["post-1537","page","type-page","status-publish","hentry","without-featured-image"],"_links":{"self":[{"href":"https:\/\/wordpress.nibis.de\/dps-hi\/index.php?rest_route=\/wp\/v2\/pages\/1537","targetHints":{"allow":["GET"]}}],"collection":[{"href":"https:\/\/wordpress.nibis.de\/dps-hi\/index.php?rest_route=\/wp\/v2\/pages"}],"about":[{"href":"https:\/\/wordpress.nibis.de\/dps-hi\/index.php?rest_route=\/wp\/v2\/types\/page"}],"author":[{"embeddable":true,"href":"https:\/\/wordpress.nibis.de\/dps-hi\/index.php?rest_route=\/wp\/v2\/users\/9192772"}],"replies":[{"embeddable":true,"href":"https:\/\/wordpress.nibis.de\/dps-hi\/index.php?rest_route=%2Fwp%2Fv2%2Fcomments&post=1537"}],"version-history":[{"count":2,"href":"https:\/\/wordpress.nibis.de\/dps-hi\/index.php?rest_route=\/wp\/v2\/pages\/1537\/revisions"}],"predecessor-version":[{"id":1540,"href":"https:\/\/wordpress.nibis.de\/dps-hi\/index.php?rest_route=\/wp\/v2\/pages\/1537\/revisions\/1540"}],"up":[{"embeddable":true,"href":"https:\/\/wordpress.nibis.de\/dps-hi\/index.php?rest_route=\/wp\/v2\/pages\/525"}],"wp:attachment":[{"href":"https:\/\/wordpress.nibis.de\/dps-hi\/index.php?rest_route=%2Fwp%2Fv2%2Fmedia&parent=1537"}],"curies":[{"name":"wp","href":"https:\/\/api.w.org\/{rel}","templated":true}]}}