{"id":1543,"date":"2020-04-19T16:54:39","date_gmt":"2020-04-19T14:54:39","guid":{"rendered":"https:\/\/wordpress.nibis.de\/dps-hi\/?page_id=1543"},"modified":"2023-05-11T09:07:10","modified_gmt":"2023-05-11T07:07:10","slug":"kontakt","status":"publish","type":"page","link":"https:\/\/wordpress.nibis.de\/dps-hi\/?page_id=1543","title":{"rendered":"Kontakt"},"content":{"rendered":"\n<p class=\"has-medium-font-size\">Bei Fragen sind wir gerne f\u00fcr Sie da:<\/p>\n\n\n\n<p><\/p>\n\n\n\n<p class=\"has-medium-font-size\"><strong>Sekretariat <\/strong>(\u00fcber den Hauptstandort Didrik-Pining-Schule)<\/p>\n\n\n\n<p class=\"has-text-align-center\">Frau Averdick und Frau Sydow<\/p>\n\n\n\n<p class=\"has-text-align-center\">Montag bis Mittwoch 7:30 Uhr bis 13:00 Uhr<\/p>\n\n\n\n<p class=\"has-text-align-center\">Donnerstag und Freitag 7:30 Uhr bis 12:30 Uhr<\/p>\n\n\n\n<p class=\"has-text-align-center\"><strong>Tel. 05121\/3017050 <\/strong><\/p>\n\n\n\n<p>Bei Bedarf k\u00f6nnen Termine f\u00fcr den Standort in Achtum\nvereinbart werden.<\/p>\n\n\n\n<p class=\"has-medium-font-size\">Gerne k\u00f6nnen Sie uns eine E-Mail schreiben:<\/p>\n\n\n\n<p class=\"has-medium-font-size\"><a href=\"m&#97;&#105;&#x6c;&#x74;&#x6f;:&#103;&#115;&#x2d;&#x61;&#x63;ht&#117;&#x6d;&#x40;&#x73;ch&#117;&#108;&#x65;&#x6e;&#x2d;h&#105;&#108;&#x64;&#x65;&#x73;h&#101;&#105;&#x6d;&#x2e;&#x64;e\"><strong>g&#115;&#x2d;&#x61;c&#104;&#x74;&#x75;m&#64;&#x73;&#x63;h&#117;&#x6c;&#x65;n&#45;&#x68;&#x69;l&#100;&#101;&#x73;&#x68;e&#105;&#x6d;&#x2e;d&#101;<\/strong><\/a><\/p>\n\n\n\n<p class=\"has-medium-font-size\"><strong>Die Schulleitung<\/strong> ist \u00fcber das Sekretariat zu den angegebenen Zeiten erreichbar.<\/p>\n\n\n\n<p class=\"has-medium-font-size\"><strong>Krankmeldungen <\/strong>k\u00f6nnen \u00fcber das Sekretariat oder unter der Nummer 05121\/3017905 (Anrufbeantworter) oder \u00fcber E-Mail mitgeteilt werden. <\/p>\n\n\n\n<p class=\"has-medium-font-size\">Im <strong>Notfall <\/strong>sind die Lehrkr\u00e4fte w\u00e4hrend der Schulzeit auf dem Schulhandy 0152\/08821712 zu erreichen.<\/p>\n\n\n\n<p>Ab dem Schuljahr 2022\/2023 werden wir von der Schulischen Sozialarbeiterin Fr. Rohrsen unterst\u00fctzt.<\/p>\n\n\n\n<p>Sie ist immer Mittwochs von 8-14 Uhr an der GS Achtum-Uppen oder telefonisch unter: 05121\/3017062 erreichbar.<\/p>\n","protected":false},"excerpt":{"rendered":"<p>Bei Fragen sind wir gerne f\u00fcr Sie da: Sekretariat (\u00fcber den Hauptstandort Didrik-Pining-Schule) Frau Averdick und Frau Sydow Montag bis Mittwoch 7:30 Uhr bis 13:00 Uhr Donnerstag und Freitag 7:30 Uhr bis 12:30 Uhr Tel. 05121\/3017050 Bei Bedarf k\u00f6nnen Termine f\u00fcr den Standort in Achtum vereinbart werden. Gerne k\u00f6nnen Sie uns eine E-Mail schreiben: g&#115;&#45;&#97;&#x63;&#x68;&#x74;um&#64;&#115;&#x63;&#x68;&#x75;&#x6c;en&#45;&#104;&#x69;&#x6c;&#x64;&#x65;s&#104;&#101;&#105;&#x6d;&#x2e;&#x64;e &hellip; <a href=\"https:\/\/wordpress.nibis.de\/dps-hi\/?page_id=1543\" class=\"more-link\">Weiterlesen <span class=\"screen-reader-text\">Kontakt<\/span><\/a><\/p>\n","protected":false},"author":9192772,"featured_media":0,"parent":525,"menu_order":13,"comment_status":"closed","ping_status":"closed","template":"","meta":{"footnotes":""},"class_list":["post-1543","page","type-page","status-publish","hentry","without-featured-image"],"_links":{"self":[{"href":"https:\/\/wordpress.nibis.de\/dps-hi\/index.php?rest_route=\/wp\/v2\/pages\/1543","targetHints":{"allow":["GET"]}}],"collection":[{"href":"https:\/\/wordpress.nibis.de\/dps-hi\/index.php?rest_route=\/wp\/v2\/pages"}],"about":[{"href":"https:\/\/wordpress.nibis.de\/dps-hi\/index.php?rest_route=\/wp\/v2\/types\/page"}],"author":[{"embeddable":true,"href":"https:\/\/wordpress.nibis.de\/dps-hi\/index.php?rest_route=\/wp\/v2\/users\/9192772"}],"replies":[{"embeddable":true,"href":"https:\/\/wordpress.nibis.de\/dps-hi\/index.php?rest_route=%2Fwp%2Fv2%2Fcomments&post=1543"}],"version-history":[{"count":10,"href":"https:\/\/wordpress.nibis.de\/dps-hi\/index.php?rest_route=\/wp\/v2\/pages\/1543\/revisions"}],"predecessor-version":[{"id":3084,"href":"https:\/\/wordpress.nibis.de\/dps-hi\/index.php?rest_route=\/wp\/v2\/pages\/1543\/revisions\/3084"}],"up":[{"embeddable":true,"href":"https:\/\/wordpress.nibis.de\/dps-hi\/index.php?rest_route=\/wp\/v2\/pages\/525"}],"wp:attachment":[{"href":"https:\/\/wordpress.nibis.de\/dps-hi\/index.php?rest_route=%2Fwp%2Fv2%2Fmedia&parent=1543"}],"curies":[{"name":"wp","href":"https:\/\/api.w.org\/{rel}","templated":true}]}}