{"id":1987,"date":"2020-11-16T15:44:54","date_gmt":"2020-11-16T14:44:54","guid":{"rendered":"https:\/\/wordpress.nibis.de\/dps-hi\/?page_id=1987"},"modified":"2026-05-06T09:12:19","modified_gmt":"2026-05-06T07:12:19","slug":"speiseplan","status":"publish","type":"page","link":"https:\/\/wordpress.nibis.de\/dps-hi\/?page_id=1987","title":{"rendered":"Speiseplan"},"content":{"rendered":"\n<p>Unter folgendem Link ist die Liste der Zusatzstoffe und Allergene einzusehen.<\/p>\n<p>Allergene und Zusatzstoffe<\/p>\n\n\n\n<figure class=\"wp-block-image size-large is-resized\"><img loading=\"lazy\" decoding=\"async\" width=\"1200\" height=\"675\" src=\"https:\/\/wordpress.nibis.de\/dps-hi\/files\/2026\/05\/IMG_1524-1200x675.jpeg\" alt=\"\" class=\"wp-image-3874\" style=\"width:806px;height:auto\" srcset=\"https:\/\/wordpress.nibis.de\/dps-hi\/files\/2026\/05\/IMG_1524-1200x675.jpeg 1200w, https:\/\/wordpress.nibis.de\/dps-hi\/files\/2026\/05\/IMG_1524-850x478.jpeg 850w, https:\/\/wordpress.nibis.de\/dps-hi\/files\/2026\/05\/IMG_1524-250x141.jpeg 250w\" sizes=\"auto, (max-width: 1200px) 100vw, 1200px\" \/><figcaption class=\"wp-element-caption\">Speiseplan 11.05.-13.05.2026<\/figcaption><\/figure>\n\n\n\n<figure class=\"wp-block-image size-large\"><img loading=\"lazy\" decoding=\"async\" width=\"1200\" height=\"675\" src=\"https:\/\/wordpress.nibis.de\/dps-hi\/files\/2026\/05\/IMG_1519-1200x675.jpeg\" alt=\"\" class=\"wp-image-3875\" srcset=\"https:\/\/wordpress.nibis.de\/dps-hi\/files\/2026\/05\/IMG_1519-1200x675.jpeg 1200w, https:\/\/wordpress.nibis.de\/dps-hi\/files\/2026\/05\/IMG_1519-850x478.jpeg 850w, https:\/\/wordpress.nibis.de\/dps-hi\/files\/2026\/05\/IMG_1519-250x141.jpeg 250w\" sizes=\"auto, (max-width: 1200px) 100vw, 1200px\" \/><\/figure>\n\n\n\n<div class=\"wp-block-image\">&nbsp;<\/div>\n\n\n\n<p>\u00a0Speiseplan 04.05-07.05.2026<br \/><br \/><\/p>\n<h2><strong>Alle Angaben sind ohne Gew\u00e4hr! Irrt\u00fcmer und \u00c4nderungen vorbehalten!<\/strong><\/h2>\n<p>\u00a0<\/p>\n\n\n\n\n\n\n\n\n\n\n\n\n\n\n\n\n","protected":false},"excerpt":{"rendered":"<p>Unter folgendem Link ist die Liste der Zusatzstoffe und Allergene einzusehen. Allergene und Zusatzstoffe &nbsp; \u00a0Speiseplan 04.05-07.05.2026 Alle Angaben sind ohne Gew\u00e4hr! Irrt\u00fcmer und \u00c4nderungen vorbehalten! \u00a0<\/p>\n","protected":false},"author":9192772,"featured_media":0,"parent":525,"menu_order":12,"comment_status":"closed","ping_status":"closed","template":"","meta":{"footnotes":""},"class_list":["post-1987","page","type-page","status-publish","hentry","without-featured-image"],"_links":{"self":[{"href":"https:\/\/wordpress.nibis.de\/dps-hi\/index.php?rest_route=\/wp\/v2\/pages\/1987","targetHints":{"allow":["GET"]}}],"collection":[{"href":"https:\/\/wordpress.nibis.de\/dps-hi\/index.php?rest_route=\/wp\/v2\/pages"}],"about":[{"href":"https:\/\/wordpress.nibis.de\/dps-hi\/index.php?rest_route=\/wp\/v2\/types\/page"}],"author":[{"embeddable":true,"href":"https:\/\/wordpress.nibis.de\/dps-hi\/index.php?rest_route=\/wp\/v2\/users\/9192772"}],"replies":[{"embeddable":true,"href":"https:\/\/wordpress.nibis.de\/dps-hi\/index.php?rest_route=%2Fwp%2Fv2%2Fcomments&post=1987"}],"version-history":[{"count":216,"href":"https:\/\/wordpress.nibis.de\/dps-hi\/index.php?rest_route=\/wp\/v2\/pages\/1987\/revisions"}],"predecessor-version":[{"id":3877,"href":"https:\/\/wordpress.nibis.de\/dps-hi\/index.php?rest_route=\/wp\/v2\/pages\/1987\/revisions\/3877"}],"up":[{"embeddable":true,"href":"https:\/\/wordpress.nibis.de\/dps-hi\/index.php?rest_route=\/wp\/v2\/pages\/525"}],"wp:attachment":[{"href":"https:\/\/wordpress.nibis.de\/dps-hi\/index.php?rest_route=%2Fwp%2Fv2%2Fmedia&parent=1987"}],"curies":[{"name":"wp","href":"https:\/\/api.w.org\/{rel}","templated":true}]}}