{"id":2766,"date":"2022-06-20T17:01:52","date_gmt":"2022-06-20T15:01:52","guid":{"rendered":"https:\/\/wordpress.nibis.de\/dps-hi\/?page_id=2766"},"modified":"2022-06-20T17:59:02","modified_gmt":"2022-06-20T15:59:02","slug":"aufbau-der-foerderschule","status":"publish","type":"page","link":"https:\/\/wordpress.nibis.de\/dps-hi\/?page_id=2766","title":{"rendered":"Aufbau der F\u00f6rderschule"},"content":{"rendered":"\n<p>Die F\u00f6rderschule Schwerpunkt Sprache ist eine \u00f6ffentliche Schule und orientiert sich am Kerncurriculum der Grundschule.<\/p>\n<p>Zurzeit besuchen etwa 100 Kinder die F\u00f6rderschule. Die Klassenst\u00e4rke liegt bei maximal 14 Sch\u00fclerInnen. In der Regel gibt es zwei Parallelklassen. Alle KlassenlehrerInnen sind F\u00f6rderschullehrerInnen mit dem Schwerpunkt Sprache.<\/p>\n<p>Es besteht eine enge Zusammenarbeit zwischen F\u00f6rderschule und Grundschule. So gibt es z.B. schulform\u00fcbergreifenden Unterricht in Religion und den Arbeitsgemeinschaften. Alle Schulveranstaltungen und Projekte werden gemeinsam geplant und durchgef\u00fchrt. Sch\u00fclerInnen und LehrerInnen f\u00fchlen sich als Mitglieder <em>einer<\/em> Schule.<\/p>\n<p>Unser Einzugsgebiet umfasst die Stadt Hildesheim und folgende Gemeinden im Landkreis: Algermissen, Sarstedt, Nordstemmen, Giesen, Harsum, Schellerten, S\u00f6hlde, Diekholzen, Bad Salzdetfurth, Holle und Bockenem.<\/p>\n<p>Kinder, die im Einzugsgebiet der Grundschule DPS wohnen, kommen wie die Grundschulkinder selbstst\u00e4ndig zur Schule. F\u00fcr alle anderen Kinder wird ein Taxitransport in den ersten Jahren durch den Landkreis organisiert.<\/p>\n<p>In der dritten und vierten Klasse m\u00fcssen die Sch\u00fclerInnen aus der Stadt Hildesheim mit dem Stadtbus fahren.<\/p>\n","protected":false},"excerpt":{"rendered":"<p>Die F\u00f6rderschule Schwerpunkt Sprache ist eine \u00f6ffentliche Schule und orientiert sich am Kerncurriculum der Grundschule. Zurzeit besuchen etwa 100 Kinder die F\u00f6rderschule. Die Klassenst\u00e4rke liegt bei maximal 14 Sch\u00fclerInnen. In der Regel gibt es zwei Parallelklassen. Alle KlassenlehrerInnen sind F\u00f6rderschullehrerInnen mit dem Schwerpunkt Sprache. Es besteht eine enge Zusammenarbeit zwischen F\u00f6rderschule und Grundschule. So gibt &hellip; <a href=\"https:\/\/wordpress.nibis.de\/dps-hi\/?page_id=2766\" class=\"more-link\">Weiterlesen <span class=\"screen-reader-text\">Aufbau der F\u00f6rderschule<\/span><\/a><\/p>\n","protected":false},"author":9192772,"featured_media":0,"parent":105,"menu_order":3,"comment_status":"closed","ping_status":"closed","template":"","meta":{"footnotes":""},"class_list":["post-2766","page","type-page","status-publish","hentry","without-featured-image"],"_links":{"self":[{"href":"https:\/\/wordpress.nibis.de\/dps-hi\/index.php?rest_route=\/wp\/v2\/pages\/2766","targetHints":{"allow":["GET"]}}],"collection":[{"href":"https:\/\/wordpress.nibis.de\/dps-hi\/index.php?rest_route=\/wp\/v2\/pages"}],"about":[{"href":"https:\/\/wordpress.nibis.de\/dps-hi\/index.php?rest_route=\/wp\/v2\/types\/page"}],"author":[{"embeddable":true,"href":"https:\/\/wordpress.nibis.de\/dps-hi\/index.php?rest_route=\/wp\/v2\/users\/9192772"}],"replies":[{"embeddable":true,"href":"https:\/\/wordpress.nibis.de\/dps-hi\/index.php?rest_route=%2Fwp%2Fv2%2Fcomments&post=2766"}],"version-history":[{"count":7,"href":"https:\/\/wordpress.nibis.de\/dps-hi\/index.php?rest_route=\/wp\/v2\/pages\/2766\/revisions"}],"predecessor-version":[{"id":2805,"href":"https:\/\/wordpress.nibis.de\/dps-hi\/index.php?rest_route=\/wp\/v2\/pages\/2766\/revisions\/2805"}],"up":[{"embeddable":true,"href":"https:\/\/wordpress.nibis.de\/dps-hi\/index.php?rest_route=\/wp\/v2\/pages\/105"}],"wp:attachment":[{"href":"https:\/\/wordpress.nibis.de\/dps-hi\/index.php?rest_route=%2Fwp%2Fv2%2Fmedia&parent=2766"}],"curies":[{"name":"wp","href":"https:\/\/api.w.org\/{rel}","templated":true}]}}