{"id":3075,"date":"2023-05-11T09:22:08","date_gmt":"2023-05-11T07:22:08","guid":{"rendered":"https:\/\/wordpress.nibis.de\/dps-hi\/?page_id=3075"},"modified":"2023-05-11T14:17:26","modified_gmt":"2023-05-11T12:17:26","slug":"schulsozialarbeit-2","status":"publish","type":"page","link":"https:\/\/wordpress.nibis.de\/dps-hi\/?page_id=3075","title":{"rendered":"Schulsozialarbeit"},"content":{"rendered":"\n<p>Schulsozialarbeit unterst\u00fctzt bei sozialen Problemlagen, erarbeitet L\u00f6sungsans\u00e4tze und agiert dabei unabh\u00e4ngig von den Unterrichtseinheiten im Schulsystem.<\/p>\n<p>Im Mittelpunkt steht die F\u00f6rderung eines sozialen Miteinanders f\u00fcr ein positives Lernklima an unserer Schule.<\/p>\n<div id=\"attachment_3077\" style=\"width: 259px\" class=\"wp-caption aligncenter\"><img loading=\"lazy\" decoding=\"async\" aria-describedby=\"caption-attachment-3077\" class=\"wp-image-3077\" src=\"https:\/\/wordpress.nibis.de\/dps-hi\/files\/2023\/05\/Schulsozialarbeiterin-Rohrsen-418x478.jpg\" alt=\"\" width=\"249\" height=\"285\" \/><p id=\"caption-attachment-3077\" class=\"wp-caption-text\">Ich bin Luca Rohrsen\u00a0 und als Sozialp\u00e4dagogin an der Didrik- Pining Schule, als auch an der Grundschule Achtum t\u00e4tig.<\/p><\/div>\n<p>\u00a0<\/p>\n<p><u>Was ist Schulsozialarbeit?<\/u><\/p>\n<p><strong>Schulsozialarbeit<\/strong> ist eine vertrauensvolle Anlaufstelle f\u00fcr <strong>Sch\u00fcler\/Innen, Eltern und Lehrer\/Innen <\/strong>bei kleinen und gro\u00dfen Sorgen. In Konflikt- und Krisensituationen finden alle bei mir ein offenes Ohr und bekommen individuelle Unterst\u00fctzung.<\/p>\n<p><strong>Das Angebot <\/strong>ist freiwillig und unterliegt der Schweigepflicht.<\/p>\n<p>Die Inhalte der Beratungen oder Fragen werden nur mit Ihrem Einverst\u00e4ndnis anderen Personen zug\u00e4nglich gemacht.<\/p>\n<p>\u00a0<\/p>\n<p><u>Welche Angebote bietet die Schulsozialarbeit?<\/u> <!--\n\/* Style Definitions *\/\n p.MsoNormal, li.MsoNormal, div.MsoNormal\n\t{mso-style-unhide:no;\n\tmso-style-qformat:yes;\n\tmso-style-parent:\"\";\n\tmargin-top:0cm;\n\tmargin-right:0cm;\n\tmargin-bottom:10.0pt;\n\tmargin-left:0cm;\n\tline-height:115%;\n\tmso-pagination:widow-orphan;\n\tfont-size:11.0pt;\n\tfont-family:\"Calibri\",sans-serif;\n\tmso-ascii-font-family:Calibri;\n\tmso-ascii-theme-font:minor-latin;\n\tmso-fareast-font-family:Calibri;\n\tmso-fareast-theme-font:minor-latin;\n\tmso-hansi-font-family:Calibri;\n\tmso-hansi-theme-font:minor-latin;\n\tmso-bidi-font-family:\"Times New Roman\";\n\tmso-bidi-theme-font:minor-bidi;\n\tmso-fareast-language:EN-US;}\np\n\t{mso-style-priority:99;\n\tmso-margin-top-alt:auto;\n\tmargin-right:0cm;\n\tmso-margin-bottom-alt:auto;\n\tmargin-left:0cm;\n\tmso-pagination:widow-orphan;\n\tfont-size:12.0pt;\n\tfont-family:\"Times New Roman\",serif;\n\tmso-fareast-font-family:\"Times New Roman\";}\np.MsoListParagraph, li.MsoListParagraph, div.MsoListParagraph\n\t{mso-style-priority:34;\n\tmso-style-unhide:no;\n\tmso-style-qformat:yes;\n\tmargin-top:0cm;\n\tmargin-right:0cm;\n\tmargin-bottom:10.0pt;\n\tmargin-left:36.0pt;\n\tmso-add-space:auto;\n\tline-height:115%;\n\tmso-pagination:widow-orphan;\n\tfont-size:11.0pt;\n\tfont-family:\"Calibri\",sans-serif;\n\tmso-ascii-font-family:Calibri;\n\tmso-ascii-theme-font:minor-latin;\n\tmso-fareast-font-family:Calibri;\n\tmso-fareast-theme-font:minor-latin;\n\tmso-hansi-font-family:Calibri;\n\tmso-hansi-theme-font:minor-latin;\n\tmso-bidi-font-family:\"Times New Roman\";\n\tmso-bidi-theme-font:minor-bidi;\n\tmso-fareast-language:EN-US;}\np.MsoListParagraphCxSpFirst, li.MsoListParagraphCxSpFirst, div.MsoListParagraphCxSpFirst\n\t{mso-style-priority:34;\n\tmso-style-unhide:no;\n\tmso-style-qformat:yes;\n\tmso-style-type:export-only;\n\tmargin-top:0cm;\n\tmargin-right:0cm;\n\tmargin-bottom:0cm;\n\tmargin-left:36.0pt;\n\tmso-add-space:auto;\n\tline-height:115%;\n\tmso-pagination:widow-orphan;\n\tfont-size:11.0pt;\n\tfont-family:\"Calibri\",sans-serif;\n\tmso-ascii-font-family:Calibri;\n\tmso-ascii-theme-font:minor-latin;\n\tmso-fareast-font-family:Calibri;\n\tmso-fareast-theme-font:minor-latin;\n\tmso-hansi-font-family:Calibri;\n\tmso-hansi-theme-font:minor-latin;\n\tmso-bidi-font-family:\"Times New Roman\";\n\tmso-bidi-theme-font:minor-bidi;\n\tmso-fareast-language:EN-US;}\np.MsoListParagraphCxSpMiddle, li.MsoListParagraphCxSpMiddle, div.MsoListParagraphCxSpMiddle\n\t{mso-style-priority:34;\n\tmso-style-unhide:no;\n\tmso-style-qformat:yes;\n\tmso-style-type:export-only;\n\tmargin-top:0cm;\n\tmargin-right:0cm;\n\tmargin-bottom:0cm;\n\tmargin-left:36.0pt;\n\tmso-add-space:auto;\n\tline-height:115%;\n\tmso-pagination:widow-orphan;\n\tfont-size:11.0pt;\n\tfont-family:\"Calibri\",sans-serif;\n\tmso-ascii-font-family:Calibri;\n\tmso-ascii-theme-font:minor-latin;\n\tmso-fareast-font-family:Calibri;\n\tmso-fareast-theme-font:minor-latin;\n\tmso-hansi-font-family:Calibri;\n\tmso-hansi-theme-font:minor-latin;\n\tmso-bidi-font-family:\"Times New Roman\";\n\tmso-bidi-theme-font:minor-bidi;\n\tmso-fareast-language:EN-US;}\np.MsoListParagraphCxSpLast, li.MsoListParagraphCxSpLast, div.MsoListParagraphCxSpLast\n\t{mso-style-priority:34;\n\tmso-style-unhide:no;\n\tmso-style-qformat:yes;\n\tmso-style-type:export-only;\n\tmargin-top:0cm;\n\tmargin-right:0cm;\n\tmargin-bottom:10.0pt;\n\tmargin-left:36.0pt;\n\tmso-add-space:auto;\n\tline-height:115%;\n\tmso-pagination:widow-orphan;\n\tfont-size:11.0pt;\n\tfont-family:\"Calibri\",sans-serif;\n\tmso-ascii-font-family:Calibri;\n\tmso-ascii-theme-font:minor-latin;\n\tmso-fareast-font-family:Calibri;\n\tmso-fareast-theme-font:minor-latin;\n\tmso-hansi-font-family:Calibri;\n\tmso-hansi-theme-font:minor-latin;\n\tmso-bidi-font-family:\"Times New Roman\";\n\tmso-bidi-theme-font:minor-bidi;\n\tmso-fareast-language:EN-US;}\n.MsoChpDefault\n\t{mso-style-type:export-only;\n\tmso-default-props:yes;\n\tfont-size:11.0pt;\n\tmso-ansi-font-size:11.0pt;\n\tmso-bidi-font-size:11.0pt;\n\tfont-family:\"Calibri\",sans-serif;\n\tmso-ascii-font-family:Calibri;\n\tmso-ascii-theme-font:minor-latin;\n\tmso-fareast-font-family:Calibri;\n\tmso-fareast-theme-font:minor-latin;\n\tmso-hansi-font-family:Calibri;\n\tmso-hansi-theme-font:minor-latin;\n\tmso-bidi-font-family:\"Times New Roman\";\n\tmso-bidi-theme-font:minor-bidi;\n\tmso-fareast-language:EN-US;}\n.MsoPapDefault\n\t{mso-style-type:export-only;\n\tmargin-bottom:8.0pt;\n\tline-height:107%;}\n@page WordSection1\n\t{size:612.0pt 792.0pt;\n\tmargin:70.85pt 70.85pt 2.0cm 70.85pt;\n\tmso-header-margin:36.0pt;\n\tmso-footer-margin:36.0pt;\n\tmso-paper-source:0;}\ndiv.WordSection1\n\t{page:WordSection1;}\n \/* List Definitions *\/\n @list l0\n\t{mso-list-id:698972579;\n\tmso-list-type:hybrid;\n\tmso-list-template-ids:1686559728 67567617 67567619 67567621 67567617 67567619 67567621 67567617 67567619 67567621;}\n@list l0:level1\n\t{mso-level-number-format:bullet;\n\tmso-level-text:\uf0b7;\n\tmso-level-tab-stop:none;\n\tmso-level-number-position:left;\n\ttext-indent:-18.0pt;\n\tfont-family:Symbol;}\n@list l0:level2\n\t{mso-level-number-format:bullet;\n\tmso-level-text:o;\n\tmso-level-tab-stop:none;\n\tmso-level-number-position:left;\n\ttext-indent:-18.0pt;\n\tfont-family:\"Courier New\";}\n@list l0:level3\n\t{mso-level-number-format:bullet;\n\tmso-level-text:\uf0a7;\n\tmso-level-tab-stop:none;\n\tmso-level-number-position:left;\n\ttext-indent:-18.0pt;\n\tfont-family:Wingdings;}\n@list l0:level4\n\t{mso-level-number-format:bullet;\n\tmso-level-text:\uf0b7;\n\tmso-level-tab-stop:none;\n\tmso-level-number-position:left;\n\ttext-indent:-18.0pt;\n\tfont-family:Symbol;}\n@list l0:level5\n\t{mso-level-number-format:bullet;\n\tmso-level-text:o;\n\tmso-level-tab-stop:none;\n\tmso-level-number-position:left;\n\ttext-indent:-18.0pt;\n\tfont-family:\"Courier New\";}\n@list l0:level6\n\t{mso-level-number-format:bullet;\n\tmso-level-text:\uf0a7;\n\tmso-level-tab-stop:none;\n\tmso-level-number-position:left;\n\ttext-indent:-18.0pt;\n\tfont-family:Wingdings;}\n@list l0:level7\n\t{mso-level-number-format:bullet;\n\tmso-level-text:\uf0b7;\n\tmso-level-tab-stop:none;\n\tmso-level-number-position:left;\n\ttext-indent:-18.0pt;\n\tfont-family:Symbol;}\n@list l0:level8\n\t{mso-level-number-format:bullet;\n\tmso-level-text:o;\n\tmso-level-tab-stop:none;\n\tmso-level-number-position:left;\n\ttext-indent:-18.0pt;\n\tfont-family:\"Courier New\";}\n@list l0:level9\n\t{mso-level-number-format:bullet;\n\tmso-level-text:\uf0a7;\n\tmso-level-tab-stop:none;\n\tmso-level-number-position:left;\n\ttext-indent:-18.0pt;\n\tfont-family:Wingdings;}\n@list l1\n\t{mso-list-id:800421897;\n\tmso-list-type:hybrid;\n\tmso-list-template-ids:-1890709566 67567617 67567619 67567621 67567617 67567619 67567621 67567617 67567619 67567621;}\n@list l1:level1\n\t{mso-level-number-format:bullet;\n\tmso-level-text:\uf0b7;\n\tmso-level-tab-stop:none;\n\tmso-level-number-position:left;\n\ttext-indent:-18.0pt;\n\tfont-family:Symbol;}\n@list l1:level2\n\t{mso-level-number-format:bullet;\n\tmso-level-text:o;\n\tmso-level-tab-stop:none;\n\tmso-level-number-position:left;\n\ttext-indent:-18.0pt;\n\tfont-family:\"Courier New\";}\n@list l1:level3\n\t{mso-level-number-format:bullet;\n\tmso-level-text:\uf0a7;\n\tmso-level-tab-stop:none;\n\tmso-level-number-position:left;\n\ttext-indent:-18.0pt;\n\tfont-family:Wingdings;}\n@list l1:level4\n\t{mso-level-number-format:bullet;\n\tmso-level-text:\uf0b7;\n\tmso-level-tab-stop:none;\n\tmso-level-number-position:left;\n\ttext-indent:-18.0pt;\n\tfont-family:Symbol;}\n@list l1:level5\n\t{mso-level-number-format:bullet;\n\tmso-level-text:o;\n\tmso-level-tab-stop:none;\n\tmso-level-number-position:left;\n\ttext-indent:-18.0pt;\n\tfont-family:\"Courier New\";}\n@list l1:level6\n\t{mso-level-number-format:bullet;\n\tmso-level-text:\uf0a7;\n\tmso-level-tab-stop:none;\n\tmso-level-number-position:left;\n\ttext-indent:-18.0pt;\n\tfont-family:Wingdings;}\n@list l1:level7\n\t{mso-level-number-format:bullet;\n\tmso-level-text:\uf0b7;\n\tmso-level-tab-stop:none;\n\tmso-level-number-position:left;\n\ttext-indent:-18.0pt;\n\tfont-family:Symbol;}\n@list l1:level8\n\t{mso-level-number-format:bullet;\n\tmso-level-text:o;\n\tmso-level-tab-stop:none;\n\tmso-level-number-position:left;\n\ttext-indent:-18.0pt;\n\tfont-family:\"Courier New\";}\n@list l1:level9\n\t{mso-level-number-format:bullet;\n\tmso-level-text:\uf0a7;\n\tmso-level-tab-stop:none;\n\tmso-level-number-position:left;\n\ttext-indent:-18.0pt;\n\tfont-family:Wingdings;}\n\n--><\/p>\n<ul>\n<li>Beratung und Hilfe in Krisen<\/li>\n<li>Unterst\u00fctzung bei famili\u00e4ren Problemen, Konflikten und Sorgen<\/li>\n<li>Gewaltpr\u00e4vention<\/li>\n<li>Gruppen- und Klassenprojekten<\/li>\n<li>Soziales Lernen<\/li>\n<li>StreitschlichterInnen-Ausbildung (MediatorenInnen)<\/li>\n<li>Sch\u00fclerInnenrat<\/li>\n<li>Aktive Pause<\/li>\n<li>AG Angebote im Ganztag<\/li>\n<li>Schulobstprogramm<\/li>\n<li>Hilfe bei Antr\u00e4gen<\/li>\n<li>Netzwerkarbeit<\/li>\n<li>Zusammenarbeit und Vermittlung in Jugendzentren<\/li>\n<\/ul>\n<div>\u00a0<\/div>\n\n\n\n<div class=\"wp-block-image\"><figure class=\"aligncenter\"><img loading=\"lazy\" decoding=\"async\" width=\"580\" height=\"478\" src=\"https:\/\/wordpress.nibis.de\/dps-hi\/files\/2023\/05\/Schulsozialarbeit-Raum-580x478.jpg\" alt=\"\" class=\"wp-image-3078\" \/><figcaption>Raum der Schulsozialarbeit <\/figcaption><\/figure><\/div>\n\n\n\n<p><\/p>\n\n\n\n<figure class=\"wp-block-image size-large\"><img decoding=\"async\" src=\"https:\/\/wordpress.nibis.de\/dps-hi\/files\/2023\/05\/Schulische-Sozialarbeit-Achtum-1-1200x675.jpg\" alt=\"\" class=\"wp-image-3086\" \/><\/figure>\n\n\n\n<figure class=\"wp-block-image size-large\"><img loading=\"lazy\" decoding=\"async\" width=\"1200\" height=\"675\" src=\"https:\/\/wordpress.nibis.de\/dps-hi\/files\/2023\/05\/Schulische-Sozialarbeit-Achtum-2-1200x675.jpg\" alt=\"\" class=\"wp-image-3087\" srcset=\"https:\/\/wordpress.nibis.de\/dps-hi\/files\/2023\/05\/Schulische-Sozialarbeit-Achtum-2-1200x675.jpg 1200w, https:\/\/wordpress.nibis.de\/dps-hi\/files\/2023\/05\/Schulische-Sozialarbeit-Achtum-2-850x478.jpg 850w, https:\/\/wordpress.nibis.de\/dps-hi\/files\/2023\/05\/Schulische-Sozialarbeit-Achtum-2-250x141.jpg 250w\" sizes=\"auto, (max-width: 1200px) 100vw, 1200px\" \/><\/figure>\n","protected":false},"excerpt":{"rendered":"<p>Schulsozialarbeit unterst\u00fctzt bei sozialen Problemlagen, erarbeitet L\u00f6sungsans\u00e4tze und agiert dabei unabh\u00e4ngig von den Unterrichtseinheiten im Schulsystem. Im Mittelpunkt steht die F\u00f6rderung eines sozialen Miteinanders f\u00fcr ein positives Lernklima an unserer Schule. \u00a0 Was ist Schulsozialarbeit? Schulsozialarbeit ist eine vertrauensvolle Anlaufstelle f\u00fcr Sch\u00fcler\/Innen, Eltern und Lehrer\/Innen bei kleinen und gro\u00dfen Sorgen. In Konflikt- und Krisensituationen finden &hellip; <a href=\"https:\/\/wordpress.nibis.de\/dps-hi\/?page_id=3075\" class=\"more-link\">Weiterlesen <span class=\"screen-reader-text\">Schulsozialarbeit<\/span><\/a><\/p>\n","protected":false},"author":9192772,"featured_media":0,"parent":525,"menu_order":4,"comment_status":"closed","ping_status":"closed","template":"","meta":{"footnotes":""},"class_list":["post-3075","page","type-page","status-publish","hentry","without-featured-image"],"_links":{"self":[{"href":"https:\/\/wordpress.nibis.de\/dps-hi\/index.php?rest_route=\/wp\/v2\/pages\/3075","targetHints":{"allow":["GET"]}}],"collection":[{"href":"https:\/\/wordpress.nibis.de\/dps-hi\/index.php?rest_route=\/wp\/v2\/pages"}],"about":[{"href":"https:\/\/wordpress.nibis.de\/dps-hi\/index.php?rest_route=\/wp\/v2\/types\/page"}],"author":[{"embeddable":true,"href":"https:\/\/wordpress.nibis.de\/dps-hi\/index.php?rest_route=\/wp\/v2\/users\/9192772"}],"replies":[{"embeddable":true,"href":"https:\/\/wordpress.nibis.de\/dps-hi\/index.php?rest_route=%2Fwp%2Fv2%2Fcomments&post=3075"}],"version-history":[{"count":5,"href":"https:\/\/wordpress.nibis.de\/dps-hi\/index.php?rest_route=\/wp\/v2\/pages\/3075\/revisions"}],"predecessor-version":[{"id":3101,"href":"https:\/\/wordpress.nibis.de\/dps-hi\/index.php?rest_route=\/wp\/v2\/pages\/3075\/revisions\/3101"}],"up":[{"embeddable":true,"href":"https:\/\/wordpress.nibis.de\/dps-hi\/index.php?rest_route=\/wp\/v2\/pages\/525"}],"wp:attachment":[{"href":"https:\/\/wordpress.nibis.de\/dps-hi\/index.php?rest_route=%2Fwp%2Fv2%2Fmedia&parent=3075"}],"curies":[{"name":"wp","href":"https:\/\/api.w.org\/{rel}","templated":true}]}}