{"id":3159,"date":"2023-07-19T13:03:18","date_gmt":"2023-07-19T11:03:18","guid":{"rendered":"https:\/\/wordpress.nibis.de\/dps-hi\/?page_id=3159"},"modified":"2025-04-03T16:23:14","modified_gmt":"2025-04-03T14:23:14","slug":"mediatorinnen-fahrt-in-den-jugendherberge-hildesheim","status":"publish","type":"page","link":"https:\/\/wordpress.nibis.de\/dps-hi\/?page_id=3159","title":{"rendered":"MediatorInnen Fahrt in den Jugendherberge Hildesheim"},"content":{"rendered":"\n<p>Ein Jahr lang werden die Streitschlichter und Streitschlichterinnen in der 3. Klasse ausgebildet. Ungef\u00e4hr zu der H\u00e4lfte der Ausbildung fahren die Sch\u00fclerInnen gemeinsam mit den StreitschlichterInnen aus der Didrik-Pining Schule (DPS) auf einen zweit\u00e4gigen Ausflug.\u00a0<\/p>\n<p><img loading=\"lazy\" decoding=\"async\" class=\"alignnone size-medium wp-image-3161\" src=\"https:\/\/wordpress.nibis.de\/dps-hi\/files\/2023\/07\/PXL_20230420_082423064-850x478.jpg\" alt=\"\" width=\"850\" height=\"478\" srcset=\"https:\/\/wordpress.nibis.de\/dps-hi\/files\/2023\/07\/PXL_20230420_082423064-850x478.jpg 850w, https:\/\/wordpress.nibis.de\/dps-hi\/files\/2023\/07\/PXL_20230420_082423064-1200x675.jpg 1200w, https:\/\/wordpress.nibis.de\/dps-hi\/files\/2023\/07\/PXL_20230420_082423064-250x141.jpg 250w\" sizes=\"auto, (max-width: 850px) 100vw, 850px\" \/><\/p>\n<p>Im Jahr 22\/23 wurden erstmalig neun StreitschlichterInnen aus Achtum ausgebildet und durften gemeinsam mit Fr. Rohrsen und der Sozialarbeiterinnen der Didrik-Pining Schule die Reise antreten.\u00a0<\/p>\n<p>Treffpunkt war die Pausenhalle der DPS. Das Gep\u00e4ck wurde eingesammelt und mit dem Auto zur Jugendherberge gefahren. Mit einem kleinen Rucksack auf dem R\u00fccken und Verpflegung f\u00fcr den Weg traten die werdenden 19 StreitschlichterInnen die Wanderung zur Jugendherberge an. Mit vielen kleinen Pausen auf Spielpl\u00e4tzen, die sich auf der Wanderstrecke befanden, kamen alle leicht ersch\u00f6pft aber gl\u00fccklich am Ziel an. Dort konnten die Kinder erst einmal Mittag essen und schauen wer mit wem auf ein Zimmer geht.\u00a0<\/p>\n<p>Nachdem die Zimmer bezogen wurden, gab es eine kleine Mittagspause, in der sich die Kinder auf dem umliegenden Gel\u00e4nde und der vielen Spielm\u00f6glichkeiten frei bewegen konnten oder sogar einen kleinen Mittags-&#8222;Powernap&#8220; halten. Frisch und munter ging es mit einigen Spielen zur Gruppendynamik und dem Austausch unter den StreitschlichterInnen weiter.\u00a0<\/p>\n<p>\u00a0<\/p>\n<div id=\"attachment_3163\" style=\"width: 860px\" class=\"wp-caption alignnone\"><img loading=\"lazy\" decoding=\"async\" aria-describedby=\"caption-attachment-3163\" class=\"size-medium wp-image-3163\" src=\"https:\/\/wordpress.nibis.de\/dps-hi\/files\/2023\/07\/Schulsozialarbeit-850x478.jpg\" alt=\"\" width=\"850\" height=\"478\" srcset=\"https:\/\/wordpress.nibis.de\/dps-hi\/files\/2023\/07\/Schulsozialarbeit-850x478.jpg 850w, https:\/\/wordpress.nibis.de\/dps-hi\/files\/2023\/07\/Schulsozialarbeit-1200x675.jpg 1200w, https:\/\/wordpress.nibis.de\/dps-hi\/files\/2023\/07\/Schulsozialarbeit-250x141.jpg 250w, https:\/\/wordpress.nibis.de\/dps-hi\/files\/2023\/07\/Schulsozialarbeit-768x432.jpg 768w, https:\/\/wordpress.nibis.de\/dps-hi\/files\/2023\/07\/Schulsozialarbeit-1536x864.jpg 1536w, https:\/\/wordpress.nibis.de\/dps-hi\/files\/2023\/07\/Schulsozialarbeit-2048x1152.jpg 2048w, https:\/\/wordpress.nibis.de\/dps-hi\/files\/2023\/07\/Schulsozialarbeit-676x380.jpg 676w\" sizes=\"auto, (max-width: 850px) 100vw, 850px\" \/><p id=\"caption-attachment-3163\" class=\"wp-caption-text\">Schulsozialarbeit:\u00a0Fr. Rohrsen (Mitte vorne), Fr. Sinner (rechts); Fr. Hoffmann (hinten)\u00a0<\/p><\/div>\n<p>Abends konnten die Kinder aus einer Vielzahl von Gesellschaftsspielen w\u00e4hlen oder den Vorort gegebenen Tischkicker nutzen. Eine kleine Nachtwanderung rundete den Abend ab.\u00a0<\/p>\n<p><img loading=\"lazy\" decoding=\"async\" class=\"alignnone size-medium wp-image-3164\" src=\"https:\/\/wordpress.nibis.de\/dps-hi\/files\/2023\/07\/PXL_20230419_183655061-850x478.jpg\" alt=\"\" width=\"850\" height=\"478\" srcset=\"https:\/\/wordpress.nibis.de\/dps-hi\/files\/2023\/07\/PXL_20230419_183655061-850x478.jpg 850w, https:\/\/wordpress.nibis.de\/dps-hi\/files\/2023\/07\/PXL_20230419_183655061-1200x675.jpg 1200w, https:\/\/wordpress.nibis.de\/dps-hi\/files\/2023\/07\/PXL_20230419_183655061-250x141.jpg 250w\" sizes=\"auto, (max-width: 850px) 100vw, 850px\" \/> <img loading=\"lazy\" decoding=\"async\" class=\"alignnone  wp-image-3165\" src=\"https:\/\/wordpress.nibis.de\/dps-hi\/files\/2023\/07\/PXL_20230419_183708267-850x478.jpg\" alt=\"\" width=\"818\" height=\"460\" \/><\/p>\n<p>Morgens wurde noch lecker gefr\u00fchst\u00fcckt und die Koffer gepackt. Anschlie\u00dfend wurde die R\u00fcckreise zur Grundschule angetreten.\u00a0<\/p>\n<p>Es war eine lehrreiche und aufregende Fahrt, die uns allen sehr viel Spa\u00df und Freude bereitet hat.\u00a0<\/p>\n","protected":false},"excerpt":{"rendered":"<p>Ein Jahr lang werden die Streitschlichter und Streitschlichterinnen in der 3. Klasse ausgebildet. Ungef\u00e4hr zu der H\u00e4lfte der Ausbildung fahren die Sch\u00fclerInnen gemeinsam mit den StreitschlichterInnen aus der Didrik-Pining Schule (DPS) auf einen zweit\u00e4gigen Ausflug.\u00a0 Im Jahr 22\/23 wurden erstmalig neun StreitschlichterInnen aus Achtum ausgebildet und durften gemeinsam mit Fr. Rohrsen und der Sozialarbeiterinnen der &hellip; <a href=\"https:\/\/wordpress.nibis.de\/dps-hi\/?page_id=3159\" class=\"more-link\">Weiterlesen <span class=\"screen-reader-text\">MediatorInnen Fahrt in den Jugendherberge Hildesheim<\/span><\/a><\/p>\n","protected":false},"author":9192772,"featured_media":3160,"parent":3102,"menu_order":2,"comment_status":"closed","ping_status":"closed","template":"","meta":{"footnotes":""},"class_list":["post-3159","page","type-page","status-publish","has-post-thumbnail","hentry","with-featured-image"],"_links":{"self":[{"href":"https:\/\/wordpress.nibis.de\/dps-hi\/index.php?rest_route=\/wp\/v2\/pages\/3159","targetHints":{"allow":["GET"]}}],"collection":[{"href":"https:\/\/wordpress.nibis.de\/dps-hi\/index.php?rest_route=\/wp\/v2\/pages"}],"about":[{"href":"https:\/\/wordpress.nibis.de\/dps-hi\/index.php?rest_route=\/wp\/v2\/types\/page"}],"author":[{"embeddable":true,"href":"https:\/\/wordpress.nibis.de\/dps-hi\/index.php?rest_route=\/wp\/v2\/users\/9192772"}],"replies":[{"embeddable":true,"href":"https:\/\/wordpress.nibis.de\/dps-hi\/index.php?rest_route=%2Fwp%2Fv2%2Fcomments&post=3159"}],"version-history":[{"count":2,"href":"https:\/\/wordpress.nibis.de\/dps-hi\/index.php?rest_route=\/wp\/v2\/pages\/3159\/revisions"}],"predecessor-version":[{"id":3498,"href":"https:\/\/wordpress.nibis.de\/dps-hi\/index.php?rest_route=\/wp\/v2\/pages\/3159\/revisions\/3498"}],"up":[{"embeddable":true,"href":"https:\/\/wordpress.nibis.de\/dps-hi\/index.php?rest_route=\/wp\/v2\/pages\/3102"}],"wp:featuredmedia":[{"embeddable":true,"href":"https:\/\/wordpress.nibis.de\/dps-hi\/index.php?rest_route=\/wp\/v2\/media\/3160"}],"wp:attachment":[{"href":"https:\/\/wordpress.nibis.de\/dps-hi\/index.php?rest_route=%2Fwp%2Fv2%2Fmedia&parent=3159"}],"curies":[{"name":"wp","href":"https:\/\/api.w.org\/{rel}","templated":true}]}}