{"id":329,"date":"2018-12-08T22:59:35","date_gmt":"2018-12-08T21:59:35","guid":{"rendered":"http:\/\/wordpress.nibis.de\/dps-hi\/?page_id=329"},"modified":"2023-05-11T15:08:10","modified_gmt":"2023-05-11T13:08:10","slug":"sozialtraining-in-klassen","status":"publish","type":"page","link":"https:\/\/wordpress.nibis.de\/dps-hi\/?page_id=329","title":{"rendered":"Sozialtraining Jahrgang 1"},"content":{"rendered":"\n\n\n<p>\u00a0<\/p>\n<p>Im Rahmen des \u201eLubo\u201c-Programms wird im 1. Jahrgang Sozialtraining durchgef\u00fchrt. Insgesamt 4-mal ist die Schulsozialarbeit in jeder Klasse.<\/p>\n<p><img loading=\"lazy\" decoding=\"async\" class=\" wp-image-3109 aligncenter\" src=\"https:\/\/wordpress.nibis.de\/dps-hi\/files\/2023\/05\/Lubo-2-577x478.png\" alt=\"\" width=\"478\" height=\"396\" \/><\/p>\n<p>Die Kinder lernen, ihre eigenen Gef\u00fchle, aber auch die Gef\u00fchle der Anderen richtig einsch\u00e4tzen zu k\u00f6nnen und erfahren Handlungsstrategien, wie sie Konflikte selbstst\u00e4ndig und ohne Gewalt l\u00f6sen k\u00f6nnen.<\/p>\n","protected":false},"excerpt":{"rendered":"<p>\u00a0 Im Rahmen des \u201eLubo\u201c-Programms wird im 1. Jahrgang Sozialtraining durchgef\u00fchrt. Insgesamt 4-mal ist die Schulsozialarbeit in jeder Klasse. Die Kinder lernen, ihre eigenen Gef\u00fchle, aber auch die Gef\u00fchle der Anderen richtig einsch\u00e4tzen zu k\u00f6nnen und erfahren Handlungsstrategien, wie sie Konflikte selbstst\u00e4ndig und ohne Gewalt l\u00f6sen k\u00f6nnen.<\/p>\n","protected":false},"author":9192772,"featured_media":0,"parent":113,"menu_order":2,"comment_status":"closed","ping_status":"closed","template":"","meta":{"footnotes":""},"class_list":["post-329","page","type-page","status-publish","hentry","without-featured-image"],"_links":{"self":[{"href":"https:\/\/wordpress.nibis.de\/dps-hi\/index.php?rest_route=\/wp\/v2\/pages\/329","targetHints":{"allow":["GET"]}}],"collection":[{"href":"https:\/\/wordpress.nibis.de\/dps-hi\/index.php?rest_route=\/wp\/v2\/pages"}],"about":[{"href":"https:\/\/wordpress.nibis.de\/dps-hi\/index.php?rest_route=\/wp\/v2\/types\/page"}],"author":[{"embeddable":true,"href":"https:\/\/wordpress.nibis.de\/dps-hi\/index.php?rest_route=\/wp\/v2\/users\/9192772"}],"replies":[{"embeddable":true,"href":"https:\/\/wordpress.nibis.de\/dps-hi\/index.php?rest_route=%2Fwp%2Fv2%2Fcomments&post=329"}],"version-history":[{"count":3,"href":"https:\/\/wordpress.nibis.de\/dps-hi\/index.php?rest_route=\/wp\/v2\/pages\/329\/revisions"}],"predecessor-version":[{"id":3110,"href":"https:\/\/wordpress.nibis.de\/dps-hi\/index.php?rest_route=\/wp\/v2\/pages\/329\/revisions\/3110"}],"up":[{"embeddable":true,"href":"https:\/\/wordpress.nibis.de\/dps-hi\/index.php?rest_route=\/wp\/v2\/pages\/113"}],"wp:attachment":[{"href":"https:\/\/wordpress.nibis.de\/dps-hi\/index.php?rest_route=%2Fwp%2Fv2%2Fmedia&parent=329"}],"curies":[{"name":"wp","href":"https:\/\/api.w.org\/{rel}","templated":true}]}}