{"id":334,"date":"2018-12-08T23:16:10","date_gmt":"2018-12-08T22:16:10","guid":{"rendered":"http:\/\/wordpress.nibis.de\/dps-hi\/?page_id=334"},"modified":"2023-07-22T15:33:45","modified_gmt":"2023-07-22T13:33:45","slug":"mediatorenausbildung-im-3-jahrgang","status":"publish","type":"page","link":"https:\/\/wordpress.nibis.de\/dps-hi\/?page_id=334","title":{"rendered":"Mediatorenausbildung"},"content":{"rendered":"<p style=\"text-align: justify\"><span style=\"font-size: 12pt\">Fr. Hoffmann bildet jedes Schuljahr Kinder aus der 3. Jahrgangsstufe zu Mediatoren aus. Ab dem Jahr 2021 ist Fr. Rohrsen unterst\u00fctzen mit dabei. Die Sch\u00fclerInnen erwerben F\u00e4higkeiten und Fertigkeiten, die f\u00fcr die Streitschlichtung notwendig sind und sie dazu bef\u00e4higen, Konflikte zwischen Sch\u00fclerInnen der Schule selbstst\u00e4ndig zu kl\u00e4ren.<\/span><\/p>\n<p style=\"text-align: justify\"><span style=\"font-size: 12pt\">Die Ausbildung findet immer am Montag im Rahmen des Ganztags statt.<\/span><\/p>\n<p style=\"text-align: justify\"><span style=\"font-size: 12pt\">Zur Vertiefung der erlernten Methoden fahren die Mediatoren mit Fr. Hoffmann zwei Tage in die Jugendherberge.<\/span><\/p>\n<p style=\"text-align: justify\"><span style=\"font-size: 12pt\">Nach erfolgreich abgeschlossener Ausbildung nehmen die Kinder im 4. Schuljahr ihren &#8222;Dienst&#8220; als Streitschlichter und StreitschlichterIn in den Pausen auf.<\/span><\/p>\n<p style=\"text-align: justify\"><span style=\"font-size: 12pt\">Das Projekt StreitschlichterIn dient der Gewaltpr\u00e4vention und wirkt sich positiv auf unser Schulklima aus.<\/span><\/p>\n<p><img loading=\"lazy\" decoding=\"async\" class=\"alignleft size-medium wp-image-3164\" src=\"https:\/\/wordpress.nibis.de\/dps-hi\/files\/2023\/07\/PXL_20230419_183655061-850x478.jpg\" alt=\"\" width=\"850\" height=\"478\" srcset=\"https:\/\/wordpress.nibis.de\/dps-hi\/files\/2023\/07\/PXL_20230419_183655061-850x478.jpg 850w, https:\/\/wordpress.nibis.de\/dps-hi\/files\/2023\/07\/PXL_20230419_183655061-1200x675.jpg 1200w, https:\/\/wordpress.nibis.de\/dps-hi\/files\/2023\/07\/PXL_20230419_183655061-250x141.jpg 250w\" sizes=\"auto, (max-width: 850px) 100vw, 850px\" \/><\/p>\n<p style=\"text-align: justify\">\n","protected":false},"excerpt":{"rendered":"<p>Fr. Hoffmann bildet jedes Schuljahr Kinder aus der 3. Jahrgangsstufe zu Mediatoren aus. Ab dem Jahr 2021 ist Fr. Rohrsen unterst\u00fctzen mit dabei. Die Sch\u00fclerInnen erwerben F\u00e4higkeiten und Fertigkeiten, die f\u00fcr die Streitschlichtung notwendig sind und sie dazu bef\u00e4higen, Konflikte zwischen Sch\u00fclerInnen der Schule selbstst\u00e4ndig zu kl\u00e4ren. Die Ausbildung findet immer am Montag im Rahmen &hellip; <a href=\"https:\/\/wordpress.nibis.de\/dps-hi\/?page_id=334\" class=\"more-link\">Weiterlesen <span class=\"screen-reader-text\">Mediatorenausbildung<\/span><\/a><\/p>\n","protected":false},"author":9192772,"featured_media":3160,"parent":113,"menu_order":3,"comment_status":"closed","ping_status":"closed","template":"","meta":{"footnotes":""},"class_list":["post-334","page","type-page","status-publish","has-post-thumbnail","hentry","with-featured-image"],"_links":{"self":[{"href":"https:\/\/wordpress.nibis.de\/dps-hi\/index.php?rest_route=\/wp\/v2\/pages\/334","targetHints":{"allow":["GET"]}}],"collection":[{"href":"https:\/\/wordpress.nibis.de\/dps-hi\/index.php?rest_route=\/wp\/v2\/pages"}],"about":[{"href":"https:\/\/wordpress.nibis.de\/dps-hi\/index.php?rest_route=\/wp\/v2\/types\/page"}],"author":[{"embeddable":true,"href":"https:\/\/wordpress.nibis.de\/dps-hi\/index.php?rest_route=\/wp\/v2\/users\/9192772"}],"replies":[{"embeddable":true,"href":"https:\/\/wordpress.nibis.de\/dps-hi\/index.php?rest_route=%2Fwp%2Fv2%2Fcomments&post=334"}],"version-history":[{"count":5,"href":"https:\/\/wordpress.nibis.de\/dps-hi\/index.php?rest_route=\/wp\/v2\/pages\/334\/revisions"}],"predecessor-version":[{"id":3199,"href":"https:\/\/wordpress.nibis.de\/dps-hi\/index.php?rest_route=\/wp\/v2\/pages\/334\/revisions\/3199"}],"up":[{"embeddable":true,"href":"https:\/\/wordpress.nibis.de\/dps-hi\/index.php?rest_route=\/wp\/v2\/pages\/113"}],"wp:featuredmedia":[{"embeddable":true,"href":"https:\/\/wordpress.nibis.de\/dps-hi\/index.php?rest_route=\/wp\/v2\/media\/3160"}],"wp:attachment":[{"href":"https:\/\/wordpress.nibis.de\/dps-hi\/index.php?rest_route=%2Fwp%2Fv2%2Fmedia&parent=334"}],"curies":[{"name":"wp","href":"https:\/\/api.w.org\/{rel}","templated":true}]}}