{"id":337,"date":"2018-12-08T23:19:09","date_gmt":"2018-12-08T22:19:09","guid":{"rendered":"http:\/\/wordpress.nibis.de\/dps-hi\/?page_id=337"},"modified":"2023-05-11T15:09:50","modified_gmt":"2023-05-11T13:09:50","slug":"schuelerrat","status":"publish","type":"page","link":"https:\/\/wordpress.nibis.de\/dps-hi\/?page_id=337","title":{"rendered":"Sch\u00fclerInnenrat"},"content":{"rendered":"\n<p>Unser Sch\u00fclerInnenrat trifft sich alle 4 bis 6 Wochen zu einer Versammlung. Die Klassensprecher des 3. und 4. Jahrgangs d\u00fcrfen hier \u00fcber alles mitentscheiden, was die ganze Schule betrifft und wobei sie mitreden und mitbestimmen wollen.<\/p>\n\n\n\n<p>Die Kinder haben im Sch\u00fclerInnenrat ein Mitspracherecht im Bezug auf Ver\u00e4nderungen und Organisation der Schulgemeinschaft. Sie lernen dadurch Verantwortung zu \u00fcbernehmen. Hier werden erste demokratische Entscheidungsprozesse bewusst erlebt und gelebt.<\/p>\n\n\n\n<p>So haben die Sch\u00fclerInnnen z.B. eine Einflussnahme bei der Anschaffung neuer Pausenspiele.<\/p>\n\n\n\n<p>Au\u00dferdem beteiligt sich der Sch\u00fclerInnenrat aktiv bei Veranstaltungen, wie z. B bei dem\u00a0 &#8222;Stand der Schulen&#8220; auf dem Weihnachtsmarkt durch den Verkauf von Keksen und gebasteltem Weihnachtsallerlei.<\/p>\n","protected":false},"excerpt":{"rendered":"<p>Unser Sch\u00fclerInnenrat trifft sich alle 4 bis 6 Wochen zu einer Versammlung. Die Klassensprecher des 3. und 4. Jahrgangs d\u00fcrfen hier \u00fcber alles mitentscheiden, was die ganze Schule betrifft und wobei sie mitreden und mitbestimmen wollen. Die Kinder haben im Sch\u00fclerInnenrat ein Mitspracherecht im Bezug auf Ver\u00e4nderungen und Organisation der Schulgemeinschaft. Sie lernen dadurch Verantwortung &hellip; <a href=\"https:\/\/wordpress.nibis.de\/dps-hi\/?page_id=337\" class=\"more-link\">Weiterlesen <span class=\"screen-reader-text\">Sch\u00fclerInnenrat<\/span><\/a><\/p>\n","protected":false},"author":9192772,"featured_media":0,"parent":113,"menu_order":4,"comment_status":"closed","ping_status":"closed","template":"","meta":{"footnotes":""},"class_list":["post-337","page","type-page","status-publish","hentry","without-featured-image"],"_links":{"self":[{"href":"https:\/\/wordpress.nibis.de\/dps-hi\/index.php?rest_route=\/wp\/v2\/pages\/337","targetHints":{"allow":["GET"]}}],"collection":[{"href":"https:\/\/wordpress.nibis.de\/dps-hi\/index.php?rest_route=\/wp\/v2\/pages"}],"about":[{"href":"https:\/\/wordpress.nibis.de\/dps-hi\/index.php?rest_route=\/wp\/v2\/types\/page"}],"author":[{"embeddable":true,"href":"https:\/\/wordpress.nibis.de\/dps-hi\/index.php?rest_route=\/wp\/v2\/users\/9192772"}],"replies":[{"embeddable":true,"href":"https:\/\/wordpress.nibis.de\/dps-hi\/index.php?rest_route=%2Fwp%2Fv2%2Fcomments&post=337"}],"version-history":[{"count":4,"href":"https:\/\/wordpress.nibis.de\/dps-hi\/index.php?rest_route=\/wp\/v2\/pages\/337\/revisions"}],"predecessor-version":[{"id":3111,"href":"https:\/\/wordpress.nibis.de\/dps-hi\/index.php?rest_route=\/wp\/v2\/pages\/337\/revisions\/3111"}],"up":[{"embeddable":true,"href":"https:\/\/wordpress.nibis.de\/dps-hi\/index.php?rest_route=\/wp\/v2\/pages\/113"}],"wp:attachment":[{"href":"https:\/\/wordpress.nibis.de\/dps-hi\/index.php?rest_route=%2Fwp%2Fv2%2Fmedia&parent=337"}],"curies":[{"name":"wp","href":"https:\/\/api.w.org\/{rel}","templated":true}]}}