{"id":344,"date":"2018-12-08T23:27:50","date_gmt":"2018-12-08T22:27:50","guid":{"rendered":"http:\/\/wordpress.nibis.de\/dps-hi\/?page_id=344"},"modified":"2023-07-22T14:36:05","modified_gmt":"2023-07-22T12:36:05","slug":"das-schulobstprogramm","status":"publish","type":"page","link":"https:\/\/wordpress.nibis.de\/dps-hi\/?page_id=344","title":{"rendered":"&#8222;Schulobstprogramm&#8220;"},"content":{"rendered":"<p style=\"text-align: justify\">Die Schulische Sozialarbeit (Fr. Hoffmann und Fr. Rohrsen) bereitet am Montag morgen die Obst-\/Gem\u00fcsekisten f\u00fcr die jeweiligen Klassen vor. Hierbei wird das gelieferte Obst und Gem\u00fcse je nach Klassengr\u00f6\u00dfe gerecht aufgeteilt. Ein Teil des Obstes\/Gem\u00fcses wird von vielen zahlreichen helfenden Eltern jeden Montag und\/oder auch freitags w\u00e4hrend des Elterncafes f\u00fcr alle Klassen frisch in handgerechte St\u00fccke geschnitten und verteilt.<\/p>\n<p style=\"text-align: justify\">Das Obst und Gem\u00fcse bekommen wir saisonal und stets frisch vom Hof Lauenroth aus Ilsede\/Adenstedt geliefert.\u00a0<a href=\"http:\/\/www.hof-lauenroth.de\" target=\"_blank\" rel=\"noopener\">www.hof-lauenroth.de<\/a><\/p>\n<p>weitere Infos finden Sie unter :\u00a0<a href=\"http:\/\/wordpress.nibis.de\/dps-hi\/files\/2018\/12\/Info_Gesundes_Schulfr\u00fchst\u00fcck.pdf\" target=\"_blank\" rel=\"noopener\">Gesundes_Schulfr\u00fchst\u00fcck<\/a><\/p>\n<p><img loading=\"lazy\" decoding=\"async\" class=\"alignnone size-medium wp-image-3169\" src=\"https:\/\/wordpress.nibis.de\/dps-hi\/files\/2023\/07\/PXL_20220509_0635044442-850x478.jpg\" alt=\"\" width=\"850\" height=\"478\" srcset=\"https:\/\/wordpress.nibis.de\/dps-hi\/files\/2023\/07\/PXL_20220509_0635044442-850x478.jpg 850w, https:\/\/wordpress.nibis.de\/dps-hi\/files\/2023\/07\/PXL_20220509_0635044442-1200x675.jpg 1200w, https:\/\/wordpress.nibis.de\/dps-hi\/files\/2023\/07\/PXL_20220509_0635044442-250x141.jpg 250w\" sizes=\"auto, (max-width: 850px) 100vw, 850px\" \/><\/p>\n\n\n<p><\/p>\n\n\n","protected":false},"excerpt":{"rendered":"<p>Die Schulische Sozialarbeit (Fr. Hoffmann und Fr. Rohrsen) bereitet am Montag morgen die Obst-\/Gem\u00fcsekisten f\u00fcr die jeweiligen Klassen vor. Hierbei wird das gelieferte Obst und Gem\u00fcse je nach Klassengr\u00f6\u00dfe gerecht aufgeteilt. Ein Teil des Obstes\/Gem\u00fcses wird von vielen zahlreichen helfenden Eltern jeden Montag und\/oder auch freitags w\u00e4hrend des Elterncafes f\u00fcr alle Klassen frisch in handgerechte &hellip; <a href=\"https:\/\/wordpress.nibis.de\/dps-hi\/?page_id=344\" class=\"more-link\">Weiterlesen <span class=\"screen-reader-text\">&#8222;Schulobstprogramm&#8220;<\/span><\/a><\/p>\n","protected":false},"author":9192772,"featured_media":3168,"parent":113,"menu_order":6,"comment_status":"closed","ping_status":"closed","template":"","meta":{"footnotes":""},"class_list":["post-344","page","type-page","status-publish","has-post-thumbnail","hentry","with-featured-image"],"_links":{"self":[{"href":"https:\/\/wordpress.nibis.de\/dps-hi\/index.php?rest_route=\/wp\/v2\/pages\/344","targetHints":{"allow":["GET"]}}],"collection":[{"href":"https:\/\/wordpress.nibis.de\/dps-hi\/index.php?rest_route=\/wp\/v2\/pages"}],"about":[{"href":"https:\/\/wordpress.nibis.de\/dps-hi\/index.php?rest_route=\/wp\/v2\/types\/page"}],"author":[{"embeddable":true,"href":"https:\/\/wordpress.nibis.de\/dps-hi\/index.php?rest_route=\/wp\/v2\/users\/9192772"}],"replies":[{"embeddable":true,"href":"https:\/\/wordpress.nibis.de\/dps-hi\/index.php?rest_route=%2Fwp%2Fv2%2Fcomments&post=344"}],"version-history":[{"count":5,"href":"https:\/\/wordpress.nibis.de\/dps-hi\/index.php?rest_route=\/wp\/v2\/pages\/344\/revisions"}],"predecessor-version":[{"id":346,"href":"https:\/\/wordpress.nibis.de\/dps-hi\/index.php?rest_route=\/wp\/v2\/pages\/344\/revisions\/346"}],"up":[{"embeddable":true,"href":"https:\/\/wordpress.nibis.de\/dps-hi\/index.php?rest_route=\/wp\/v2\/pages\/113"}],"wp:featuredmedia":[{"embeddable":true,"href":"https:\/\/wordpress.nibis.de\/dps-hi\/index.php?rest_route=\/wp\/v2\/media\/3168"}],"wp:attachment":[{"href":"https:\/\/wordpress.nibis.de\/dps-hi\/index.php?rest_route=%2Fwp%2Fv2%2Fmedia&parent=344"}],"curies":[{"name":"wp","href":"https:\/\/api.w.org\/{rel}","templated":true}]}}