{"id":413,"date":"2018-12-09T01:37:41","date_gmt":"2018-12-09T00:37:41","guid":{"rendered":"http:\/\/wordpress.nibis.de\/dps-hi\/?page_id=413"},"modified":"2020-04-19T15:13:01","modified_gmt":"2020-04-19T13:13:01","slug":"buecherei","status":"publish","type":"page","link":"https:\/\/wordpress.nibis.de\/dps-hi\/?page_id=413","title":{"rendered":"B\u00fccherei"},"content":{"rendered":"<p style=\"text-align: justify\">Seit vielen Jahren gibt es in der Didrik-Pining-Schule eine Sch\u00fclerb\u00fccherei, die in den gro\u00dfen Pausen ge\u00f6ffnet ist und von den Sch\u00fclern gerne genutzt wird. Die B\u00fccherei wird\u00a0 von Lehrerinnen der Schule\u00a0 betreut. Die Sch\u00fcler k\u00f6nnen die B\u00fccherei in den Pausen sowohl zum Lesen und Ansehen von B\u00fcchern als auch zur Ausleihe nutzen. Alle ersten Klassen bekommen zu Beginn ihrer Schulzeit eine Einf\u00fchrung, so dass sie schon nach den ersten Wochen mit ihrem neu erstandenen B\u00fcchereiausweis (\u20ac 0,50) selber B\u00fccher ausleihen k\u00f6nnen.<\/p>\n<p style=\"text-align: justify\">Besonders gerne gelesen und angesehen werden die Sachb\u00fccher zu den unterschiedlichsten Themenbereichen (z.B. Tiere, Raumfahrt, Feuerwehr und Polizei, Geschichte, Technik, Natur). Zudem finden die Sch\u00fcler eine reiche Auswahl an Bilderb\u00fcchern und Erstleseb\u00fcchern, die sich durch einfache Texte in gro\u00dfer Schrift mit vielen Bildern auszeichnen. F\u00fcr die fortgeschrittenen Leser gibt es au\u00dferdem M\u00e4rchenb\u00fccher, Phantasiegeschichten, Abenteuerromane, Comics, Tiergeschichten, Kinderkrimis und Zeitschriften wie die Geolino.<\/p>\n<p style=\"text-align: justify\">Auch k\u00f6nnen H\u00f6rb\u00fccher mit Kopfh\u00f6rern geh\u00f6rt werden.<\/p>\n<p style=\"text-align: justify\">Eine wesentliche Aufgabe der Schule ist es, Lesefreude zu wecken und Lesebereitschaft auszubauen und zu erhalten. Die B\u00fccherei leistet hier einen wichtigen Beitrag. Vielen Dank an alle flei\u00dfigen Helfer!<\/p>\n","protected":false},"excerpt":{"rendered":"<p>Seit vielen Jahren gibt es in der Didrik-Pining-Schule eine Sch\u00fclerb\u00fccherei, die in den gro\u00dfen Pausen ge\u00f6ffnet ist und von den Sch\u00fclern gerne genutzt wird. Die B\u00fccherei wird\u00a0 von Lehrerinnen der Schule\u00a0 betreut. Die Sch\u00fcler k\u00f6nnen die B\u00fccherei in den Pausen sowohl zum Lesen und Ansehen von B\u00fcchern als auch zur Ausleihe nutzen. Alle ersten Klassen &hellip; <a href=\"https:\/\/wordpress.nibis.de\/dps-hi\/?page_id=413\" class=\"more-link\">Weiterlesen <span class=\"screen-reader-text\">B\u00fccherei<\/span><\/a><\/p>\n","protected":false},"author":9192772,"featured_media":0,"parent":107,"menu_order":2,"comment_status":"closed","ping_status":"closed","template":"","meta":{"footnotes":""},"class_list":["post-413","page","type-page","status-publish","hentry","without-featured-image"],"_links":{"self":[{"href":"https:\/\/wordpress.nibis.de\/dps-hi\/index.php?rest_route=\/wp\/v2\/pages\/413","targetHints":{"allow":["GET"]}}],"collection":[{"href":"https:\/\/wordpress.nibis.de\/dps-hi\/index.php?rest_route=\/wp\/v2\/pages"}],"about":[{"href":"https:\/\/wordpress.nibis.de\/dps-hi\/index.php?rest_route=\/wp\/v2\/types\/page"}],"author":[{"embeddable":true,"href":"https:\/\/wordpress.nibis.de\/dps-hi\/index.php?rest_route=\/wp\/v2\/users\/9192772"}],"replies":[{"embeddable":true,"href":"https:\/\/wordpress.nibis.de\/dps-hi\/index.php?rest_route=%2Fwp%2Fv2%2Fcomments&post=413"}],"version-history":[{"count":3,"href":"https:\/\/wordpress.nibis.de\/dps-hi\/index.php?rest_route=\/wp\/v2\/pages\/413\/revisions"}],"predecessor-version":[{"id":1515,"href":"https:\/\/wordpress.nibis.de\/dps-hi\/index.php?rest_route=\/wp\/v2\/pages\/413\/revisions\/1515"}],"up":[{"embeddable":true,"href":"https:\/\/wordpress.nibis.de\/dps-hi\/index.php?rest_route=\/wp\/v2\/pages\/107"}],"wp:attachment":[{"href":"https:\/\/wordpress.nibis.de\/dps-hi\/index.php?rest_route=%2Fwp%2Fv2%2Fmedia&parent=413"}],"curies":[{"name":"wp","href":"https:\/\/api.w.org\/{rel}","templated":true}]}}