{"id":420,"date":"2018-12-09T01:41:39","date_gmt":"2018-12-09T00:41:39","guid":{"rendered":"http:\/\/wordpress.nibis.de\/dps-hi\/?page_id=420"},"modified":"2019-04-13T10:25:22","modified_gmt":"2019-04-13T08:25:22","slug":"tag-des-buches","status":"publish","type":"page","link":"https:\/\/wordpress.nibis.de\/dps-hi\/?page_id=420","title":{"rendered":"Tag des Buches"},"content":{"rendered":"<p style=\"text-align: justify\">Jedes Jahr im Fr\u00fchjahr veranstaltet die Didrik-Pining-Schule den Tag des Buches. Hier ein Bericht als Beispiel:<\/p>\n<p style=\"text-align: justify\">Wir sind die Sprachlernklasse und haben den \u201eTag des Buches\u201c mitgestaltet. Wir haben in dem Buch &#8222;Als die Raben noch bunt waren&#8220; gelesen. Wir haben bunte und schwarze Raben gezeichnet und gemalt.<\/p>\n<p style=\"text-align: justify\">Die Raben haben wir auf ein gro\u00dfes Blatt geklebt. Die Wolken haben wir schwarz gemalt. Die Wolken haben die bunten Raben zur Strafe schwarz gemacht. Den Himmel haben wir blau gemalt, die Wiese gr\u00fcn und die Sonne gelb. Wir haben S\u00e4tze \u00fcber die Geschichte geschrieben. Es hat viel Spa\u00df gemacht!<\/p>\n","protected":false},"excerpt":{"rendered":"<p>Jedes Jahr im Fr\u00fchjahr veranstaltet die Didrik-Pining-Schule den Tag des Buches. Hier ein Bericht als Beispiel: Wir sind die Sprachlernklasse und haben den \u201eTag des Buches\u201c mitgestaltet. Wir haben in dem Buch &#8222;Als die Raben noch bunt waren&#8220; gelesen. Wir haben bunte und schwarze Raben gezeichnet und gemalt. Die Raben haben wir auf ein gro\u00dfes &hellip; <a href=\"https:\/\/wordpress.nibis.de\/dps-hi\/?page_id=420\" class=\"more-link\">Weiterlesen <span class=\"screen-reader-text\">Tag des Buches<\/span><\/a><\/p>\n","protected":false},"author":9192772,"featured_media":0,"parent":107,"menu_order":3,"comment_status":"closed","ping_status":"closed","template":"full-width-page.php","meta":{"footnotes":""},"class_list":["post-420","page","type-page","status-publish","hentry","without-featured-image"],"_links":{"self":[{"href":"https:\/\/wordpress.nibis.de\/dps-hi\/index.php?rest_route=\/wp\/v2\/pages\/420","targetHints":{"allow":["GET"]}}],"collection":[{"href":"https:\/\/wordpress.nibis.de\/dps-hi\/index.php?rest_route=\/wp\/v2\/pages"}],"about":[{"href":"https:\/\/wordpress.nibis.de\/dps-hi\/index.php?rest_route=\/wp\/v2\/types\/page"}],"author":[{"embeddable":true,"href":"https:\/\/wordpress.nibis.de\/dps-hi\/index.php?rest_route=\/wp\/v2\/users\/9192772"}],"replies":[{"embeddable":true,"href":"https:\/\/wordpress.nibis.de\/dps-hi\/index.php?rest_route=%2Fwp%2Fv2%2Fcomments&post=420"}],"version-history":[{"count":2,"href":"https:\/\/wordpress.nibis.de\/dps-hi\/index.php?rest_route=\/wp\/v2\/pages\/420\/revisions"}],"predecessor-version":[{"id":761,"href":"https:\/\/wordpress.nibis.de\/dps-hi\/index.php?rest_route=\/wp\/v2\/pages\/420\/revisions\/761"}],"up":[{"embeddable":true,"href":"https:\/\/wordpress.nibis.de\/dps-hi\/index.php?rest_route=\/wp\/v2\/pages\/107"}],"wp:attachment":[{"href":"https:\/\/wordpress.nibis.de\/dps-hi\/index.php?rest_route=%2Fwp%2Fv2%2Fmedia&parent=420"}],"curies":[{"name":"wp","href":"https:\/\/api.w.org\/{rel}","templated":true}]}}