{"id":424,"date":"2018-12-09T01:44:09","date_gmt":"2018-12-09T00:44:09","guid":{"rendered":"http:\/\/wordpress.nibis.de\/dps-hi\/?page_id=424"},"modified":"2019-04-13T10:37:21","modified_gmt":"2019-04-13T08:37:21","slug":"kinder-und-jugendbuchwoche","status":"publish","type":"page","link":"https:\/\/wordpress.nibis.de\/dps-hi\/?page_id=424","title":{"rendered":"Kinder- und Jugendbuchwoche"},"content":{"rendered":"<p style=\"text-align: justify\">Im Mai findet jedes Jahr an der Didrik-Pining-Schule die Hildesheimer Jugendbuchwoche statt. Dort lesen bekannte Buchautoren aus ihrem B\u00fcchern vor und beantworten die Fragen der Sch\u00fclerinnen und Sch\u00fcler.<\/p>\n","protected":false},"excerpt":{"rendered":"<p>Im Mai findet jedes Jahr an der Didrik-Pining-Schule die Hildesheimer Jugendbuchwoche statt. Dort lesen bekannte Buchautoren aus ihrem B\u00fcchern vor und beantworten die Fragen der Sch\u00fclerinnen und Sch\u00fcler.<\/p>\n","protected":false},"author":9192772,"featured_media":0,"parent":107,"menu_order":4,"comment_status":"closed","ping_status":"closed","template":"","meta":{"footnotes":""},"class_list":["post-424","page","type-page","status-publish","hentry","without-featured-image"],"_links":{"self":[{"href":"https:\/\/wordpress.nibis.de\/dps-hi\/index.php?rest_route=\/wp\/v2\/pages\/424","targetHints":{"allow":["GET"]}}],"collection":[{"href":"https:\/\/wordpress.nibis.de\/dps-hi\/index.php?rest_route=\/wp\/v2\/pages"}],"about":[{"href":"https:\/\/wordpress.nibis.de\/dps-hi\/index.php?rest_route=\/wp\/v2\/types\/page"}],"author":[{"embeddable":true,"href":"https:\/\/wordpress.nibis.de\/dps-hi\/index.php?rest_route=\/wp\/v2\/users\/9192772"}],"replies":[{"embeddable":true,"href":"https:\/\/wordpress.nibis.de\/dps-hi\/index.php?rest_route=%2Fwp%2Fv2%2Fcomments&post=424"}],"version-history":[{"count":1,"href":"https:\/\/wordpress.nibis.de\/dps-hi\/index.php?rest_route=\/wp\/v2\/pages\/424\/revisions"}],"predecessor-version":[{"id":425,"href":"https:\/\/wordpress.nibis.de\/dps-hi\/index.php?rest_route=\/wp\/v2\/pages\/424\/revisions\/425"}],"up":[{"embeddable":true,"href":"https:\/\/wordpress.nibis.de\/dps-hi\/index.php?rest_route=\/wp\/v2\/pages\/107"}],"wp:attachment":[{"href":"https:\/\/wordpress.nibis.de\/dps-hi\/index.php?rest_route=%2Fwp%2Fv2%2Fmedia&parent=424"}],"curies":[{"name":"wp","href":"https:\/\/api.w.org\/{rel}","templated":true}]}}