{"id":427,"date":"2018-12-09T01:46:40","date_gmt":"2018-12-09T00:46:40","guid":{"rendered":"http:\/\/wordpress.nibis.de\/dps-hi\/?page_id=427"},"modified":"2019-04-13T10:26:57","modified_gmt":"2019-04-13T08:26:57","slug":"ehrbar-konzert","status":"publish","type":"page","link":"https:\/\/wordpress.nibis.de\/dps-hi\/?page_id=427","title":{"rendered":"Ehrbar Konzert"},"content":{"rendered":"<p style=\"text-align: justify\"><strong><u>\u201eKlasse endlich Klassik!\u201c<\/u><\/strong><\/p>\n<p style=\"text-align: justify\">Die Didrik-Pining-Schule hat die Chance ergriffen und hat als eine ausgew\u00e4hlte Schule die M\u00f6glichkeit mit ca. 100 Sch\u00fclerinnen und Sch\u00fclern ihrer Schule einmal j\u00e4hrlich an dem klassischen Konzert des &#8222;Ehrbar!&#8220;-Ensembles teilzunehmen. Einige Kinder sind im Vorfeld sehr flei\u00dfig und \u00fcben selber etwas f\u00fcr das Konzert ein, womit sie ihre Mitsch\u00fcler und Mitsch\u00fclerinnen am Tag des Konzerts \u00fcberraschen wollen.<\/p>\n<p style=\"text-align: justify\">Das &#8222;Ehrbar!&#8220;-Ensemble besteht aus Heidrun Blase (S\u00e4ngerin und Gesangp\u00e4dagogin an der Universit\u00e4t Hildesheim), Prof. Gerrit Zitterbart (Pianist und Professor f\u00fcr Klavier an der Hochschule f\u00fcr Musik, Theater und Medien Hannover), Rudolf Krieger (NDR-Redakteur, Musikwissenschaftler und Moderator).<\/p>\n<p style=\"text-align: justify\">In den Schulkonzerten werden Kompositionen von Georg V., Marschner, Schumann, Berlioz, Brahms und Faur\u00e9 altersgerecht dargeboten.<\/p>\n<p style=\"text-align: justify\">Damit dieses Projekt auch nachhaltig wirkt und die Sch\u00fclerschaft davon profitieren kann, hat das &#8222;Ehrbar!&#8220;-Ensemble den Lehrkr\u00e4ften CDs gegeben, damit sie mit ihrer Sch\u00fclerschaft auch im Vorfeld schon diese auf das Konzert vorbereiten k\u00f6nnen. Das Konzert wird von der Egerlandstiftung unterst\u00fctzt und ist f\u00fcr die Sch\u00fclerschaft und die Schule kostenlos. Gut w\u00e4re es, wenn auch die Eltern in Zukunft die Hinf\u00fchrung an die klassische Musik weiter f\u00f6rdern w\u00fcrden, denn diese ist dann ein gro\u00dfes Geschenk f\u00fcr die Seele der Kinder und kann ihnen ma\u00dfgeblich f\u00fcr ihr Leben etwas mitgeben.<\/p>\n","protected":false},"excerpt":{"rendered":"<p>\u201eKlasse endlich Klassik!\u201c Die Didrik-Pining-Schule hat die Chance ergriffen und hat als eine ausgew\u00e4hlte Schule die M\u00f6glichkeit mit ca. 100 Sch\u00fclerinnen und Sch\u00fclern ihrer Schule einmal j\u00e4hrlich an dem klassischen Konzert des &#8222;Ehrbar!&#8220;-Ensembles teilzunehmen. Einige Kinder sind im Vorfeld sehr flei\u00dfig und \u00fcben selber etwas f\u00fcr das Konzert ein, womit sie ihre Mitsch\u00fcler und Mitsch\u00fclerinnen &hellip; <a href=\"https:\/\/wordpress.nibis.de\/dps-hi\/?page_id=427\" class=\"more-link\">Weiterlesen <span class=\"screen-reader-text\">Ehrbar Konzert<\/span><\/a><\/p>\n","protected":false},"author":9192772,"featured_media":0,"parent":107,"menu_order":5,"comment_status":"closed","ping_status":"closed","template":"full-width-page.php","meta":{"footnotes":""},"class_list":["post-427","page","type-page","status-publish","hentry","without-featured-image"],"_links":{"self":[{"href":"https:\/\/wordpress.nibis.de\/dps-hi\/index.php?rest_route=\/wp\/v2\/pages\/427","targetHints":{"allow":["GET"]}}],"collection":[{"href":"https:\/\/wordpress.nibis.de\/dps-hi\/index.php?rest_route=\/wp\/v2\/pages"}],"about":[{"href":"https:\/\/wordpress.nibis.de\/dps-hi\/index.php?rest_route=\/wp\/v2\/types\/page"}],"author":[{"embeddable":true,"href":"https:\/\/wordpress.nibis.de\/dps-hi\/index.php?rest_route=\/wp\/v2\/users\/9192772"}],"replies":[{"embeddable":true,"href":"https:\/\/wordpress.nibis.de\/dps-hi\/index.php?rest_route=%2Fwp%2Fv2%2Fcomments&post=427"}],"version-history":[{"count":2,"href":"https:\/\/wordpress.nibis.de\/dps-hi\/index.php?rest_route=\/wp\/v2\/pages\/427\/revisions"}],"predecessor-version":[{"id":763,"href":"https:\/\/wordpress.nibis.de\/dps-hi\/index.php?rest_route=\/wp\/v2\/pages\/427\/revisions\/763"}],"up":[{"embeddable":true,"href":"https:\/\/wordpress.nibis.de\/dps-hi\/index.php?rest_route=\/wp\/v2\/pages\/107"}],"wp:attachment":[{"href":"https:\/\/wordpress.nibis.de\/dps-hi\/index.php?rest_route=%2Fwp%2Fv2%2Fmedia&parent=427"}],"curies":[{"name":"wp","href":"https:\/\/api.w.org\/{rel}","templated":true}]}}