{"id":430,"date":"2018-12-09T01:53:58","date_gmt":"2018-12-09T00:53:58","guid":{"rendered":"http:\/\/wordpress.nibis.de\/dps-hi\/?page_id=430"},"modified":"2019-04-13T10:27:42","modified_gmt":"2019-04-13T08:27:42","slug":"projektwochen","status":"publish","type":"page","link":"https:\/\/wordpress.nibis.de\/dps-hi\/?page_id=430","title":{"rendered":"Projektwochen"},"content":{"rendered":"<p style=\"text-align: justify\"><span style=\"color: #444444\">Jedes Jahr veranstaltet die DPS zu unterschiedlichen Themen eine Projektwoche. Alle 4 Jahre kommt ein Zirkus an die Schule und \u00fcbt mit den Kindern Kunstst\u00fccke ein, die diese bei einer Zirkusvorstellung vorf\u00fchren. Eine tolle Erfahrung f\u00fcr unsere Sch\u00fclerinnen und Sch\u00fcler.<\/span><\/p>\n","protected":false},"excerpt":{"rendered":"<p>Jedes Jahr veranstaltet die DPS zu unterschiedlichen Themen eine Projektwoche. Alle 4 Jahre kommt ein Zirkus an die Schule und \u00fcbt mit den Kindern Kunstst\u00fccke ein, die diese bei einer Zirkusvorstellung vorf\u00fchren. Eine tolle Erfahrung f\u00fcr unsere Sch\u00fclerinnen und Sch\u00fcler.<\/p>\n","protected":false},"author":9192772,"featured_media":0,"parent":107,"menu_order":6,"comment_status":"closed","ping_status":"closed","template":"full-width-page.php","meta":{"footnotes":""},"class_list":["post-430","page","type-page","status-publish","hentry","without-featured-image"],"_links":{"self":[{"href":"https:\/\/wordpress.nibis.de\/dps-hi\/index.php?rest_route=\/wp\/v2\/pages\/430","targetHints":{"allow":["GET"]}}],"collection":[{"href":"https:\/\/wordpress.nibis.de\/dps-hi\/index.php?rest_route=\/wp\/v2\/pages"}],"about":[{"href":"https:\/\/wordpress.nibis.de\/dps-hi\/index.php?rest_route=\/wp\/v2\/types\/page"}],"author":[{"embeddable":true,"href":"https:\/\/wordpress.nibis.de\/dps-hi\/index.php?rest_route=\/wp\/v2\/users\/9192772"}],"replies":[{"embeddable":true,"href":"https:\/\/wordpress.nibis.de\/dps-hi\/index.php?rest_route=%2Fwp%2Fv2%2Fcomments&post=430"}],"version-history":[{"count":3,"href":"https:\/\/wordpress.nibis.de\/dps-hi\/index.php?rest_route=\/wp\/v2\/pages\/430\/revisions"}],"predecessor-version":[{"id":432,"href":"https:\/\/wordpress.nibis.de\/dps-hi\/index.php?rest_route=\/wp\/v2\/pages\/430\/revisions\/432"}],"up":[{"embeddable":true,"href":"https:\/\/wordpress.nibis.de\/dps-hi\/index.php?rest_route=\/wp\/v2\/pages\/107"}],"wp:attachment":[{"href":"https:\/\/wordpress.nibis.de\/dps-hi\/index.php?rest_route=%2Fwp%2Fv2%2Fmedia&parent=430"}],"curies":[{"name":"wp","href":"https:\/\/api.w.org\/{rel}","templated":true}]}}