{"id":433,"date":"2018-12-09T01:55:36","date_gmt":"2018-12-09T00:55:36","guid":{"rendered":"http:\/\/wordpress.nibis.de\/dps-hi\/?page_id=433"},"modified":"2019-04-13T10:33:10","modified_gmt":"2019-04-13T08:33:10","slug":"kinowoche","status":"publish","type":"page","link":"https:\/\/wordpress.nibis.de\/dps-hi\/?page_id=433","title":{"rendered":"Kinowoche"},"content":{"rendered":"<p style=\"text-align: justify\">Jedes Jahr nehmen viele Klassen der Didrik-Pining-Schule an der Kinowoche im Thega in Hildesheim teil. Es werden kindgerechte Filme geschaut, die vorher im Unterricht thematiesiert werden. Ein gro\u00dfer Spa\u00df f\u00fcr gro\u00df und klein!<\/p>\n<p><img loading=\"lazy\" decoding=\"async\" class=\"alignnone size-full wp-image-765\" src=\"https:\/\/wordpress.nibis.de\/dps-hi\/files\/2019\/04\/1B_2019_Kino.jpg\" alt=\"\" width=\"900\" height=\"675\" srcset=\"https:\/\/wordpress.nibis.de\/dps-hi\/files\/2019\/04\/1B_2019_Kino.jpg 900w, https:\/\/wordpress.nibis.de\/dps-hi\/files\/2019\/04\/1B_2019_Kino-768x576.jpg 768w, https:\/\/wordpress.nibis.de\/dps-hi\/files\/2019\/04\/1B_2019_Kino-800x600.jpg 800w\" sizes=\"auto, (max-width: 900px) 100vw, 900px\" \/><\/p>\n","protected":false},"excerpt":{"rendered":"<p>Jedes Jahr nehmen viele Klassen der Didrik-Pining-Schule an der Kinowoche im Thega in Hildesheim teil. Es werden kindgerechte Filme geschaut, die vorher im Unterricht thematiesiert werden. Ein gro\u00dfer Spa\u00df f\u00fcr gro\u00df und klein!<\/p>\n","protected":false},"author":9192772,"featured_media":0,"parent":107,"menu_order":7,"comment_status":"closed","ping_status":"closed","template":"","meta":{"footnotes":""},"class_list":["post-433","page","type-page","status-publish","hentry","without-featured-image"],"_links":{"self":[{"href":"https:\/\/wordpress.nibis.de\/dps-hi\/index.php?rest_route=\/wp\/v2\/pages\/433","targetHints":{"allow":["GET"]}}],"collection":[{"href":"https:\/\/wordpress.nibis.de\/dps-hi\/index.php?rest_route=\/wp\/v2\/pages"}],"about":[{"href":"https:\/\/wordpress.nibis.de\/dps-hi\/index.php?rest_route=\/wp\/v2\/types\/page"}],"author":[{"embeddable":true,"href":"https:\/\/wordpress.nibis.de\/dps-hi\/index.php?rest_route=\/wp\/v2\/users\/9192772"}],"replies":[{"embeddable":true,"href":"https:\/\/wordpress.nibis.de\/dps-hi\/index.php?rest_route=%2Fwp%2Fv2%2Fcomments&post=433"}],"version-history":[{"count":4,"href":"https:\/\/wordpress.nibis.de\/dps-hi\/index.php?rest_route=\/wp\/v2\/pages\/433\/revisions"}],"predecessor-version":[{"id":767,"href":"https:\/\/wordpress.nibis.de\/dps-hi\/index.php?rest_route=\/wp\/v2\/pages\/433\/revisions\/767"}],"up":[{"embeddable":true,"href":"https:\/\/wordpress.nibis.de\/dps-hi\/index.php?rest_route=\/wp\/v2\/pages\/107"}],"wp:attachment":[{"href":"https:\/\/wordpress.nibis.de\/dps-hi\/index.php?rest_route=%2Fwp%2Fv2%2Fmedia&parent=433"}],"curies":[{"name":"wp","href":"https:\/\/api.w.org\/{rel}","templated":true}]}}