{"id":443,"date":"2018-12-09T02:02:28","date_gmt":"2018-12-09T01:02:28","guid":{"rendered":"http:\/\/wordpress.nibis.de\/dps-hi\/?page_id=443"},"modified":"2018-12-09T02:02:28","modified_gmt":"2018-12-09T01:02:28","slug":"tfn-weihnachtsmaerchen","status":"publish","type":"page","link":"https:\/\/wordpress.nibis.de\/dps-hi\/?page_id=443","title":{"rendered":"TfN Weihnachtsm\u00e4rchen"},"content":{"rendered":"<p style=\"text-align: justify\">Jedes Jahr besuchen viele Klassen der Didrik-Pining-Schule ein Weihnachtsm\u00e4rchen im TfN (Theater f\u00fcr Niedersachsen). Dazu wird im Unterricht vorher der Inhalt des St\u00fcckes gelesen und besprochen, szenisch umgesetzt uvm. Den kr\u00f6nenden Abschluss dieser Unterrichtseinheiten bildet dann der Besuch der Theatervorf\u00fchrung. Mit Begeisterung feuern die Kinder die Hauptfiguren an und lachen herzlich \u00fcber die Sp\u00e4\u00dfe. Der Theaterbesuch leistet einen wichtigen Beitrag zur Teilhabe am kulturellen Leben.<\/p>\n","protected":false},"excerpt":{"rendered":"<p>Jedes Jahr besuchen viele Klassen der Didrik-Pining-Schule ein Weihnachtsm\u00e4rchen im TfN (Theater f\u00fcr Niedersachsen). Dazu wird im Unterricht vorher der Inhalt des St\u00fcckes gelesen und besprochen, szenisch umgesetzt uvm. Den kr\u00f6nenden Abschluss dieser Unterrichtseinheiten bildet dann der Besuch der Theatervorf\u00fchrung. Mit Begeisterung feuern die Kinder die Hauptfiguren an und lachen herzlich \u00fcber die Sp\u00e4\u00dfe. Der &hellip; <a href=\"https:\/\/wordpress.nibis.de\/dps-hi\/?page_id=443\" class=\"more-link\">Weiterlesen <span class=\"screen-reader-text\">TfN Weihnachtsm\u00e4rchen<\/span><\/a><\/p>\n","protected":false},"author":9192772,"featured_media":0,"parent":107,"menu_order":9,"comment_status":"closed","ping_status":"closed","template":"","meta":{"footnotes":""},"class_list":["post-443","page","type-page","status-publish","hentry","without-featured-image"],"_links":{"self":[{"href":"https:\/\/wordpress.nibis.de\/dps-hi\/index.php?rest_route=\/wp\/v2\/pages\/443","targetHints":{"allow":["GET"]}}],"collection":[{"href":"https:\/\/wordpress.nibis.de\/dps-hi\/index.php?rest_route=\/wp\/v2\/pages"}],"about":[{"href":"https:\/\/wordpress.nibis.de\/dps-hi\/index.php?rest_route=\/wp\/v2\/types\/page"}],"author":[{"embeddable":true,"href":"https:\/\/wordpress.nibis.de\/dps-hi\/index.php?rest_route=\/wp\/v2\/users\/9192772"}],"replies":[{"embeddable":true,"href":"https:\/\/wordpress.nibis.de\/dps-hi\/index.php?rest_route=%2Fwp%2Fv2%2Fcomments&post=443"}],"version-history":[{"count":1,"href":"https:\/\/wordpress.nibis.de\/dps-hi\/index.php?rest_route=\/wp\/v2\/pages\/443\/revisions"}],"predecessor-version":[{"id":444,"href":"https:\/\/wordpress.nibis.de\/dps-hi\/index.php?rest_route=\/wp\/v2\/pages\/443\/revisions\/444"}],"up":[{"embeddable":true,"href":"https:\/\/wordpress.nibis.de\/dps-hi\/index.php?rest_route=\/wp\/v2\/pages\/107"}],"wp:attachment":[{"href":"https:\/\/wordpress.nibis.de\/dps-hi\/index.php?rest_route=%2Fwp%2Fv2%2Fmedia&parent=443"}],"curies":[{"name":"wp","href":"https:\/\/api.w.org\/{rel}","templated":true}]}}